{"id":6836,"date":"2025-04-21T10:25:46","date_gmt":"2025-04-21T08:25:46","guid":{"rendered":"https:\/\/fanti.hypefarm-test.it\/the-group\/"},"modified":"2025-05-29T12:53:33","modified_gmt":"2025-05-29T10:53:33","slug":"el-grupo","status":"publish","type":"page","link":"https:\/\/fanti.hypefarm-test.it\/es\/el-grupo\/","title":{"rendered":"El Grupo"},"content":{"rendered":"<div class=\"wpb-content-wrapper\"><p>[vc_row full_width=\u00bbstretch_row_content\u00bb][vc_column width=\u00bb1\/4&#8243;][\/vc_column][vc_column width=\u00bb1\/4&#8243; offset=\u00bbvc_col-xs-6&#8243;][vc_single_image image=\u00bb6354&#8243; img_size=\u00bbfull\u00bb alignment=\u00bbcenter\u00bb onclick=\u00bbcustom_link\u00bb css=\u00bb\u00bb link=\u00bbhttps:\/\/www.fantipackaging.com\/usa\/\u00bb el_class=\u00bbluccichio\u00bb][\/vc_column][vc_column width=\u00bb1\/4&#8243; offset=\u00bbvc_col-xs-6&#8243;][vc_single_image image=\u00bb6356&#8243; img_size=\u00bbfull\u00bb alignment=\u00bbcenter\u00bb onclick=\u00bbcustom_link\u00bb css=\u00bb\u00bb link=\u00bbhttps:\/\/www.fantipackaging.com\/europe\/\u00bb el_class=\u00bbluccichio\u00bb][\/vc_column][vc_column width=\u00bb1\/4&#8243;][\/vc_column][\/vc_row][vc_row][vc_column el_class=\u00bbmini-shrinkcentro hover-h1&#8243;][vc_column_text css=\u00bb.vc_custom_1745502046474{margin-bottom: 15px !important;}\u00bb]<\/p>\n<h1><img loading=\"lazy\" decoding=\"async\" class=\"wp-image-6343 aligncenter\" src=\"\/wp-content\/uploads\/2025\/04\/01ic.png\" alt=\"\" width=\"50\" height=\"50\" \/><\/h1>\n<h1 style=\"text-align: center;\">EL GRUPO<\/h1>\n<p>[\/vc_column_text][vc_separator color=\u00bbcustom\u00bb border_width=\u00bb10&#8243; el_width=\u00bb40&#8243; css_animation=\u00bbappear\u00bb css=\u00bb.vc_custom_1747303744693{margin-bottom: 50px !important;}\u00bb accent_color=\u00bb#0E7A3F\u00bb][vc_column_text css=\u00bb.vc_custom_1745502053642{padding-top: 40px !important;padding-bottom: 40px !important;}\u00bb]<\/p>\n<div class=\"module module-text tb_6u7o862 hide-tablet hide-mobile\">\n<div class=\"tb_text_wrap\">\n<div class=\"module module-text tb_6u7o862 hide-tablet hide-mobile\">\n<div class=\"tb_text_wrap\">\n<p>Fanti Packaging es un grupo de referencia internacional en el mundo del\u00a0<strong>envasado industrial<\/strong>. Con una s\u00f3lida especializaci\u00f3n en la producci\u00f3n de\u00a0<strong>envases en metal, en pl\u00e1stico e h\u00edbridos<\/strong>, nos comprometemos a proporcionar soluciones estudiadas para responder a los requerimientos de variados sectores, garantizando los mejores rendimientos en cuanto a seguridad y fiabilidad. Establecidos en Casalecchio di Reno (Bolonia, Italia) desde hace\u00a0<strong>m\u00e1s de 70 a\u00f1os<\/strong>, Fanti Packaging opera a escala global con una presencia consolidada en m\u00e1s de 50 pa\u00edses y con establecimientos capaces de garantizar un servicio puntual y personalizado.<\/p>\n<\/div>\n<\/div>\n<div class=\"module_subrow themify_builder_sub_row tf_w col_align_top tb_col_count_2 tb_s152159 hide-tablet hide-mobile\">\n<div class=\"module_column sub_column col4-2 tb_je28288 first\">\n<div class=\"module module-text tb_hxhv288\">\n<div class=\"tb_text_wrap\"><\/div>\n<\/div>\n<\/div>\n<\/div>\n<\/div>\n<\/div>\n<div class=\"module_subrow themify_builder_sub_row tf_w col_align_top tb_col_count_2 tb_s152159 hide-tablet hide-mobile\">\n<div class=\"module_column sub_column col4-2 tb_je28288 first\">\n<div class=\"module module-text tb_hxhv288\">\n<div class=\"tb_text_wrap\"><\/div>\n<\/div>\n<\/div>\n<\/div>\n<p>[\/vc_column_text][\/vc_column][\/vc_row][vc_row full_width=\u00bbstretch_row_content_no_spaces\u00bb gap=\u00bb30&#8243; css=\u00bb.vc_custom_1744809923388{padding-top: 70px !important;padding-bottom: 70px !important;}\u00bb][vc_column width=\u00bb1\/12&#8243;][\/vc_column][vc_column width=\u00bb5\/12&#8243; el_class=\u00bbmini-shrinkdx hover-h1&#8243;][vc_column_text css=\u00bb.vc_custom_1746517003970{margin-bottom: 15px !important;}\u00bb]<\/p>\n<h1><img loading=\"lazy\" decoding=\"async\" class=\"luccichio alignleft\" src=\"\/wp-content\/uploads\/2025\/04\/ic01.png\" alt=\"\" width=\"80\" height=\"70\" \/><\/h1>\n<h1>QUI\u00c9NES SOMOS<\/h1>\n<p>[\/vc_column_text][vc_separator color=\u00bbcustom\u00bb border_width=\u00bb10&#8243; css_animation=\u00bbfadeInLeft\u00bb css=\u00bb.vc_custom_1747303756230{margin-bottom: 50px !important;}\u00bb accent_color=\u00bb#0E7A3F\u00bb][vc_column_text css=\u00bb.vc_custom_1745502099385{padding-top: 40px !important;padding-bottom: 40px !important;}\u00bb]<\/p>\n<div class=\"module module-text tb_bxpl288\">\n<div class=\"tb_text_wrap\">\n<div class=\"module module-text tb_bxpl288\">\n<div class=\"tb_text_wrap\">\n<p>Fanti Packaging es un grupo de\u00a0<strong>alma familiar<\/strong>\u00a0que se diferencia por una\u00a0<strong>visi\u00f3n global<\/strong>\u00a0del \u201chacer industria\u201d. Nuestra sede se encuentra en Casalecchio di Reno (Bolonia, Italia), donde naci\u00f3 nuestra empresa en\u00a0<strong>1948<\/strong>\u00a0gracias a la previsi\u00f3n de\u00a0<strong>Giorgio Fanti<\/strong>, que convirti\u00f3 las latas de aluminio en envases para el sector qu\u00edmico. De entonces a hoy, lo que era una peque\u00f1a empresa local ha ido creciendo y desarroll\u00e1ndose, convirti\u00e9ndose en todos los aspectos en una peque\u00f1a multinacional.<\/p>\n<\/div>\n<\/div>\n<div class=\"module module-buttons tb_vv2e288 buttons-horizontal solid large\">\n<div class=\"module-buttons-item tf_in_flx\"><\/div>\n<\/div>\n<\/div>\n<\/div>\n<div class=\"module module-buttons tb_vv2e288 buttons-horizontal solid large\">\n<div class=\"module-buttons-item tf_in_flx\"><\/div>\n<\/div>\n<p>[\/vc_column_text]<style type=\"text\/css\" data-type=\"the7_shortcodes-inline-css\">#default-btn-18aab87bf3a2e5475515f27f4b4d4d1e.ico-right-side > i {\n  margin-right: 0px;\n  margin-left: 8px;\n}\n#default-btn-18aab87bf3a2e5475515f27f4b4d4d1e > i {\n  margin-right: 8px;\n}\n<\/style><a href=\"\/es\/quienes-somos\/\" class=\"default-btn-shortcode dt-btn dt-btn-l zoomIn animate-element animation-builder link-hover-off btn-inline-right \" id=\"default-btn-18aab87bf3a2e5475515f27f4b4d4d1e\" title=\"Las Personas\"><span>Descubra m\u00e1s<\/span><\/a>[\/vc_column][vc_column width=\u00bb1\/2&#8243; css=\u00bb.vc_custom_1745219091840{padding-left: 0px !important;}\u00bb el_class=\u00bbcolumnroundssx\u00bb][vc_single_image image=\u00bb6398&#8243; img_size=\u00bbfull\u00bb alignment=\u00bbcenter\u00bb style=\u00bbvc_box_rounded\u00bb css=\u00bb.vc_custom_1746452812987{border-radius: 35px !important;}\u00bb el_class=\u00bbroundsx colore\u00bb][\/vc_column][\/vc_row][vc_row full_width=\u00bbstretch_row_content_no_spaces\u00bb gap=\u00bb30&#8243; css=\u00bb.vc_custom_1745222901372{padding-top: 70px !important;padding-bottom: 70px !important;}\u00bb el_class=\u00bbswap-on-mobile\u00bb][vc_column width=\u00bb1\/2&#8243; css=\u00bb.vc_custom_1745219077547{padding-left: 0px !important;}\u00bb el_class=\u00bbcolumnroundsdx\u00bb][vc_single_image image=\u00bb6400&#8243; img_size=\u00bbfull\u00bb alignment=\u00bbcenter\u00bb style=\u00bbvc_box_rounded\u00bb css=\u00bb.vc_custom_1746452803056{border-radius: 35px !important;}\u00bb el_class=\u00bbrounddx colore\u00bb][\/vc_column][vc_column width=\u00bb5\/12&#8243; el_class=\u00bbmini-shrinksx hover-h1&#8243;][vc_column_text css=\u00bb.vc_custom_1746517014957{margin-bottom: 15px !important;}\u00bb]<\/p>\n<h1 style=\"text-align: right;\">NUESTROS VALORES<img loading=\"lazy\" decoding=\"async\" class=\"alignright luccichio\" src=\"\/wp-content\/uploads\/2025\/04\/ic02.png\" alt=\"\" width=\"56\" height=\"50\" \/><\/h1>\n<p>[\/vc_column_text][vc_separator color=\u00bbcustom\u00bb border_width=\u00bb10&#8243; css_animation=\u00bbfadeInRight\u00bb css=\u00bb.vc_custom_1747303763670{margin-bottom: 50px !important;}\u00bb accent_color=\u00bb#0E7A3F\u00bb][vc_column_text css=\u00bb.vc_custom_1745502144145{padding-top: 40px !important;padding-bottom: 40px !important;}\u00bb]<\/p>\n<div class=\"module module-text tb_wjqp946\">\n<div class=\"tb_text_wrap\">\n<div class=\"module module-text tb_wjqp946\">\n<div class=\"tb_text_wrap\">\n<p>Estamos construyendo el futuro de Fanti Packaging sobre los cimientos de nuestra historia y sobre la base de innovaci\u00f3n en 360 grados. Por ello nuestras actividades reflejan los\u00a0<strong>valores profundos<\/strong>\u00a0en los que creemos y que nos permiten perseguir<strong>\u00a0nuestro lema \u201cFamily Soul, Global Vision<\/strong>\u201d.<\/p>\n<\/div>\n<\/div>\n<div class=\"module module-buttons tb_zqck946 buttons-horizontal solid large\">\n<div class=\"module-buttons-item tf_in_flx\"><\/div>\n<\/div>\n<\/div>\n<\/div>\n<div class=\"module module-buttons tb_zqck946 buttons-horizontal solid large\">\n<div class=\"module-buttons-item tf_in_flx\"><\/div>\n<\/div>\n<p>[\/vc_column_text]<style type=\"text\/css\" data-type=\"the7_shortcodes-inline-css\">#default-btn-870929da7c63017cc69c94674922f306.ico-right-side > i {\n  margin-right: 0px;\n  margin-left: 8px;\n}\n#default-btn-870929da7c63017cc69c94674922f306 > i {\n  margin-right: 8px;\n}\n<\/style><a href=\"\/es\/nuestros-valores\/\" class=\"default-btn-shortcode dt-btn dt-btn-l zoomIn animate-element animation-builder link-hover-off btn-inline-right \" id=\"default-btn-870929da7c63017cc69c94674922f306\" title=\"Nuestros Envases\"><span>Descubra m\u00e1s<\/span><\/a>[\/vc_column][vc_column width=\u00bb1\/12&#8243;][\/vc_column][\/vc_row][vc_row full_width=\u00bbstretch_row_content_no_spaces\u00bb gap=\u00bb30&#8243; css=\u00bb.vc_custom_1744809923388{padding-top: 70px !important;padding-bottom: 70px !important;}\u00bb][vc_column width=\u00bb1\/12&#8243;][\/vc_column][vc_column width=\u00bb5\/12&#8243; el_class=\u00bbmini-shrinkdx hover-h1&#8243;][vc_column_text css=\u00bb.vc_custom_1746517023614{margin-bottom: 15px !important;}\u00bb]<\/p>\n<h1><img loading=\"lazy\" decoding=\"async\" class=\"luccichio alignleft\" src=\"\/wp-content\/uploads\/2025\/04\/ic03.png\" alt=\"\" width=\"81\" height=\"56\" \/><\/h1>\n<h1>NUESTRA HISTORIA<\/h1>\n<p>[\/vc_column_text][vc_separator color=\u00bbcustom\u00bb border_width=\u00bb10&#8243; css_animation=\u00bbfadeInLeft\u00bb css=\u00bb.vc_custom_1747303781317{margin-bottom: 50px !important;}\u00bb accent_color=\u00bb#0E7A3F\u00bb][vc_column_text css=\u00bb.vc_custom_1745502162041{padding-top: 40px !important;padding-bottom: 40px !important;}\u00bb]<\/p>\n<div class=\"module module-text tb_rifw294\">\n<div class=\"tb_text_wrap\">\n<p>\u201c<strong><em>Desde un garaje al mundo entero<\/em><\/strong>\u201d: es esta la s\u00edntesis de la historia de Fanti Packaging, hoy una peque\u00f1a multinacional que surge en Bolonia alrededor de los a\u00f1os cincuenta (<strong>1948<\/strong>) de una idea previsora del fundador,\u00a0<strong>Giorgio Fanti<\/strong>. Durante la Segunda Guerra Mundial, los americanos dejaron alimentos a los italianos, incluidas latas de carne que quedaban vac\u00edas en el suelo: Giorgio Fanti las recogi\u00f3 y tuvo la intuici\u00f3n de darles una segunda vida, convirti\u00e9ndolas en envases para el sector qu\u00edmico.<\/p>\n<\/div>\n<\/div>\n<div class=\"module module-buttons tb_ajft294 buttons-horizontal solid large\">\n<div class=\"module-buttons-item tf_in_flx\"><\/div>\n<\/div>\n<p>[\/vc_column_text]<style type=\"text\/css\" data-type=\"the7_shortcodes-inline-css\">#default-btn-e27d0a5ba91513b9215e31a809cd9f22.ico-right-side > i {\n  margin-right: 0px;\n  margin-left: 8px;\n}\n#default-btn-e27d0a5ba91513b9215e31a809cd9f22 > i {\n  margin-right: 8px;\n}\n<\/style><a href=\"\/es\/nuestra-historia\/\" class=\"default-btn-shortcode dt-btn dt-btn-l zoomIn animate-element animation-builder link-hover-off btn-inline-right \" id=\"default-btn-e27d0a5ba91513b9215e31a809cd9f22\" title=\"Nuestra Historia\"><span>Descubra m\u00e1s<\/span><\/a>[\/vc_column][vc_column width=\u00bb1\/2&#8243; css=\u00bb.vc_custom_1745219091840{padding-left: 0px !important;}\u00bb el_class=\u00bbcolumnroundssx\u00bb][vc_single_image image=\u00bb6375&#8243; img_size=\u00bbfull\u00bb alignment=\u00bbcenter\u00bb style=\u00bbvc_box_rounded\u00bb css=\u00bb.vc_custom_1746452808595{border-radius: 35px !important;}\u00bb el_class=\u00bbroundsx bandw\u00bb][\/vc_column][\/vc_row]<\/p>\n<\/div>","protected":false},"excerpt":{"rendered":"<p>[vc_row full_width=\u00bbstretch_row_content\u00bb][vc_column width=\u00bb1\/4&#8243;][\/vc_column][vc_column width=\u00bb1\/4&#8243; offset=\u00bbvc_col-xs-6&#8243;][vc_single_image image=\u00bb6354&#8243; img_size=\u00bbfull\u00bb alignment=\u00bbcenter\u00bb onclick=\u00bbcustom_link\u00bb css=\u00bb\u00bb link=\u00bbhttps:\/\/www.fantipackaging.com\/usa\/\u00bb el_class=\u00bbluccichio\u00bb][\/vc_column][vc_column width=\u00bb1\/4&#8243; offset=\u00bbvc_col-xs-6&#8243;][vc_single_image image=\u00bb6356&#8243; img_size=\u00bbfull\u00bb alignment=\u00bbcenter\u00bb onclick=\u00bbcustom_link\u00bb css=\u00bb\u00bb link=\u00bbhttps:\/\/www.fantipackaging.com\/europe\/\u00bb el_class=\u00bbluccichio\u00bb][\/vc_column][vc_column width=\u00bb1\/4&#8243;][\/vc_column][\/vc_row][vc_row][vc_column el_class=\u00bbmini-shrinkcentro hover-h1&#8243;][vc_column_text css=\u00bb.vc_custom_1745502046474{margin-bottom: 15px !important;}\u00bb] EL GRUPO [\/vc_column_text][vc_separator color=\u00bbcustom\u00bb border_width=\u00bb10&#8243; el_width=\u00bb40&#8243; css_animation=\u00bbappear\u00bb css=\u00bb.vc_custom_1747303744693{margin-bottom: 50px !important;}\u00bb accent_color=\u00bb#0E7A3F\u00bb][vc_column_text css=\u00bb.vc_custom_1745502053642{padding-top: 40px !important;padding-bottom: 40px !important;}\u00bb] Fanti Packaging es un grupo de referencia internacional en el mundo del\u00a0envasado<\/p>\n","protected":false},"author":1,"featured_media":0,"parent":0,"menu_order":0,"comment_status":"closed","ping_status":"closed","template":"","meta":{"cybocfi_hide_featured_image":"","footnotes":""},"categories":[],"tags":[],"class_list":["post-6836","page","type-page","status-publish","hentry","description-off"],"_links":{"self":[{"href":"https:\/\/fanti.hypefarm-test.it\/es\/wp-json\/wp\/v2\/pages\/6836","targetHints":{"allow":["GET"]}}],"collection":[{"href":"https:\/\/fanti.hypefarm-test.it\/es\/wp-json\/wp\/v2\/pages"}],"about":[{"href":"https:\/\/fanti.hypefarm-test.it\/es\/wp-json\/wp\/v2\/types\/page"}],"author":[{"embeddable":true,"href":"https:\/\/fanti.hypefarm-test.it\/es\/wp-json\/wp\/v2\/users\/1"}],"replies":[{"embeddable":true,"href":"https:\/\/fanti.hypefarm-test.it\/es\/wp-json\/wp\/v2\/comments?post=6836"}],"version-history":[{"count":9,"href":"https:\/\/fanti.hypefarm-test.it\/es\/wp-json\/wp\/v2\/pages\/6836\/revisions"}],"predecessor-version":[{"id":8506,"href":"https:\/\/fanti.hypefarm-test.it\/es\/wp-json\/wp\/v2\/pages\/6836\/revisions\/8506"}],"wp:attachment":[{"href":"https:\/\/fanti.hypefarm-test.it\/es\/wp-json\/wp\/v2\/media?parent=6836"}],"wp:term":[{"taxonomy":"category","embeddable":true,"href":"https:\/\/fanti.hypefarm-test.it\/es\/wp-json\/wp\/v2\/categories?post=6836"},{"taxonomy":"post_tag","embeddable":true,"href":"https:\/\/fanti.hypefarm-test.it\/es\/wp-json\/wp\/v2\/tags?post=6836"}],"curies":[{"name":"wp","href":"https:\/\/api.w.org\/{rel}","templated":true}]}}