{"id":6841,"date":"2025-04-21T10:31:33","date_gmt":"2025-04-21T08:31:33","guid":{"rendered":"https:\/\/fanti.hypefarm-test.it\/about-us\/"},"modified":"2025-05-15T12:14:03","modified_gmt":"2025-05-15T10:14:03","slug":"quienes-somos","status":"publish","type":"page","link":"https:\/\/fanti.hypefarm-test.it\/es\/quienes-somos\/","title":{"rendered":"Qui\u00e9nes Somos"},"content":{"rendered":"<div class=\"wpb-content-wrapper\"><p>[vc_row full_width=\u00bbstretch_row_content\u00bb el_class=\u00bbtopimage\u00bb css=\u00bb.vc_custom_1745224266043{background-image: url(https:\/\/fanti.hypefarm-test.it\/wp-content\/uploads\/2025\/04\/Senza-titolo-3.jpg?id=6410) !important;}\u00bb][vc_column][vc_empty_space][\/vc_column][\/vc_row][vc_row css=\u00bb.vc_custom_1745224600624{padding-top: 40px !important;padding-bottom: 40px !important;}\u00bb][vc_column el_class=\u00bbmini-shrinkcentro hover-h1&#8243;][vc_column_text css=\u00bb.vc_custom_1745502345927{margin-bottom: 15px !important;}\u00bb]<\/p>\n<h1><img loading=\"lazy\" decoding=\"async\" class=\"wp-image-6396 aligncenter\" src=\"\/wp-content\/uploads\/2025\/04\/ic01.png\" alt=\"\" width=\"50\" height=\"50\" \/><\/h1>\n<h1 style=\"text-align: center;\">QUI\u00c9NES SOMOS<\/h1>\n<p>[\/vc_column_text][vc_separator color=\u00bbcustom\u00bb border_width=\u00bb10&#8243; el_width=\u00bb40&#8243; css_animation=\u00bbappear\u00bb css=\u00bb.vc_custom_1747303872492{margin-bottom: 50px !important;}\u00bb accent_color=\u00bb#0E7A3F\u00bb][vc_column_text css=\u00bb.vc_custom_1745502352863{padding-top: 40px !important;padding-bottom: 40px !important;}\u00bb]<\/p>\n<div class=\"module module-text tb_qx25506 hide-tablet hide-mobile\">\n<div class=\"tb_text_wrap\">\n<div class=\"module module-text tb_qx25506 hide-tablet hide-mobile\">\n<div class=\"tb_text_wrap\">\n<p>Fanti Packaging es un grupo de\u00a0<strong>alma familiar<\/strong>\u00a0que se diferencia por una\u00a0<strong>visi\u00f3n global<\/strong>\u00a0del \u201chacer industria\u201d. Nuestra sede se encuentra en Casalecchio di Reno (Bolonia, Italia), donde naci\u00f3 nuestra empresa en\u00a0<strong>1948<\/strong>\u00a0gracias a la previsi\u00f3n de\u00a0<strong>Giorgio Fanti<\/strong>, que convirti\u00f3 las latas de aluminio en envases para el sector qu\u00edmico. De entonces a hoy, lo que era una peque\u00f1a empresa local ha ido creciendo y desarroll\u00e1ndose, convirti\u00e9ndose en todos los aspectos en una peque\u00f1a multinacional.<\/p>\n<\/div>\n<\/div>\n<div class=\"module_subrow themify_builder_sub_row tf_w col_align_top tb_col_count_2 tb_bvyd674 hide-tablet hide-mobile\">\n<div class=\"module_column sub_column col4-2 tb_9n5d675 first\">\n<div class=\"module module-text tb_unq6577\">\n<div class=\"tb_text_wrap\"><\/div>\n<\/div>\n<\/div>\n<\/div>\n<\/div>\n<\/div>\n<div class=\"module_subrow themify_builder_sub_row tf_w col_align_top tb_col_count_2 tb_bvyd674 hide-tablet hide-mobile\">\n<div class=\"module_column sub_column col4-2 tb_9n5d675 first\">\n<div class=\"module module-text tb_unq6577\">\n<div class=\"tb_text_wrap\"><\/div>\n<\/div>\n<\/div>\n<\/div>\n<p>[\/vc_column_text][\/vc_column][\/vc_row][vc_row equal_height=\u00bbyes\u00bb css=\u00bb.vc_custom_1745225346972{padding-bottom: 60px !important;}\u00bb][vc_column width=\u00bb1\/2&#8243; el_class=\u00bbgreenborderdx\u00bb][vc_column_text css=\u00bb\u00bb]<\/p>\n<h3 style=\"text-align: right;\"><strong>NUESTRA VISI\u00d3N<\/strong><\/h3>\n<p>[\/vc_column_text][vc_separator color=\u00bbcustom\u00bb border_width=\u00bb10&#8243; css_animation=\u00bbfadeInLeft\u00bb css=\u00bb.vc_custom_1747303832116{margin-bottom: 50px !important;}\u00bb accent_color=\u00bb#0E7A3F\u00bb][vc_column_text css=\u00bb\u00bb]<\/p>\n<h4 style=\"text-align: right;\"><span style=\"color: #0d733b;\">ACCI\u00d3N GLOBAL, ESTRATEGIA LOCAL:<br \/>\nLA INTERNACIONALIZACI\u00d3N DE FANTI PACKAGING<\/span><\/h4>\n<p>[\/vc_column_text][\/vc_column][vc_column width=\u00bb1\/2&#8243;][vc_column_text css=\u00bb\u00bb]<\/p>\n<div class=\"module_subrow themify_builder_sub_row tf_w col_align_top tb_col_count_2 tb_bvyd674 hide-tablet hide-mobile\">\n<div class=\"module_column sub_column col4-2 tb_6jck675 last\">\n<div class=\"module module-text tb_5sie538\">\n<div class=\"tb_text_wrap\">\n<div class=\"module_subrow themify_builder_sub_row tf_w col_align_top tb_col_count_2 tb_bvyd674 hide-tablet hide-mobile\">\n<div class=\"module_column sub_column col4-2 tb_6jck675 last\">\n<div class=\"module module-text tb_5sie538\">\n<div class=\"tb_text_wrap\">\n<p>Fundada en Bolonia (Italia) en1948, Fanti Packaging se ha transformado pasando\u00a0<strong>de peque\u00f1a realidad local a ser peque\u00f1a multinacional<\/strong>, a trav\u00e9s de un trayecto de\u00a0<strong>crecimiento constante<\/strong>, marcado por\u00a0<strong>adquisiciones importantes\u00a0<\/strong>y por un\u00a0<strong>claro proceso de internacionalizaci\u00f3n<\/strong>.<br \/>\nHoy, gracias a la sinergia de numerosas filiales en el mundo y a m\u00e1s de 500 entre empleados y colaboradores, estamos presentesen las\u00a0<strong>principales plazas de Europa y Estados Unidos<\/strong>\u00a0<strong>de Am\u00e9rica<\/strong>\u00a0con una producci\u00f3n completamente interna de\u00a0<strong>m\u00e1s de 180 millones de unidades\/a\u00f1o<\/strong>\u00a0entre frascos, cubos y bidones de metal, pl\u00e1stico y materiales h\u00edbridos.<br \/>\nEsto nos permite unir una \u201c<strong>acci\u00f3n industrial global<\/strong>\u201d -individuando tendencias y cambios fundamentales en nuestro sector \u2013 a una\u00a0<strong>fuerte impronta territorial<\/strong>, adaptando nuestra visi\u00f3n a las din\u00e1micas espec\u00edficas de cada mercado y personalizando estrategias y acciones a fin de maximizar su eficacia y \u00e9xito.<\/p>\n<\/div>\n<\/div>\n<\/div>\n<\/div>\n<div class=\"module_subrow themify_builder_sub_row tf_w col_align_top tb_col_count_2 tb_d86w100 hide-tablet hide-mobile\">\n<div class=\"module_column sub_column col4-2 tb_2rly100 first\">\n<div class=\"module module-text tb_mh0t100\">\n<div class=\"tb_text_wrap\"><\/div>\n<\/div>\n<\/div>\n<\/div>\n<\/div>\n<\/div>\n<\/div>\n<\/div>\n<div class=\"module_subrow themify_builder_sub_row tf_w col_align_top tb_col_count_2 tb_d86w100 hide-tablet hide-mobile\">\n<div class=\"module_column sub_column col4-2 tb_2rly100 first\">\n<div class=\"module module-text tb_mh0t100\">\n<div class=\"tb_text_wrap\"><\/div>\n<\/div>\n<\/div>\n<\/div>\n<p>[\/vc_column_text][\/vc_column][\/vc_row][vc_row equal_height=\u00bbyes\u00bb el_class=\u00bbswap-on-mobile\u00bb css=\u00bb.vc_custom_1745225353126{padding-bottom: 60px !important;}\u00bb][vc_column width=\u00bb1\/2&#8243; el_class=\u00bbgreenborderdx\u00bb][vc_column_text css=\u00bb\u00bb]<\/p>\n<div class=\"module_column sub_column col4-2 tb_2rly100 first\">\n<div class=\"module module-text tb_mh0t100\">\n<div class=\"tb_text_wrap\">\n<div class=\"module_column sub_column col4-2 tb_2rly100 first\">\n<div class=\"module module-text tb_mh0t100\">\n<div class=\"tb_text_wrap\">\n<p>Desde sus or\u00edgenes, Fanti Packaging ha hecho de la\u00a0<strong>innovaci\u00f3n<\/strong>\u00a0su principal objetivo, transformando una lata de carne en un envase para pinturas y soluciones qu\u00edmicas.<br \/>\nEsta\u00a0<strong>capacidad de previsi\u00f3n<\/strong>\u00a0ha caracterizado la evoluci\u00f3n de la empresa, que ha sabido integrar tambi\u00e9n la\u00a0<strong>flexibilidad<\/strong>\u00a0entre sus misiones para obtener un crecimiento sustentable. Hoy Fanti Packaging es el interlocutor de numerosas entre las principales realidades del sector, gracias a la capacidad de\u00a0<strong>diversificar<\/strong>\u00a0su propia producci\u00f3n y de\u00a0<strong>personalizar<\/strong>\u00a0cada suministro, garantizando\u00a0<strong>elevados est\u00e1ndares de calidad<\/strong>\u00a0seg\u00fan criterios de respeto ambiental reconocidos a nivel internacional.<br \/>\nTales cualidades caracterizan tambi\u00e9n los\u00a0<strong>servicios<\/strong>\u00a0prestados a nuestros clientes,a los que asistimos con puntualidad respecto de cada requerimiento de consultor\u00eda y asistencia.<\/p>\n<\/div>\n<\/div>\n<\/div>\n<div class=\"module_column sub_column col4-2 tb_tvk0100 last\">\n<div class=\"module module-text tb_iug0100\">\n<div class=\"tb_text_wrap\"><\/div>\n<\/div>\n<\/div>\n<\/div>\n<\/div>\n<\/div>\n<div class=\"module_column sub_column col4-2 tb_tvk0100 last\">\n<div class=\"module module-text tb_iug0100\">\n<div class=\"tb_text_wrap\"><\/div>\n<\/div>\n<\/div>\n<p>[\/vc_column_text][\/vc_column][vc_column width=\u00bb1\/2&#8243;][vc_column_text css=\u00bb\u00bb]<\/p>\n<h3><strong>NUESTRA MISI\u00d3N<\/strong><\/h3>\n<p>[\/vc_column_text][vc_separator color=\u00bbcustom\u00bb border_width=\u00bb10&#8243; css_animation=\u00bbfadeInRight\u00bb css=\u00bb.vc_custom_1747303839468{margin-bottom: 50px !important;}\u00bb accent_color=\u00bb#0E7A3F\u00bb][vc_column_text css=\u00bb\u00bb]<\/p>\n<h4 style=\"text-align: left;\"><span style=\"color: #0d733b;\">INNOVACI\u00d3N, FLEXIBILIDAD, SUSTENABILIDAD<\/span><\/h4>\n<p>[\/vc_column_text][\/vc_column][\/vc_row][vc_row equal_height=\u00bbyes\u00bb css=\u00bb.vc_custom_1745225346972{padding-bottom: 60px !important;}\u00bb][vc_column width=\u00bb1\/2&#8243; el_class=\u00bbgreenborderdx\u00bb][vc_column_text css=\u00bb\u00bb]<\/p>\n<h3 style=\"text-align: right;\"><strong>\u00bfPOR QU\u00c9<\/strong> <strong>ELEGIR FANTI PACKAGING?<\/strong><\/h3>\n<p>[\/vc_column_text][vc_separator color=\u00bbcustom\u00bb border_width=\u00bb10&#8243; css_animation=\u00bbfadeInLeft\u00bb css=\u00bb.vc_custom_1747303856892{margin-bottom: 50px !important;}\u00bb accent_color=\u00bb#0E7A3F\u00bb][\/vc_column][vc_column width=\u00bb1\/2&#8243;][vc_column_text css=\u00bb\u00bb]<\/p>\n<ul class=\"custom-bullets\">\n<li class=\"zoom hover-green\"><strong>Experiencia comprobada<\/strong>: con a\u00f1os de experiencia en el sector, garantizamos soluciones de envasado de primer nivel y alta calidad.<\/li>\n<li class=\"zoom hover-green\"><strong>Personalizaci\u00f3n<\/strong>: cada producto es dise\u00f1ado a la medida para satisfacer los requerimientos espec\u00edficos de nuestros clientes.<\/li>\n<li class=\"zoom hover-green\"><strong>Innovaci\u00f3n continua<\/strong>: permanecemos al d\u00eda con las \u00faltimas tendencias y tecnolog\u00edas en el sector del envasado para ofrecer soluciones de vanguardia.<\/li>\n<li class=\"zoom hover-green\"><strong>Compromiso ambiental<\/strong>: estamos conscientes de nuestra responsabilidad respecto del ambiente y trabajamos constantemente a fin de reducir el impacto ambiental de nuestros productos.\n<div id=\"body\" class=\"tf_clearfix\">\n<div id=\"layout\" class=\"pagewidth tf_box tf_clearfix\">\n<div id=\"page-3520\" class=\"type-page\">\n<div class=\"page-content entry-content\">\n<div id=\"themify_builder_content-3520\" class=\"themify_builder_content themify_builder_content-3520 themify_builder tf_clear\" data-postid=\"3520\">\n<div class=\"module_row themify_builder_row fullwidth_row_container tb_8c5b009 tf_w\" data-css_id=\"8c5b009\" data-fullwidth-done=\"1\">\n<div class=\"row_inner col_align_top tb_col_count_1 tf_box tf_rel\">\n<div class=\"module_column tb-column col-full tb_pj5a800 first\">\n<div class=\"module_subrow themify_builder_sub_row tf_w col_align_top tb_col_count_1 tb_z8c2800\">\n<div class=\"module_column sub_column col-full tb_hat4060 first\">\n<div class=\"module_subrow themify_builder_sub_row tf_w col_align_top tb_col_count_2 tb_akfs977 hide-tablet hide-mobile\">\n<div class=\"module_column sub_column col-full tb_ywyj769 last\">\n<div class=\"module module-text tb_rn60769\">\n<div class=\"tb_text_wrap\"><\/div>\n<\/div>\n<\/div>\n<\/div>\n<div class=\"module_subrow themify_builder_sub_row tf_w col_align_top tb_col_count_1 tb_pv5y252 hide-desktop hide-tablet_landscape\"><\/div>\n<div class=\"module_subrow themify_builder_sub_row tf_w col_align_top tb_col_count_1 tb_jqd1101 hide-desktop hide-tablet_landscape\"><\/div>\n<div class=\"module_subrow themify_builder_sub_row tf_w col_align_top tb_col_count_1 tb_oxdk918 hide-desktop hide-tablet_landscape\"><\/div>\n<\/div>\n<\/div>\n<\/div>\n<\/div>\n<\/div>\n<\/div>\n<\/div>\n<\/div>\n<\/div>\n<\/div>\n<\/li>\n<\/ul>\n<p>[\/vc_column_text][\/vc_column][\/vc_row]<\/p>\n<\/div>","protected":false},"excerpt":{"rendered":"<p>[vc_row full_width=\u00bbstretch_row_content\u00bb el_class=\u00bbtopimage\u00bb css=\u00bb.vc_custom_1745224266043{background-image: url(https:\/\/fanti.hypefarm-test.it\/wp-content\/uploads\/2025\/04\/Senza-titolo-3.jpg?id=6410) !important;}\u00bb][vc_column][vc_empty_space][\/vc_column][\/vc_row][vc_row css=\u00bb.vc_custom_1745224600624{padding-top: 40px !important;padding-bottom: 40px !important;}\u00bb][vc_column el_class=\u00bbmini-shrinkcentro hover-h1&#8243;][vc_column_text css=\u00bb.vc_custom_1745502345927{margin-bottom: 15px !important;}\u00bb] QUI\u00c9NES SOMOS [\/vc_column_text][vc_separator color=\u00bbcustom\u00bb border_width=\u00bb10&#8243; el_width=\u00bb40&#8243; css_animation=\u00bbappear\u00bb css=\u00bb.vc_custom_1747303872492{margin-bottom: 50px !important;}\u00bb accent_color=\u00bb#0E7A3F\u00bb][vc_column_text css=\u00bb.vc_custom_1745502352863{padding-top: 40px !important;padding-bottom: 40px !important;}\u00bb] Fanti Packaging es un grupo de\u00a0alma familiar\u00a0que se diferencia por una\u00a0visi\u00f3n global\u00a0del \u201chacer industria\u201d. Nuestra sede se encuentra en Casalecchio di Reno (Bolonia,<\/p>\n","protected":false},"author":1,"featured_media":0,"parent":0,"menu_order":0,"comment_status":"closed","ping_status":"closed","template":"","meta":{"cybocfi_hide_featured_image":"","footnotes":""},"categories":[],"tags":[],"class_list":["post-6841","page","type-page","status-publish","hentry","description-off"],"_links":{"self":[{"href":"https:\/\/fanti.hypefarm-test.it\/es\/wp-json\/wp\/v2\/pages\/6841","targetHints":{"allow":["GET"]}}],"collection":[{"href":"https:\/\/fanti.hypefarm-test.it\/es\/wp-json\/wp\/v2\/pages"}],"about":[{"href":"https:\/\/fanti.hypefarm-test.it\/es\/wp-json\/wp\/v2\/types\/page"}],"author":[{"embeddable":true,"href":"https:\/\/fanti.hypefarm-test.it\/es\/wp-json\/wp\/v2\/users\/1"}],"replies":[{"embeddable":true,"href":"https:\/\/fanti.hypefarm-test.it\/es\/wp-json\/wp\/v2\/comments?post=6841"}],"version-history":[{"count":9,"href":"https:\/\/fanti.hypefarm-test.it\/es\/wp-json\/wp\/v2\/pages\/6841\/revisions"}],"predecessor-version":[{"id":8360,"href":"https:\/\/fanti.hypefarm-test.it\/es\/wp-json\/wp\/v2\/pages\/6841\/revisions\/8360"}],"wp:attachment":[{"href":"https:\/\/fanti.hypefarm-test.it\/es\/wp-json\/wp\/v2\/media?parent=6841"}],"wp:term":[{"taxonomy":"category","embeddable":true,"href":"https:\/\/fanti.hypefarm-test.it\/es\/wp-json\/wp\/v2\/categories?post=6841"},{"taxonomy":"post_tag","embeddable":true,"href":"https:\/\/fanti.hypefarm-test.it\/es\/wp-json\/wp\/v2\/tags?post=6841"}],"curies":[{"name":"wp","href":"https:\/\/api.w.org\/{rel}","templated":true}]}}