{"id":6874,"date":"2025-04-22T14:28:31","date_gmt":"2025-04-22T12:28:31","guid":{"rendered":"https:\/\/fanti.hypefarm-test.it\/company\/"},"modified":"2025-05-29T12:51:42","modified_gmt":"2025-05-29T10:51:42","slug":"las-empresas","status":"publish","type":"page","link":"https:\/\/fanti.hypefarm-test.it\/es\/las-empresas\/","title":{"rendered":"Las Empresas"},"content":{"rendered":"<div class=\"wpb-content-wrapper\"><p>[vc_row full_width=\u00bbstretch_row_content\u00bb el_class=\u00bbtopimage\u00bb css=\u00bb.vc_custom_1745321215071{background-image: url(https:\/\/fanti.hypefarm-test.it\/wp-content\/uploads\/2025\/04\/la-nostra-storia.jpg?id=6460) !important;}\u00bb][vc_column][vc_empty_space][\/vc_column][\/vc_row][vc_row css=\u00bb.vc_custom_1745224600624{padding-top: 40px !important;padding-bottom: 40px !important;}\u00bb][vc_column el_class=\u00bbmini-shrinkcentro hover-h1&#8243;][vc_column_text css=\u00bb.vc_custom_1745929916662{margin-bottom: 15px !important;}\u00bb]<\/p>\n<h1><img loading=\"lazy\" decoding=\"async\" class=\"wp-image-6404 aligncenter\" src=\"\/wp-content\/uploads\/2025\/04\/branmd.png\" alt=\"\" width=\"82\" height=\"51\" \/><\/h1>\n<h1 style=\"text-align: center;\">LAS EMPRESAS<\/h1>\n<p>[\/vc_column_text][vc_separator color=\u00bbcustom\u00bb border_width=\u00bb10&#8243; el_width=\u00bb40&#8243; css_animation=\u00bbappear\u00bb css=\u00bb.vc_custom_1747305052586{margin-bottom: 50px !important;}\u00bb accent_color=\u00bb#0E7A3F\u00bb][vc_column_text css=\u00bb.vc_custom_1745929907175{padding-top: 40px !important;padding-bottom: 40px !important;}\u00bb]<\/p>\n<p style=\"text-align: justify;\">Fanti Packaging es una\u00a0<strong>multinacional de alma familiar<\/strong>\u00a0que se diferencia por una visi\u00f3n global del \u201chacer industria\u201d, coadyuvada por la\u00a0<strong>sinergia de\u00a0<\/strong><strong>un grupo cohesionado de empresas distintivas<\/strong>.<br \/>\nEn efecto, cada una de nuestras empresa es dedicada ala satisfacci\u00f3n de las espec\u00edficas exigencias de sector y de mercado, con una propuesta de envases de calidad y caracter\u00edsticas \u00fanicas y adaptables a los requerimientos del cliente. Juntos constituimos una familia que se caracteriza a nivel internacional por <strong>flexibilidad, seriedad e innovaci\u00f3n<\/strong>.<\/p>\n<p>[\/vc_column_text][\/vc_column][\/vc_row][vc_row gap=\u00bb30&#8243; equal_height=\u00bbyes\u00bb][vc_column width=\u00bb1\/2&#8243;][vc_row_inner css=\u00bb.vc_custom_1747305056547{padding-right: 0px !important;padding-left: 0px !important;background-color: #FFFFFF !important;}\u00bb el_class=\u00bbhover-h1 hover-background allungamentodx\u00bb][vc_column_inner el_class=\u00bbroundcolumn\u00bb css=\u00bb.vc_custom_1745327405090{padding-top: 15px !important;padding-right: 0px !important;padding-left: 0px !important;}\u00bb][vc_column_text css=\u00bb.vc_custom_1748515896113{margin-bottom: 0px !important;margin-left: 30px !important;}\u00bb]<img loading=\"lazy\" decoding=\"async\" class=\"alignnone size-full wp-image-6477\" src=\"\/wp-content\/uploads\/2025\/04\/presenza-globale.png\" alt=\"\" width=\"80\" height=\"80\" \/>[\/vc_column_text][vc_separator color=\u00bbcustom\u00bb align=\u00bbalign_left\u00bb border_width=\u00bb10&#8243; el_width=\u00bb50&#8243; css=\u00bb.vc_custom_1745326039944{margin-bottom: 50px !important;}\u00bb accent_color=\u00bb#0E7A3F\u00bb][vc_column_text css=\u00bb\u00bb]<\/p>\n<h1 style=\"text-align: center; font-size: 40px; line-height: 42px;\">NUESTRA PRESENCIA<\/h1>\n<p>[\/vc_column_text][vc_single_image image=\u00bb6481&#8243; img_size=\u00bbfull\u00bb alignment=\u00bbcenter\u00bb onclick=\u00bbcustom_link\u00bb css=\u00bb.vc_custom_1746453260919{margin-bottom: 0px !important;}\u00bb link=\u00bb\/es\/nuestra-presencia-global\/\u00bb el_class=\u00bbcolore\u00bb]<style type=\"text\/css\" data-type=\"the7_shortcodes-inline-css\">#default-btn-0a8f45a079f08a36c6f2e1730562fa89.ico-right-side > i {\n  margin-right: 0px;\n  margin-left: 8px;\n}\n#default-btn-0a8f45a079f08a36c6f2e1730562fa89 > i {\n  margin-right: 8px;\n}\n<\/style><div class=\"btn-align-center\"><a href=\"\/es\/nuestra-presencia-global\/\" class=\"default-btn-shortcode dt-btn dt-btn-l link-hover-off full-width-btn \" id=\"default-btn-0a8f45a079f08a36c6f2e1730562fa89\"><span>Descubra m\u00e1s<\/span><\/a><\/div>[\/vc_column_inner][\/vc_row_inner][\/vc_column][vc_column width=\u00bb1\/2&#8243;][vc_row_inner css=\u00bb.vc_custom_1747305060652{background-color: #FFFFFF !important;}\u00bb el_class=\u00bbhover-h1 hover-background allungamentodx\u00bb][vc_column_inner el_class=\u00bbroundcolumn\u00bb css=\u00bb.vc_custom_1745327047313{padding-top: 15px !important;padding-right: 0px !important;padding-left: 0px !important;}\u00bb][vc_column_text css=\u00bb.vc_custom_1748515900866{margin-bottom: 0px !important;margin-left: 30px !important;}\u00bb]<img loading=\"lazy\" decoding=\"async\" class=\"alignnone size-full wp-image-6479\" src=\"\/wp-content\/uploads\/2025\/04\/persone.png\" alt=\"\" width=\"80\" height=\"80\" \/>[\/vc_column_text][vc_separator color=\u00bbcustom\u00bb align=\u00bbalign_left\u00bb border_width=\u00bb10&#8243; el_width=\u00bb50&#8243; css=\u00bb.vc_custom_1745326039944{margin-bottom: 50px !important;}\u00bb accent_color=\u00bb#0E7A3F\u00bb][vc_column_text css=\u00bb\u00bb]<\/p>\n<h1 style=\"text-align: center; font-size: 40px; line-height: 42px;\">LAS PERSONAS<\/h1>\n<p>[\/vc_column_text][vc_single_image image=\u00bb6483&#8243; img_size=\u00bbfull\u00bb alignment=\u00bbcenter\u00bb onclick=\u00bbcustom_link\u00bb css=\u00bb.vc_custom_1746453246503{margin-bottom: 0px !important;}\u00bb link=\u00bb\/es\/las-personas\/\u00bb el_class=\u00bbbandw\u00bb]<style type=\"text\/css\" data-type=\"the7_shortcodes-inline-css\">#default-btn-a60f8b6a7bb3feb8b1fe607010acfa30.ico-right-side > i {\n  margin-right: 0px;\n  margin-left: 8px;\n}\n#default-btn-a60f8b6a7bb3feb8b1fe607010acfa30 > i {\n  margin-right: 8px;\n}\n<\/style><div class=\"btn-align-center\"><a href=\"\/es\/las-personas\/\" class=\"default-btn-shortcode dt-btn dt-btn-l link-hover-off full-width-btn \" id=\"default-btn-a60f8b6a7bb3feb8b1fe607010acfa30\" title=\"Las Personas\"><span>Descubra m\u00e1s<\/span><\/a><\/div>[\/vc_column_inner][\/vc_row_inner][\/vc_column][\/vc_row]<\/p>\n<\/div>","protected":false},"excerpt":{"rendered":"<p>[vc_row full_width=\u00bbstretch_row_content\u00bb el_class=\u00bbtopimage\u00bb css=\u00bb.vc_custom_1745321215071{background-image: url(https:\/\/fanti.hypefarm-test.it\/wp-content\/uploads\/2025\/04\/la-nostra-storia.jpg?id=6460) !important;}\u00bb][vc_column][vc_empty_space][\/vc_column][\/vc_row][vc_row css=\u00bb.vc_custom_1745224600624{padding-top: 40px !important;padding-bottom: 40px !important;}\u00bb][vc_column el_class=\u00bbmini-shrinkcentro hover-h1&#8243;][vc_column_text css=\u00bb.vc_custom_1745929916662{margin-bottom: 15px !important;}\u00bb] LAS EMPRESAS [\/vc_column_text][vc_separator color=\u00bbcustom\u00bb border_width=\u00bb10&#8243; el_width=\u00bb40&#8243; css_animation=\u00bbappear\u00bb css=\u00bb.vc_custom_1747305052586{margin-bottom: 50px !important;}\u00bb accent_color=\u00bb#0E7A3F\u00bb][vc_column_text css=\u00bb.vc_custom_1745929907175{padding-top: 40px !important;padding-bottom: 40px !important;}\u00bb] Fanti Packaging es una\u00a0multinacional de alma familiar\u00a0que se diferencia por una visi\u00f3n global del \u201chacer industria\u201d, coadyuvada por la\u00a0sinergia de\u00a0un grupo cohesionado de<\/p>\n","protected":false},"author":1,"featured_media":0,"parent":0,"menu_order":0,"comment_status":"closed","ping_status":"closed","template":"","meta":{"cybocfi_hide_featured_image":"","footnotes":""},"categories":[],"tags":[],"class_list":["post-6874","page","type-page","status-publish","hentry","description-off"],"_links":{"self":[{"href":"https:\/\/fanti.hypefarm-test.it\/es\/wp-json\/wp\/v2\/pages\/6874","targetHints":{"allow":["GET"]}}],"collection":[{"href":"https:\/\/fanti.hypefarm-test.it\/es\/wp-json\/wp\/v2\/pages"}],"about":[{"href":"https:\/\/fanti.hypefarm-test.it\/es\/wp-json\/wp\/v2\/types\/page"}],"author":[{"embeddable":true,"href":"https:\/\/fanti.hypefarm-test.it\/es\/wp-json\/wp\/v2\/users\/1"}],"replies":[{"embeddable":true,"href":"https:\/\/fanti.hypefarm-test.it\/es\/wp-json\/wp\/v2\/comments?post=6874"}],"version-history":[{"count":13,"href":"https:\/\/fanti.hypefarm-test.it\/es\/wp-json\/wp\/v2\/pages\/6874\/revisions"}],"predecessor-version":[{"id":8504,"href":"https:\/\/fanti.hypefarm-test.it\/es\/wp-json\/wp\/v2\/pages\/6874\/revisions\/8504"}],"wp:attachment":[{"href":"https:\/\/fanti.hypefarm-test.it\/es\/wp-json\/wp\/v2\/media?parent=6874"}],"wp:term":[{"taxonomy":"category","embeddable":true,"href":"https:\/\/fanti.hypefarm-test.it\/es\/wp-json\/wp\/v2\/categories?post=6874"},{"taxonomy":"post_tag","embeddable":true,"href":"https:\/\/fanti.hypefarm-test.it\/es\/wp-json\/wp\/v2\/tags?post=6874"}],"curies":[{"name":"wp","href":"https:\/\/api.w.org\/{rel}","templated":true}]}}