{"id":6881,"date":"2025-04-22T15:23:00","date_gmt":"2025-04-22T13:23:00","guid":{"rendered":"https:\/\/fanti.hypefarm-test.it\/la-nostra-presenza-globale\/"},"modified":"2025-05-15T12:39:43","modified_gmt":"2025-05-15T10:39:43","slug":"nuestra-presencia-global","status":"publish","type":"page","link":"https:\/\/fanti.hypefarm-test.it\/es\/nuestra-presencia-global\/","title":{"rendered":"Nuestra Presencia Global"},"content":{"rendered":"<div class=\"wpb-content-wrapper\"><p>[vc_row full_width=\u00bbstretch_row_content\u00bb el_class=\u00bbtopimage\u00bb css=\u00bb.vc_custom_1745328223893{background-image: url(https:\/\/fanti.hypefarm-test.it\/wp-content\/uploads\/2025\/04\/Fanti-global-presence.jpg?id=6509) !important;}\u00bb][vc_column][vc_empty_space][\/vc_column][\/vc_row][vc_row css=\u00bb.vc_custom_1745224600624{padding-top: 40px !important;padding-bottom: 40px !important;}\u00bb][vc_column el_class=\u00bbmini-shrinkcentro hover-h1&#8243;][vc_column_text css=\u00bb.vc_custom_1745506067333{margin-bottom: 15px !important;}\u00bb]<\/p>\n<h1 style=\"text-align: center;\"><img loading=\"lazy\" decoding=\"async\" class=\"size-full wp-image-6504 aligncenter\" src=\"\/wp-content\/uploads\/2025\/04\/IC05b.png\" alt=\"\" width=\"61\" height=\"61\" \/>NUESTRA PRESENCIA GLOBAL<\/h1>\n<p>[\/vc_column_text][vc_separator color=\u00bbcustom\u00bb border_width=\u00bb10&#8243; el_width=\u00bb40&#8243; css_animation=\u00bbappear\u00bb css=\u00bb.vc_custom_1747305148769{margin-bottom: 50px !important;}\u00bb accent_color=\u00bb#0E7A3F\u00bb][vc_column_text css=\u00bb.vc_custom_1745506084349{padding-top: 40px !important;padding-bottom: 40px !important;}\u00bb]<\/p>\n<p style=\"text-align: justify;\">La presencia global de Fanti Packaging es el resultado de un compromiso continuo para llevar nuestras soluciones de embalaje al mundo. Con\u00a0<strong>10 f\u00e1bricas y subsidiarias en 3 continentes<\/strong>\u00a0que abarcan diferentes culturas y mercados,\u00a0<strong>llegamos a m\u00e1s de 1000 clientes en m\u00e1s de 50 pa\u00edses.<\/strong><br \/>\nSomos\u00a0<strong>globales en ambici\u00f3n, local en enfoque<\/strong>: un puente que une al mundo a trav\u00e9s del embalaje.<\/p>\n<p>[\/vc_column_text][\/vc_column][\/vc_row][vc_row full_width=\u00bbstretch_row_content\u00bb css=\u00bb.vc_custom_1745328862035{padding-bottom: 60px !important;}\u00bb][vc_column][vc_single_image image=\u00bb7551&#8243; img_size=\u00bbfull\u00bb alignment=\u00bbcenter\u00bb css=\u00bb\u00bb][\/vc_column][\/vc_row][vc_row][vc_column][vc_column_text css=\u00bb\u00bb el_class=\u00bbhover-background hover-h4&#8243;]<\/p>\n<h4 style=\"text-align: left;\"><style=\"color: #000;\"><strong>GIORGIO FANTI S.p.A.<\/strong><\/style>\n<\/h4>\n<p style=\"margin: 0cm; font-size: 16px;\">Origen y coraz\u00f3n de todo Fanti Packaging, Giorgio\u00a0<strong>Fanti S.p.A naci\u00f3 en 1948<\/strong>\u00a0de la idea ilustrada de Giorgio Fanti que vio una oportunidad de negocio en una\u00a0<strong>lata de carne<\/strong>. Desde el garaje de via del Lino 8 en Bolonia hasta la f\u00e1brica de Borgo Panigale, hasta el traslado definitivo en 1969 a la actual sede en Casalecchio di Reno, Giorgio Fanti S.p.A. Desde siempre se ha especializado en la<strong>\u00a0producci\u00f3n de envases met\u00e1licos para pinturas.<\/strong>\u00a0La compra de\u00a0<strong>la primera l\u00ednea autom\u00e1tica<\/strong>\u00a0para el montaje de cajas de hojalata en 1952 supuso un hito en el desarrollo y el \u00e9xito de la empresa.<strong>\u00a0En 2022 nace oficialmente Fanti Packaging<\/strong>, el holding familiar que aglutina a todas las empresas del grupo optimizando recursos y sinergias. La f\u00e1brica de Giorgio Fanti S.p.A., la m\u00e1s grande y completa, se extiende sobre una superficie de aproximadamente 20.000 m2 y cuenta con aproximadamente 150 empleados, que gestionan todo el ciclo productivo.<\/p>\n<p>[\/vc_column_text][vc_separator color=\u00bbblack\u00bb css_animation=\u00bbfadeInLeft\u00bb css=\u00bb\u00bb][\/vc_column][\/vc_row][vc_row][vc_column][vc_column_text css=\u00bb\u00bb el_class=\u00bbhover-background hover-h4&#8243;]<\/p>\n<h4><strong>FANTI I.C.M.<br \/>\nIndustria Contenitori Metallici S.p.A.<\/strong><\/h4>\n<p style=\"margin: 0cm; font-size: 16px;\">Fundada\u00a0<b>en 1965 en Montechiarugolo (Parma, Italia)<\/b>\u00a0por antiguos empleados de Capolo Spa, I.C.M. Inicialmente especializada en la fabricaci\u00f3n de\u00a0<b>latas para el sector del aceite, el at\u00fan y el qu\u00edmico<\/b>. En\u00a0<b>1990<\/b>, la entonces Giorgio Fanti S.p.A. adquiri\u00f3 la mayor\u00eda de las acciones de I.C.M. sancionando una importante integraci\u00f3n para el desarrollo y enriquecimiento de toda la oferta. Hoy, con 47 empleados y una f\u00e1brica de 7000 m2, la empresa es l\u00edder en la producci\u00f3n de\u00a0<b>tarros c\u00f3nicos de l\u00ednea general<\/b>\u00a0y contin\u00faa trabajando sin\u00e9rgicamente con Fanti Packaging para garantizar innovaci\u00f3n y calidad al sector del embalaje.<\/p>\n<p>[\/vc_column_text][vc_separator color=\u00bbblack\u00bb css_animation=\u00bbfadeInRight\u00bb css=\u00bb\u00bb][\/vc_column][\/vc_row][vc_row][vc_column][vc_column_text css=\u00bb\u00bb el_class=\u00bbhover-background hover-h4&#8243;]<\/p>\n<h4><strong>FANTI VENEGONI S.r.l.<\/strong><\/h4>\n<p style=\"margin: 0cm; font-size: 16px;\">Fundada en\u00a0<b>1973 por Pietro Venegoni<\/b>, la empresa ha sabido evolucionar de una realidad local a un actor importante en el sector de\u00a0<b>\u00abL\u00ednea General\u00bb y \u00abLatas de comida\u00bb. \u00bb embalaje met\u00e1lico\u00a0<\/b>. Dirigida con pasi\u00f3n desde hace m\u00e1s de 40 a\u00f1os por la familia Venegoni, hoy la empresa opera en una moderna f\u00e1brica de 3.000 m2 en\u00a0<b>Trecate (Novara, Italia),<\/b>\u00a0con 18 empleados especializados. Desde\u00a0<b>2018<\/b>, Venegoni pasa a formar parte de la familia Fanti, benefici\u00e1ndose de\u00a0<b>sinergias comerciales y de procesos<\/b>.<\/p>\n<p>[\/vc_column_text][vc_separator color=\u00bbblack\u00bb css_animation=\u00bbfadeInLeft\u00bb css=\u00bb\u00bb][\/vc_column][\/vc_row][vc_row][vc_column][vc_column_text css=\u00bb\u00bb el_class=\u00bbhover-background hover-h4&#8243;]<\/p>\n<h4><strong>FANTI PLAST S.r.l.<br \/>\nPlanta de Gemmano<\/strong><\/h4>\n<p style=\"margin: 0cm; font-size: 16px;\"><b>FANTI PLAST <\/b>es la divisi\u00f3n que Fanti Packaging cre\u00f3 en\u00a0<b>2022<\/b>\u00a0para identificar la rama productiva dedicada a los<b>envases pl\u00e1sticos e h\u00edbridos<\/b>. Un segmento importante en el que confluyen\u00a0<b>dos f\u00e1bricas\u00a0<\/b>y otras tantas empresas productoras. En las instalaciones de\u00a0<b>Gemmano (R\u00edmini, Italia)<\/b>\u00a0se fabrican grandes envases de pl\u00e1stico, dando continuidad a P. Cans, una empresa nacida de la sinergia entre Fanti y la familia Verni, propietaria de una hist\u00f3rica empresa que, fundada en los a\u00f1os 80, se ha consolidado en la producci\u00f3n de cubos y cubos de pl\u00e1stico de alta calidad. En\u00a0<b>2015<\/b>, el grupo bolo\u00f1\u00e9s asumi\u00f3 la participaci\u00f3n de la familia Verni. As\u00ed naci\u00f3\u00a0<b>P. Cans S.r.l<\/b>, que marca la entrada de Fanti Packaging en el sector de los envases de pl\u00e1stico. A d\u00eda de hoy, FANTI Plast, con ambas plantas de producci\u00f3n, ocupa una superficie aproximada de 20.000 m2 y cuenta con m\u00e1s de 30 empleados.<\/p>\n<p>[\/vc_column_text][vc_separator color=\u00bbblack\u00bb css_animation=\u00bbfadeInRight\u00bb css=\u00bb\u00bb][\/vc_column][\/vc_row][vc_row][vc_column][vc_column_text css=\u00bb\u00bb el_class=\u00bbhover-background hover-h4&#8243;]<\/p>\n<h4><strong>FANTI PLAST S.r.l.<br \/>\nPlanta de Codogno<\/strong><\/h4>\n<p style=\"margin: 0cm; font-size: 16px;\">Un segmento de producci\u00f3n de gran importancia es el dedicado a los\u00a0<b>envases de pl\u00e1stico e h\u00edbridos<\/b>, al que Fanti Packaging ha dedicado la divisi\u00f3n\u00a0<b>FANTI Plast.<\/b>\u00a0en\u00a0<b>2022<\/b>\u00a0La Unidad de Negocio opera con\u00a0<b>dos f\u00e1bricas diferentes<\/b>\u00a0a las que se refieren el mismo n\u00famero de empresas que han pasado a formar parte del grupo, compartiendo experiencia, profesionalidad y visi\u00f3n.\u00a0<b>Codogno (Lodi, Italia)<\/b>\u00a0tiene sus ra\u00edces en\u00a0<b>Polibox Italiana<\/b>, fundada en 1978 bajo la direcci\u00f3n de los hermanos Rosso. Inicialmente dedicada al moldeo por inyecci\u00f3n de materiales pl\u00e1sticos para la producci\u00f3n de contenedores para pinturas y barnices, logr\u00f3 su \u00e9xito gracias a la creaci\u00f3n del\u00a0<b>primer contenedor h\u00edbrido en Italia<\/b>, que combina pl\u00e1stico y metal. Como resultado de una primera\u00a0<b>patente<\/b>\u00a0importante, la innovaci\u00f3n continu\u00f3 con\u00a0<b>la siguiente patente europea Eco-Rivest<\/b>, un revolucionario sistema de protecci\u00f3n y revestimiento interno. Desde\u00a0<b>2016<\/b>\u00a0Polibox pasa a formar parte de la familia Fanti, inicialmente con\u00a0<b>P<\/b>.<b>Cans S.r.l.<\/b>\u00a0y posteriormente en la\u00a0<b>FANTI Plast<\/b>\u00a0divisi\u00f3n &gt;, con una planta productiva moderna y tecnol\u00f3gicamente avanzada. La gama se ha ampliado a\u00fan m\u00e1s con un departamento dedicado al sector alimentario.<\/p>\n<p>[\/vc_column_text][vc_separator color=\u00bbblack\u00bb css_animation=\u00bbfadeInLeft\u00bb css=\u00bb\u00bb][\/vc_column][\/vc_row][vc_row][vc_column][vc_column_text css=\u00bb\u00bb el_class=\u00bbhover-background hover-h4&#8243;]<\/p>\n<h4><strong>OCM S.p.A.<\/strong><\/h4>\n<p style=\"margin: 0cm; font-size: 16px;\">OCM pas\u00f3 a formar parte de Fanti Packaging en\u00a0<strong>2024 <\/strong>para marcar una nueva actualizaci\u00f3n en la\u00a0<strong>gama de producci\u00f3n especializada en alimentaci\u00f3n<\/strong>. Empresa hist\u00f3rica de\u00a0<strong>Gruaro (Venecia, Italia)<\/strong>, ha alcanzado el liderazgo nacional en el sector de los envases met\u00e1licos gracias a la sabia direcci\u00f3n de la\u00a0<strong>familia D\u2019Agnolo<\/strong>, todav\u00eda presente en el gesti\u00f3n actual de la actividad. Con m\u00e1s de 200 empleados en las dos f\u00e1bricas de Gruaro y San Martino di Lupari, OCM se une a Fanti Packaging para garantizar a\u00fan m\u00e1s competitividad, especialmente en el\u00a0<strong>sector alimentario y del caf\u00e9<\/strong>, con una colaboraci\u00f3n hist\u00f3rica con la conocida illycaff\u00e8. S.p.A.<\/p>\n<p>[\/vc_column_text][vc_separator color=\u00bbblack\u00bb css_animation=\u00bbfadeInRight\u00bb css=\u00bb\u00bb][\/vc_column][\/vc_row][vc_row][vc_column][vc_column_text css=\u00bb\u00bb el_class=\u00bbhover-background hover-h4&#8243;]<\/p>\n<h4><strong>I.C.E.<br \/>\nInnovative Canmakers Europe<\/strong><\/h4>\n<p style=\"margin: 0cm; font-size: 16px;\">Nacida en\u00a0<b>2007<\/b>\u00a0de la colaboraci\u00f3n\u00a0<b>entre Blechwarenfabrik Limburg GmbH (Alemania) y Fanti Packaging (Italia)<\/b>,\u00a0<b>ICE-Innovative Canmakers Europe<\/b>\u00a0es una\u00a0<b>\u00a0colaboraci\u00f3n comercial<\/b>, l\u00edder en el sector de\u00a0<b>envases de hojalata<\/b>\u00a0<b>para productos qu\u00edmico-t\u00e9cnicos<\/b>. Ubicada en\u00a0<b>M\u00fanich<\/b>\u00a0<b>Baviera (Alemania),<\/b>\u00a0combina la experiencia y la innovaci\u00f3n de dos gigantes europeos del embalaje para ofrecer soluciones de embalaje met\u00e1lico de vanguardia en toda Europa y m\u00e1s all\u00e1. La fuerza de esta empresa reside en la combinaci\u00f3n de d\u00e9cadas de know-how, tecnolog\u00edas innovadoras y una extensa red de distribuci\u00f3n paneuropea. Con un equipo de m\u00e1s de 800 profesionales y plantas de producci\u00f3n equipadas con maquinaria de \u00faltima generaci\u00f3n, incluidas tecnolog\u00edas avanzadas de impresi\u00f3n con m\u00e1quinas de 6 colores y sistemas CTP integrados, garantiza envases de alta calidad para una amplia gama de productos qu\u00edmico-t\u00e9cnicos.<\/p>\n<p>[\/vc_column_text][vc_separator color=\u00bbblack\u00bb css_animation=\u00bbfadeInLeft\u00bb css=\u00bb\u00bb][\/vc_column][\/vc_row][vc_row][vc_column][vc_column_text css=\u00bb\u00bb el_class=\u00bbhover-background hover-h4&#8243;]<\/p>\n<h4><strong>FANTI ROMANIA G.I.I.<br \/>\nGruppo Italiano Imballaggi<\/strong><\/h4>\n<p style=\"margin: 0cm; font-size: 16px;\">Fundada en 1999 en Bucarest (Rumania), G.I.I. Gruppo Italiano Imballaggi naci\u00f3 originalmente como una empresa conjunta entre Fanti y dos fabricantes italianos para ensamblar las latas y atender al mercado local de fabricantes de pintura de una manera m\u00e1s funcional y econ\u00f3mica. La din\u00e1mica del mercado y los cambios corporativos determinaron los siguientes a\u00f1os de G.I.I. que, en 2006, inici\u00f3 un proyecto de expansi\u00f3n bajo el liderazgo exclusivo de la familia Fanti. Se compr\u00f3 y construy\u00f3 una nueva f\u00e1brica de 6.000 m2 en las afueras de Bucarest con una ampliaci\u00f3n de la gama y nueva maquinaria que est\u00e1 en pleno funcionamiento desde 2014.<\/p>\n<p>[\/vc_column_text][vc_separator color=\u00bbblack\u00bb css_animation=\u00bbfadeInRight\u00bb css=\u00bb\u00bb][\/vc_column][\/vc_row][vc_row][vc_column][vc_column_text css=\u00bb\u00bb el_class=\u00bbhover-background hover-h4&#8243;]<\/p>\n<h4><strong>FANTI ESPA\u00d1A<br \/>\nEnvases, S.A.<\/strong><\/h4>\n<p style=\"margin: 0cm; font-size: 16px;\">Fundada\u00a0<b>en 1940 por Mariano Sanz Garc\u00eda<\/b>,\u00a0<b>Industrias Sanz<\/b>\u00a0se ha especializado en la producci\u00f3n de\u00a0<b>latas, bidones y cubos met\u00e1licos<\/b>. En junio\u00a0<b>2023<\/b>\u00a0entra oficialmente en Fanti Packaging con el nuevo nombre\u00a0<b>Fanti Espa\u00f1a<\/b>, ofreciendo un asesoramiento a\u00fan m\u00e1s personalizado en productos y servicios seg\u00fan una\u00a0<b>pol\u00edtica global-local<\/b>\u00a0&gt;\u00a0que tiene como objetivo garantizar la excelencia de Fanti Packaging en todo el mundo, respetando las diferentes necesidades locales. La f\u00e1brica de\u00a0<b>Alcobendas (Madrid)<\/b>\u00a0tiene una superficie de 4.800 m2 donde trabajan 25 empleados. Gracias a las sinergias con el grupo, Fanti Espa\u00f1a es capaz de ofrecer soluciones de\u00a0<b>envases met\u00e1licos<\/b>\u00a0de alto nivel, acompa\u00f1ando al cliente desde el dise\u00f1o hasta la entrega del producto terminado.<\/p>\n<p>[\/vc_column_text][vc_separator color=\u00bbblack\u00bb css_animation=\u00bbfadeInLeft\u00bb css=\u00bb\u00bb][\/vc_column][\/vc_row][vc_row][vc_column][vc_column_text css=\u00bb\u00bb el_class=\u00bbhover-background hover-h4&#8243;]<\/p>\n<h4><strong>FANTI PLAST ESPA\u00d1A<br \/>\nEnvases, S.A.<\/strong><\/h4>\n<p style=\"margin: 0cm; font-size: 16px;\">Adquirida en 2024 por Fanti Espa\u00f1a Envases, ya parte integral de Fanti Packaging, Gruplasa S.L. es una empresa madrile\u00f1a especializada en la producci\u00f3n de envases de pl\u00e1stico. Su entrada en el mercado de Fanti Packaging como Fanti Plast Espa\u00f1a le permite ofrecer al mercado ib\u00e9rico una gama completa de soluciones de embalaje primario en pl\u00e1stico e h\u00edbridos. Gracias a un enfoque profesional y atento, la nueva Fanti Plast Espa\u00f1a se posiciona como una de las principales referencias para los principales fabricantes nacionales, garantizando flexibilidad de producci\u00f3n para diferentes necesidades y sectores.<\/p>\n<p>[\/vc_column_text][vc_separator color=\u00bbblack\u00bb css_animation=\u00bbfadeInRight\u00bb css=\u00bb\u00bb][\/vc_column][\/vc_row][vc_row][vc_column][vc_column_text css=\u00bb\u00bb el_class=\u00bbhover-background hover-h4&#8243;]<\/p>\n<h4><strong>FANTI USA, Inc.<\/strong><\/h4>\n<p style=\"margin: 0cm; font-size: 16px;\"><b>Fanti USA<\/b>\u00a0naci\u00f3 en\u00a0<b>West Virginia<\/b>\u00a0a partir de la visi\u00f3n empresarial con visi\u00f3n de futuro de Fanti Packaging de Bolonia para servir al mercado americano. La f\u00e1brica de 10.000 m2, de los cuales 9.000 m2 est\u00e1n dedicados a la producci\u00f3n de\u00a0<b>latas met\u00e1licas de la L\u00ednea General<\/b>, aporta 75 a\u00f1os de experiencia en el extranjero. Con 11 empleados directos y 3 subcontratados, Fanti USA se centra en\u00a0<b>calidad<\/b>,\u00a0<b>eficiencia<\/b>\u00a0y\u00a0<b>atenci\u00f3n al cliente personalizada<\/b>. Una inversi\u00f3n de\u00a0<b>m\u00e1s de 800 mil d\u00f3lares para la creaci\u00f3n de un sistema fotovoltaico<\/b>\u00a0confirma el compromiso de Fanti Packaging con la sostenibilidad.<\/p>\n<p>[\/vc_column_text][vc_separator color=\u00bbblack\u00bb css_animation=\u00bbfadeInLeft\u00bb css=\u00bb\u00bb][\/vc_column][\/vc_row]<\/p>\n<\/div>","protected":false},"excerpt":{"rendered":"<p>[vc_row full_width=\u00bbstretch_row_content\u00bb el_class=\u00bbtopimage\u00bb css=\u00bb.vc_custom_1745328223893{background-image: url(https:\/\/fanti.hypefarm-test.it\/wp-content\/uploads\/2025\/04\/Fanti-global-presence.jpg?id=6509) !important;}\u00bb][vc_column][vc_empty_space][\/vc_column][\/vc_row][vc_row css=\u00bb.vc_custom_1745224600624{padding-top: 40px !important;padding-bottom: 40px !important;}\u00bb][vc_column el_class=\u00bbmini-shrinkcentro hover-h1&#8243;][vc_column_text css=\u00bb.vc_custom_1745506067333{margin-bottom: 15px !important;}\u00bb] NUESTRA PRESENCIA GLOBAL [\/vc_column_text][vc_separator color=\u00bbcustom\u00bb border_width=\u00bb10&#8243; el_width=\u00bb40&#8243; css_animation=\u00bbappear\u00bb css=\u00bb.vc_custom_1747305148769{margin-bottom: 50px !important;}\u00bb accent_color=\u00bb#0E7A3F\u00bb][vc_column_text css=\u00bb.vc_custom_1745506084349{padding-top: 40px !important;padding-bottom: 40px !important;}\u00bb] La presencia global de Fanti Packaging es el resultado de un compromiso continuo para llevar nuestras soluciones de embalaje al mundo. Con\u00a010<\/p>\n","protected":false},"author":1,"featured_media":0,"parent":0,"menu_order":0,"comment_status":"closed","ping_status":"closed","template":"","meta":{"cybocfi_hide_featured_image":"","footnotes":""},"categories":[],"tags":[],"class_list":["post-6881","page","type-page","status-publish","hentry","description-off"],"_links":{"self":[{"href":"https:\/\/fanti.hypefarm-test.it\/es\/wp-json\/wp\/v2\/pages\/6881","targetHints":{"allow":["GET"]}}],"collection":[{"href":"https:\/\/fanti.hypefarm-test.it\/es\/wp-json\/wp\/v2\/pages"}],"about":[{"href":"https:\/\/fanti.hypefarm-test.it\/es\/wp-json\/wp\/v2\/types\/page"}],"author":[{"embeddable":true,"href":"https:\/\/fanti.hypefarm-test.it\/es\/wp-json\/wp\/v2\/users\/1"}],"replies":[{"embeddable":true,"href":"https:\/\/fanti.hypefarm-test.it\/es\/wp-json\/wp\/v2\/comments?post=6881"}],"version-history":[{"count":15,"href":"https:\/\/fanti.hypefarm-test.it\/es\/wp-json\/wp\/v2\/pages\/6881\/revisions"}],"predecessor-version":[{"id":8391,"href":"https:\/\/fanti.hypefarm-test.it\/es\/wp-json\/wp\/v2\/pages\/6881\/revisions\/8391"}],"wp:attachment":[{"href":"https:\/\/fanti.hypefarm-test.it\/es\/wp-json\/wp\/v2\/media?parent=6881"}],"wp:term":[{"taxonomy":"category","embeddable":true,"href":"https:\/\/fanti.hypefarm-test.it\/es\/wp-json\/wp\/v2\/categories?post=6881"},{"taxonomy":"post_tag","embeddable":true,"href":"https:\/\/fanti.hypefarm-test.it\/es\/wp-json\/wp\/v2\/tags?post=6881"}],"curies":[{"name":"wp","href":"https:\/\/api.w.org\/{rel}","templated":true}]}}