{"id":6921,"date":"2025-04-23T12:31:23","date_gmt":"2025-04-23T10:31:23","guid":{"rendered":"https:\/\/fanti.hypefarm-test.it\/i-nostri-imballaggi\/"},"modified":"2025-05-15T12:56:46","modified_gmt":"2025-05-15T10:56:46","slug":"nuestros-envases","status":"publish","type":"page","link":"https:\/\/fanti.hypefarm-test.it\/es\/nuestros-envases\/","title":{"rendered":"Nuestros Envases"},"content":{"rendered":"<div class=\"wpb-content-wrapper\"><p>[vc_row full_width=\u00bbstretch_row_content\u00bb el_class=\u00bbtopimage\u00bb css=\u00bb.vc_custom_1745404078539{background-image: url(https:\/\/fanti.hypefarm-test.it\/wp-content\/uploads\/2025\/04\/PRODOTTI_i-nostri-imballagg.jpg?id=6595) !important;}\u00bb][vc_column][vc_empty_space][\/vc_column][\/vc_row][vc_row css=\u00bb.vc_custom_1745224600624{padding-top: 40px !important;padding-bottom: 40px !important;}\u00bb][vc_column el_class=\u00bbmini-shrinkcentro hover-h1&#8243;][vc_column_text css=\u00bb.vc_custom_1745507653631{margin-bottom: 15px !important;}\u00bb]<\/p>\n<h1><img loading=\"lazy\" decoding=\"async\" class=\"aligncenter size-full wp-image-6589\" src=\"https:\/\/fanti.hypefarm-test.it\/wp-content\/uploads\/2025\/04\/imbal.jpg\" alt=\"\" width=\"92\" height=\"80\" \/><\/h1>\n<h1 style=\"text-align: center;\">NUESTROS ENVASES<\/h1>\n<p>[\/vc_column_text][vc_separator color=\u00bbcustom\u00bb border_width=\u00bb10&#8243; el_width=\u00bb40&#8243; css_animation=\u00bbappear\u00bb css=\u00bb.vc_custom_1747306601825{margin-bottom: 50px !important;}\u00bb accent_color=\u00bb#0E7A3F\u00bb][vc_column_text css=\u00bb.vc_custom_1745507662358{padding-top: 40px !important;padding-bottom: 40px !important;}\u00bb]<\/p>\n<div class=\"module module-text tb_zd8k663\">\n<div class=\"tb_text_wrap\">\n<p>Es desde 1948 que Fanti Packaging se ha dedicado a suministrar\u00a0<strong>soluciones flexibles<\/strong>\u00a0para el envasado primario. Presentamos una producci\u00f3ncompletamente\u00a0<strong>interna y\u00a0<em>Made in Italy\u00a0<\/em><\/strong>de\u00a0<strong>frascos, cubos y bidones de metal, pl\u00e1stico y materiales h\u00edbridos<\/strong>\u00a0que\u00a0<strong>superan los 180 millones de unidades por a\u00f1o<\/strong>.<br \/>\nPor todo ello estamos en condiciones de satisfacer con\u00a0<strong>puntualidad<\/strong>\u00a0y\u00a0<strong>personalizar<\/strong>\u00a0cada pedido de envases, tanto en t\u00e9rminos de\u00a0<strong>cantidad<\/strong>, como de\u00a0<strong>formatos<\/strong>\u00a0y\u00a0<strong>dise\u00f1o<\/strong>: a partir de la hojalata, llegamos al frasco personalizado seg\u00fan los requerimientos m\u00e1s detallados del cliente. Los envases de Fanti Packaging satisfacen las necesidades de una vasta gama de sectores, entre los cuales principalmente aquellos qu\u00edmico y alimentario, as\u00ed como los c\u00e1nones relativos a excelencia y calidad, comprometi\u00e9ndonos tambi\u00e9n a respetar los\u00a0<strong>c\u00e1nones de sustentabilidad<\/strong>\u00a0y\u00a0<strong>cuidado del ambiente<\/strong>, con certificaciones en constante actualizaci\u00f3n.<\/p>\n<\/div>\n<\/div>\n<div class=\"module_subrow themify_builder_sub_row tf_w col_align_top tb_col_count_2 tb_xh40326\">\n<div class=\"module_column sub_column col4-2 tb_rtwz326 first\">\n<div class=\"module module-text tb_18ps326\">\n<div class=\"tb_text_wrap\"><\/div>\n<\/div>\n<\/div>\n<\/div>\n<p>[\/vc_column_text][\/vc_column][\/vc_row][vc_row gap=\u00bb30&#8243; equal_height=\u00bbyes\u00bb][vc_column width=\u00bb1\/2&#8243;][vc_column_text css=\u00bb\u00bb]<\/p>\n<h1 style=\"text-align: left; font-weight: 500; font-family: Barlow;\"><span style=\"color: #0e7a3f;\">SECTOR QU\u00cdMICO<\/span><\/h1>\n<h4 style=\"text-align: left; font-weight: 500; font-family: Barlow; margin-top: 40px;\">LATAS DE HOJALATA<span style=\"color: #0e7a3f;\"><br \/>\n<\/span><\/h4>\n<p><img loading=\"lazy\" decoding=\"async\" class=\"size-full wp-image-2043 alignleft\" src=\"https:\/\/www.fantipackaging.com\/wp-content\/uploads\/2024\/07\/ball.png\" alt=\"\" width=\"20\" height=\"20\" \/>LATAS C\u00cdLINDRICAS<\/p>\n<p><img loading=\"lazy\" decoding=\"async\" class=\"size-full wp-image-2043 alignleft\" src=\"https:\/\/www.fantipackaging.com\/wp-content\/uploads\/2024\/07\/ball.png\" alt=\"\" width=\"20\" height=\"20\" \/>LATAS C\u00d3NICAS<\/p>\n<p><img loading=\"lazy\" decoding=\"async\" class=\"size-full wp-image-2043 alignleft\" src=\"https:\/\/www.fantipackaging.com\/wp-content\/uploads\/2024\/07\/ball.png\" alt=\"\" width=\"20\" height=\"20\" \/>LATAS RECTANGULARES<\/p>\n<h4><\/h4>\n<h4 style=\"text-align: left; font-weight: 500; font-family: Barlow; margin-top: 40px;\"><span style=\"color: #333333;\">LATAS DE PL\u00c1STICO<\/span><\/h4>\n<p><img loading=\"lazy\" decoding=\"async\" class=\"size-full wp-image-2043 alignleft\" src=\"https:\/\/www.fantipackaging.com\/wp-content\/uploads\/2024\/07\/ball.png\" alt=\"\" width=\"20\" height=\"20\" \/>LATAS C\u00cdLINDRICAS<\/p>\n<p><img loading=\"lazy\" decoding=\"async\" class=\"size-full wp-image-2043 alignleft\" src=\"https:\/\/www.fantipackaging.com\/wp-content\/uploads\/2024\/07\/ball.png\" alt=\"\" width=\"20\" height=\"20\" \/>LATAS C\u00d3NICAS<\/p>\n<p><img loading=\"lazy\" decoding=\"async\" class=\"size-full wp-image-2043 alignleft\" src=\"https:\/\/www.fantipackaging.com\/wp-content\/uploads\/2024\/07\/ball.png\" alt=\"\" width=\"20\" height=\"20\" \/>LATAS RECTANGULARES<\/p>\n<h4><\/h4>\n<h4 style=\"text-align: left; font-weight: 500; font-family: Barlow; margin-top: 40px;\"><span style=\"color: #333333;\">LATAS H\u00cdBRIDOS<\/span><\/h4>\n<p><img loading=\"lazy\" decoding=\"async\" class=\"size-full wp-image-2043 alignleft\" src=\"https:\/\/www.fantipackaging.com\/wp-content\/uploads\/2024\/07\/ball.png\" alt=\"\" width=\"20\" height=\"20\" \/>LATAS C\u00cdLINDRICAS[\/vc_column_text][vc_empty_space height=\u00bb50px\u00bb]<style type=\"text\/css\" data-type=\"the7_shortcodes-inline-css\">#default-btn-0b5e01fb1604b84dbb91790582f17ca7.ico-right-side > i {\n  margin-right: 0px;\n  margin-left: 8px;\n}\n#default-btn-0b5e01fb1604b84dbb91790582f17ca7 > i {\n  margin-right: 8px;\n}\n<\/style><div class=\"btn-align-center\"><a href=\"https:\/\/fantipackaging.com\/europe\/i-nostri-imballaggi\/\" class=\"default-btn-shortcode dt-btn dt-btn-l link-hover-off full-width-btn \" id=\"default-btn-0b5e01fb1604b84dbb91790582f17ca7\"><span>NUESTROS ENVASES &#8211; FANTI PACKAGING EUROPE<\/span><\/a><\/div>[\/vc_column][vc_column width=\u00bb1\/2&#8243;][vc_column_text css=\u00bb\u00bb]<\/p>\n<h1 style=\"text-align: left; font-weight: 500; font-family: Barlow;\"><span style=\"color: #0e7a3f;\">SECTOR ALIMENTARIO<\/span><\/h1>\n<h4 style=\"text-align: left; font-weight: 500; font-family: Barlow;\"><span style=\"color: #333333;\"><br \/>\nLATAS DE HOJALATA<\/span><\/h4>\n<p><img loading=\"lazy\" decoding=\"async\" class=\"size-full wp-image-2043 alignleft\" src=\"https:\/\/www.fantipackaging.com\/wp-content\/uploads\/2024\/07\/ball.png\" alt=\"\" width=\"20\" height=\"20\" \/>LATAS C\u00cdLINDRICAS<\/p>\n<p><img loading=\"lazy\" decoding=\"async\" class=\"size-full wp-image-2043 alignleft\" src=\"https:\/\/www.fantipackaging.com\/wp-content\/uploads\/2024\/07\/ball.png\" alt=\"\" width=\"20\" height=\"20\" \/><\/p>\n<p>LATAS C\u00d3NICAS<\/p>\n<p><img loading=\"lazy\" decoding=\"async\" class=\"size-full wp-image-2043 alignleft\" src=\"https:\/\/www.fantipackaging.com\/wp-content\/uploads\/2024\/07\/ball.png\" alt=\"\" width=\"20\" height=\"20\" \/><\/p>\n<p>LATAS RECTANGULARES<\/p>\n<h4 style=\"text-align: left; font-weight: 500; font-family: Barlow; margin-top: 40px;\"><span style=\"color: #333333;\">LATAS DE PL\u00c1STICO<\/span><\/h4>\n<p><img loading=\"lazy\" decoding=\"async\" class=\"size-full wp-image-2043 alignleft\" src=\"https:\/\/www.fantipackaging.com\/wp-content\/uploads\/2024\/07\/ball.png\" alt=\"\" width=\"20\" height=\"20\" \/>LATAS C\u00d3NICAS[\/vc_column_text][vc_empty_space height=\u00bb235px\u00bb]<style type=\"text\/css\" data-type=\"the7_shortcodes-inline-css\">#default-btn-3962555f408b65c1d291e55d8f079c3b.ico-right-side > i {\n  margin-right: 0px;\n  margin-left: 8px;\n}\n#default-btn-3962555f408b65c1d291e55d8f079c3b > i {\n  margin-right: 8px;\n}\n<\/style><div class=\"btn-align-center\"><a href=\"https:\/\/fantipackaging.com\/usa\/it\/i-nostri-imballaggi\/\" class=\"default-btn-shortcode dt-btn dt-btn-l link-hover-off full-width-btn \" id=\"default-btn-3962555f408b65c1d291e55d8f079c3b\"><span>NUESTROS ENVASES &#8211; FANTI PACKAGING AMERICAS<\/span><\/a><\/div>[\/vc_column][\/vc_row]<\/p>\n<\/div>","protected":false},"excerpt":{"rendered":"<p>[vc_row full_width=\u00bbstretch_row_content\u00bb el_class=\u00bbtopimage\u00bb css=\u00bb.vc_custom_1745404078539{background-image: url(https:\/\/fanti.hypefarm-test.it\/wp-content\/uploads\/2025\/04\/PRODOTTI_i-nostri-imballagg.jpg?id=6595) !important;}\u00bb][vc_column][vc_empty_space][\/vc_column][\/vc_row][vc_row css=\u00bb.vc_custom_1745224600624{padding-top: 40px !important;padding-bottom: 40px !important;}\u00bb][vc_column el_class=\u00bbmini-shrinkcentro hover-h1&#8243;][vc_column_text css=\u00bb.vc_custom_1745507653631{margin-bottom: 15px !important;}\u00bb] NUESTROS ENVASES [\/vc_column_text][vc_separator color=\u00bbcustom\u00bb border_width=\u00bb10&#8243; el_width=\u00bb40&#8243; css_animation=\u00bbappear\u00bb css=\u00bb.vc_custom_1747306601825{margin-bottom: 50px !important;}\u00bb accent_color=\u00bb#0E7A3F\u00bb][vc_column_text css=\u00bb.vc_custom_1745507662358{padding-top: 40px !important;padding-bottom: 40px !important;}\u00bb] Es desde 1948 que Fanti Packaging se ha dedicado a suministrar\u00a0soluciones flexibles\u00a0para el envasado primario. Presentamos una producci\u00f3ncompletamente\u00a0interna y\u00a0Made in Italy\u00a0de\u00a0frascos, cubos y<\/p>\n","protected":false},"author":1,"featured_media":0,"parent":0,"menu_order":0,"comment_status":"closed","ping_status":"closed","template":"","meta":{"cybocfi_hide_featured_image":"","footnotes":""},"categories":[],"tags":[],"class_list":["post-6921","page","type-page","status-publish","hentry","description-off"],"_links":{"self":[{"href":"https:\/\/fanti.hypefarm-test.it\/es\/wp-json\/wp\/v2\/pages\/6921","targetHints":{"allow":["GET"]}}],"collection":[{"href":"https:\/\/fanti.hypefarm-test.it\/es\/wp-json\/wp\/v2\/pages"}],"about":[{"href":"https:\/\/fanti.hypefarm-test.it\/es\/wp-json\/wp\/v2\/types\/page"}],"author":[{"embeddable":true,"href":"https:\/\/fanti.hypefarm-test.it\/es\/wp-json\/wp\/v2\/users\/1"}],"replies":[{"embeddable":true,"href":"https:\/\/fanti.hypefarm-test.it\/es\/wp-json\/wp\/v2\/comments?post=6921"}],"version-history":[{"count":3,"href":"https:\/\/fanti.hypefarm-test.it\/es\/wp-json\/wp\/v2\/pages\/6921\/revisions"}],"predecessor-version":[{"id":8415,"href":"https:\/\/fanti.hypefarm-test.it\/es\/wp-json\/wp\/v2\/pages\/6921\/revisions\/8415"}],"wp:attachment":[{"href":"https:\/\/fanti.hypefarm-test.it\/es\/wp-json\/wp\/v2\/media?parent=6921"}],"wp:term":[{"taxonomy":"category","embeddable":true,"href":"https:\/\/fanti.hypefarm-test.it\/es\/wp-json\/wp\/v2\/categories?post=6921"},{"taxonomy":"post_tag","embeddable":true,"href":"https:\/\/fanti.hypefarm-test.it\/es\/wp-json\/wp\/v2\/tags?post=6921"}],"curies":[{"name":"wp","href":"https:\/\/api.w.org\/{rel}","templated":true}]}}