{"id":6925,"date":"2025-04-23T12:46:08","date_gmt":"2025-04-23T10:46:08","guid":{"rendered":"https:\/\/fanti.hypefarm-test.it\/i-nostri-servizi\/"},"modified":"2025-05-15T17:09:54","modified_gmt":"2025-05-15T15:09:54","slug":"nuestros-servicios","status":"publish","type":"page","link":"https:\/\/fanti.hypefarm-test.it\/es\/nuestros-servicios\/","title":{"rendered":"Nuestros Servicios"},"content":{"rendered":"<div class=\"wpb-content-wrapper\"><p>[vc_row full_width=\u00bbstretch_row_content\u00bb el_class=\u00bbtopimage\u00bb css=\u00bb.vc_custom_1745404973305{background-image: url(https:\/\/fanti.hypefarm-test.it\/wp-content\/uploads\/2025\/04\/sf09b-2.jpg?id=6597) !important;}\u00bb][vc_column][vc_empty_space][\/vc_column][\/vc_row][vc_row css=\u00bb.vc_custom_1745224600624{padding-top: 40px !important;padding-bottom: 40px !important;}\u00bb][vc_column el_class=\u00bbmini-shrinkcentro hover-h1&#8243;][vc_column_text css=\u00bb.vc_custom_1745508773472{margin-bottom: 15px !important;}\u00bb]<\/p>\n<h1><img loading=\"lazy\" decoding=\"async\" class=\"aligncenter size-full wp-image-6613\" src=\"\/wp-content\/uploads\/2025\/04\/ic091.png\" alt=\"\" width=\"92\" height=\"79\" \/><\/h1>\n<h1 style=\"text-align: center;\">NUESTROS SERVICIOS<\/h1>\n<p>[\/vc_column_text][vc_separator color=\u00bbcustom\u00bb border_width=\u00bb10&#8243; el_width=\u00bb40&#8243; css_animation=\u00bbappear\u00bb css=\u00bb.vc_custom_1747321777400{margin-bottom: 50px !important;}\u00bb accent_color=\u00bb#0E7A3F\u00bb][vc_column_text css=\u00bb.vc_custom_1745508781320{padding-top: 40px !important;padding-bottom: 40px !important;}\u00bb]<\/p>\n<div class=\"module module-text tb_hr0v407\">\n<div class=\"tb_text_wrap\">\n<p>La\u00a0<strong>atenci\u00f3n al cliente y la calidad de los servicios<\/strong>\u00a0reservados est\u00e1n entre los principales criterios que gu\u00edan el desarrollo de Fanti Packaging. Nos comprometemos a ofrecer soluciones capaces de responder a los requerimientos de cada mercado de referencia y lo hacemos mediante una\u00a0<strong>gama de servicios completa y hecha a la medida<\/strong>, que nuestra densa red de sedes y de filiales en el mundo nos permiten garantizar.<\/div>\n<\/div>\n<div class=\"module_subrow themify_builder_sub_row tf_w col_align_top tb_col_count_2 tb_ngg0619\">\n<div class=\"module_column sub_column col4-2 tb_qe9k619 first\">\n<div class=\"module module-text tb_aiv8370\">\n<div class=\"tb_text_wrap\"><\/div>\n<\/div>\n<\/div>\n<\/div>\n<p>[\/vc_column_text][\/vc_column][\/vc_row][vc_row gap=\u00bb30&#8243; equal_height=\u00bbyes\u00bb][vc_column width=\u00bb1\/2&#8243; el_class=\u00bbpalla-lista\u00bb][vc_column_text css=\u00bb\u00bb]<\/p>\n<h2 style=\"text-align: left; font-weight: 500; font-family: Barlow;\"><span style=\"color: #0e7a3f;\">CONSULTOR\u00cdA T\u00c9CNICA<\/span><\/h2>\n<div><span style=\"color: #0e7a3f;\">\u00a0<\/span><\/div>\n<h4 style=\"text-align: left;\"><img loading=\"lazy\" decoding=\"async\" class=\"size-full wp-image-2043 alignleft\" src=\"https:\/\/www.fantipackaging.com\/wp-content\/uploads\/2024\/07\/ball.png\" alt=\"\" width=\"20\" height=\"20\" \/>CONSULTOR\u00cdA EXPERTA<\/h4>\n<h4 style=\"text-align: left;\"><\/h4>\n<div style=\"text-align: justify;\"><span style=\"text-align: justify;\">Nuestro equipo de expertos est\u00e1 presente\u00a0<strong>en cada parte del mundo<\/strong>\u00a0a fin de encontrar la soluci\u00f3n de envasado ideal para cada requerimiento. Desde la consultor\u00eda inicial a la propuesta de envasado final, trabajamos codo a codo con nuestros clientes para garantizar una\u00a0<strong>soluci\u00f3n a la medida<\/strong>\u00a0y con altos rendimientos y competitividad.<br \/>\n<\/span><\/div>\n<div><span style=\"color: #0e7a3f;\">\u00a0<\/span><\/div>\n<h4 style=\"text-align: left;\"><img loading=\"lazy\" decoding=\"async\" class=\"size-full wp-image-2043 alignleft\" src=\"https:\/\/www.fantipackaging.com\/wp-content\/uploads\/2024\/07\/ball.png\" alt=\"\" width=\"20\" height=\"20\" \/>MOLDEADO A LA MEDIDA<\/h4>\n<h4 style=\"text-align: left;\"><\/h4>\n<p>Desde grandes pedidos hasta cantidades m\u00e1s reducidas, estamos en condiciones de satisfacer los requerimientos de diferentes sectores industriales, garantizando\u00a0<strong>m\u00e1xima flexibilidad y personalizaci\u00f3n.<br \/>\n<\/strong><\/p>\n<div><span style=\"color: #0e7a3f;\">\u00a0<\/span><\/div>\n<h4 style=\"text-align: left;\"><img loading=\"lazy\" decoding=\"async\" class=\"size-full wp-image-2043 alignleft\" src=\"https:\/\/www.fantipackaging.com\/wp-content\/uploads\/2024\/07\/ball.png\" alt=\"\" width=\"20\" height=\"20\" \/>CONSULTOR\u00cdA SOBRE PINTADO<\/h4>\n<h4 style=\"text-align: left;\"><\/h4>\n<div class=\"module_column sub_column col4-2 tb_qe9k619 first\">\n<div class=\"module module-text tb_aiv8370\">\n<div class=\"tb_text_wrap\">\n<p>Nuestro servicio de consultor\u00eda te gu\u00eda en la elecci\u00f3n de los\u00a0<strong>revestimientos internos ideales<\/strong> para tus productos. Con pruebas cruzadas en nuestros laboratorios y en los tuyos, con la colaboraci\u00f3n de proveedores especializados.<\/div>\n<\/div>\n<\/div>\n<p>[\/vc_column_text][vc_empty_space height=\u00bb50px\u00bb][\/vc_column][vc_column width=\u00bb1\/2&#8243; el_class=\u00bbpalla-lista\u00bb][vc_column_text css=\u00bb\u00bb]<\/p>\n<h2 style=\"text-align: left; font-weight: 500; font-family: Barlow;\"><span style=\"color: #0e7a3f;\">GESTI\u00d3N DE LOS PEDIDOS<\/span><span style=\"color: #0e7a3f; font-family: 'normal Arial', Helvetica, sans-serif; font-size: 14px;\">\u00a0<\/span><\/h2>\n<h4 style=\"text-align: left;\"><img loading=\"lazy\" decoding=\"async\" class=\"size-full wp-image-2043 alignleft\" src=\"https:\/\/www.fantipackaging.com\/wp-content\/uploads\/2024\/07\/ball.png\" alt=\"\" width=\"20\" height=\"20\" \/>ASISTENCIA PERSONALIZADA A LOS CLIENTES<\/h4>\n<h4 style=\"text-align: left;\"><\/h4>\n<p>En Fanti Packaging,\u00a0<strong>el cliente es el centro<\/strong>. Un \u00fanico operador experto se encarga de tu pedido, desde el pedido mismo y su desarrollo hasta la postventa, garantizando comunicaci\u00f3n clara, soporte constante y satisfacci\u00f3n al 100%.<\/p>\n<div><span style=\"color: #0e7a3f;\">\u00a0<\/span><\/div>\n<h4 style=\"text-align: left;\"><img loading=\"lazy\" decoding=\"async\" class=\"size-full wp-image-2043 alignleft\" src=\"https:\/\/www.fantipackaging.com\/wp-content\/uploads\/2024\/07\/ball.png\" alt=\"\" width=\"20\" height=\"20\" \/>GESTI\u00d3N DE LAS REIMPRESIONES<\/h4>\n<h4 style=\"text-align: left;\"><\/h4>\n<p style=\"text-align: justify;\">La gesti\u00f3n de las reimpresiones\u00a0<strong>es simple e inmediata<\/strong>. Nuestro Servicio Clientes altamente profesional est\u00e1 dedicado a garantizar que cada reimpresi\u00f3n sea gestionada con m\u00e1xima eficiencia y\u00a0<strong>tempestividad<\/strong>, exentando a nuestros clientes de toda y cualquier preocupaci\u00f3n.<\/p>\n<div>\n<p><span style=\"color: #0e7a3f;\">\u00a0<\/span><\/p>\n<h4 style=\"text-align: left;\"><img loading=\"lazy\" decoding=\"async\" class=\"size-full wp-image-2043 alignleft\" src=\"https:\/\/www.fantipackaging.com\/wp-content\/uploads\/2024\/07\/ball.png\" alt=\"\" width=\"20\" height=\"20\" \/>PLATAFORMA EN L\u00cdNEA 24\/7<\/h4>\n<h4 style=\"text-align: left;\"><\/h4>\n<p style=\"text-align: justify;\">Accedi alla nostra piattaforma online per monitorare ordini, giacenze e consegne in qualsiasi momento. Informazioni che avrai sempre a portata di mano per una <strong>gestione semplice e trasparente.<\/strong><\/p>\n<\/div>\n<p>[\/vc_column_text][vc_empty_space height=\u00bb50px\u00bb][\/vc_column][\/vc_row][vc_row][vc_column][vc_column_text]<\/p>\n<p>[\/vc_column_text][\/vc_column][\/vc_row]<\/p>\n<\/div>","protected":false},"excerpt":{"rendered":"<p>[vc_row full_width=\u00bbstretch_row_content\u00bb el_class=\u00bbtopimage\u00bb css=\u00bb.vc_custom_1745404973305{background-image: url(https:\/\/fanti.hypefarm-test.it\/wp-content\/uploads\/2025\/04\/sf09b-2.jpg?id=6597) !important;}\u00bb][vc_column][vc_empty_space][\/vc_column][\/vc_row][vc_row css=\u00bb.vc_custom_1745224600624{padding-top: 40px !important;padding-bottom: 40px !important;}\u00bb][vc_column el_class=\u00bbmini-shrinkcentro hover-h1&#8243;][vc_column_text css=\u00bb.vc_custom_1745508773472{margin-bottom: 15px !important;}\u00bb] NUESTROS SERVICIOS [\/vc_column_text][vc_separator color=\u00bbcustom\u00bb border_width=\u00bb10&#8243; el_width=\u00bb40&#8243; css_animation=\u00bbappear\u00bb css=\u00bb.vc_custom_1747321777400{margin-bottom: 50px !important;}\u00bb accent_color=\u00bb#0E7A3F\u00bb][vc_column_text css=\u00bb.vc_custom_1745508781320{padding-top: 40px !important;padding-bottom: 40px !important;}\u00bb] La\u00a0atenci\u00f3n al cliente y la calidad de los servicios\u00a0reservados est\u00e1n entre los principales criterios que gu\u00edan el desarrollo de Fanti Packaging. Nos comprometemos<\/p>\n","protected":false},"author":1,"featured_media":0,"parent":0,"menu_order":0,"comment_status":"closed","ping_status":"closed","template":"","meta":{"cybocfi_hide_featured_image":"","footnotes":""},"categories":[],"tags":[],"class_list":["post-6925","page","type-page","status-publish","hentry","description-off"],"_links":{"self":[{"href":"https:\/\/fanti.hypefarm-test.it\/es\/wp-json\/wp\/v2\/pages\/6925","targetHints":{"allow":["GET"]}}],"collection":[{"href":"https:\/\/fanti.hypefarm-test.it\/es\/wp-json\/wp\/v2\/pages"}],"about":[{"href":"https:\/\/fanti.hypefarm-test.it\/es\/wp-json\/wp\/v2\/types\/page"}],"author":[{"embeddable":true,"href":"https:\/\/fanti.hypefarm-test.it\/es\/wp-json\/wp\/v2\/users\/1"}],"replies":[{"embeddable":true,"href":"https:\/\/fanti.hypefarm-test.it\/es\/wp-json\/wp\/v2\/comments?post=6925"}],"version-history":[{"count":3,"href":"https:\/\/fanti.hypefarm-test.it\/es\/wp-json\/wp\/v2\/pages\/6925\/revisions"}],"predecessor-version":[{"id":8431,"href":"https:\/\/fanti.hypefarm-test.it\/es\/wp-json\/wp\/v2\/pages\/6925\/revisions\/8431"}],"wp:attachment":[{"href":"https:\/\/fanti.hypefarm-test.it\/es\/wp-json\/wp\/v2\/media?parent=6925"}],"wp:term":[{"taxonomy":"category","embeddable":true,"href":"https:\/\/fanti.hypefarm-test.it\/es\/wp-json\/wp\/v2\/categories?post=6925"},{"taxonomy":"post_tag","embeddable":true,"href":"https:\/\/fanti.hypefarm-test.it\/es\/wp-json\/wp\/v2\/tags?post=6925"}],"curies":[{"name":"wp","href":"https:\/\/api.w.org\/{rel}","templated":true}]}}