{"id":7008,"date":"2025-04-23T15:22:29","date_gmt":"2025-04-23T13:22:29","guid":{"rendered":"https:\/\/fanti.hypefarm-test.it\/el-empeno\/"},"modified":"2025-05-29T12:26:48","modified_gmt":"2025-05-29T10:26:48","slug":"el-empeno","status":"publish","type":"page","link":"https:\/\/fanti.hypefarm-test.it\/es\/el-empeno\/","title":{"rendered":"El Empe\u00f1o"},"content":{"rendered":"<div class=\"wpb-content-wrapper\"><p>[vc_row full_width=\u00bbstretch_row_content\u00bb el_class=\u00bbtopimage\u00bb css=\u00bb.vc_custom_1745418067236{background-image: url(https:\/\/fanti.hypefarm-test.it\/wp-content\/uploads\/2025\/04\/inn.jpg?id=6651) !important;}\u00bb][vc_column][vc_empty_space][\/vc_column][\/vc_row][vc_row css=\u00bb.vc_custom_1745224600624{padding-top: 40px !important;padding-bottom: 40px !important;}\u00bb][vc_column el_class=\u00bbmini-shrinkcentro hover-h1&#8243;][vc_column_text css=\u00bb.vc_custom_1747139229378{margin-bottom: 15px !important;}\u00bb]<\/p>\n<h1><img loading=\"lazy\" decoding=\"async\" class=\"size-full wp-image-6381 aligncenter\" src=\"https:\/\/fanti.hypefarm-test.it\/wp-content\/uploads\/2025\/04\/04ic.png\" alt=\"\" width=\"64\" height=\"60\" \/><\/h1>\n<h1 style=\"text-align: center;\">EL EMPE\u00d1O<\/h1>\n<p>[\/vc_column_text][vc_separator color=\u00bbcustom\u00bb border_width=\u00bb10&#8243; el_width=\u00bb40&#8243; css_animation=\u00bbappear\u00bb css=\u00bb.vc_custom_1747322394457{margin-bottom: 50px !important;}\u00bb accent_color=\u00bb#0E7A3F\u00bb][vc_column_text css=\u00bb.vc_custom_1745509359966{padding-top: 40px !important;padding-bottom: 40px !important;}\u00bb]<\/p>\n<div class=\"module_subrow themify_builder_sub_row tf_w col_align_top tb_col_count_1 tb_1r1g228\">\n<div class=\"module_column sub_column col-full tb_rlop228 first\">\n<div class=\"module module-text tb_wzyz228\">\n<div class=\"tb_text_wrap\">\n<p>Estamos construyendo el futuro de Fanti Packaging sobre la base de nuestra historia y de una\u00a0<strong>innovaci\u00f3n en 360 grados<\/strong>. De esta forma, nuestras actividades reflejan nuestra esencia de empresa global de alma familiar<strong>: el compromiso constante, los valores consolidados<\/strong>, la fuerte atenci\u00f3n por aquellos aspectos que determinan\u00a0<strong>el respeto por el ambiente y por las personas<\/strong>, son partes de una visi\u00f3n que gu\u00eda cada paso de nuestro crecimiento.<\/p>\n<\/div>\n<\/div>\n<\/div>\n<\/div>\n<div class=\"module_subrow themify_builder_sub_row tf_w col_align_top tb_col_count_2 tb_ojhc510\">\n<div class=\"module_column sub_column col4-2 tb_lndm510 first\">\n<div class=\"module module-text tb_pl3v960\">\n<div class=\"tb_text_wrap\"><\/div>\n<\/div>\n<\/div>\n<\/div>\n<p>[\/vc_column_text][\/vc_column][\/vc_row][vc_row gap=\u00bb30&#8243; equal_height=\u00bbyes\u00bb][vc_column width=\u00bb1\/2&#8243;][vc_row_inner css=\u00bb.vc_custom_1747322400034{padding-right: 0px !important;padding-left: 0px !important;background-color: #FFFFFF !important;}\u00bb el_class=\u00bbhover-h1 hover-background allungamentodx\u00bb][vc_column_inner el_class=\u00bbroundcolumn\u00bb css=\u00bb.vc_custom_1745416929551{padding-top: 15px !important;padding-right: 0px !important;padding-left: 0px !important;}\u00bb][vc_column_text css=\u00bb.vc_custom_1748514395435{margin-bottom: 0px !important;margin-left: 30px !important;}\u00bb]<img loading=\"lazy\" decoding=\"async\" class=\"alignnone size-full wp-image-6626\" src=\"https:\/\/fanti.hypefarm-test.it\/wp-content\/uploads\/2025\/04\/sostenibilita.jpg\" alt=\"\" width=\"90\" height=\"90\" \/>[\/vc_column_text][vc_separator color=\u00bbcustom\u00bb align=\u00bbalign_left\u00bb border_width=\u00bb10&#8243; el_width=\u00bb50&#8243; css=\u00bb.vc_custom_1745326039944{margin-bottom: 50px !important;}\u00bb accent_color=\u00bb#0E7A3F\u00bb][vc_column_text css=\u00bb\u00bb]<\/p>\n<h1 style=\"text-align: center; font-size: 40px; line-height: 42px;\">LA SUSTENIBILIDAD<\/h1>\n<p>[\/vc_column_text][vc_single_image image=\u00bb6630&#8243; img_size=\u00bbfull\u00bb alignment=\u00bbcenter\u00bb onclick=\u00bbcustom_link\u00bb css=\u00bb.vc_custom_1747139121458{margin-bottom: 0px !important;}\u00bb link=\u00bb\/es\/nuestra-presencia-global\/\u00bb]<div class=\"ult_exp_section_layer ult-adjust-bottom-margin buttonexpand\" >\n\t\t<div id=\"uvc-exp-wrap-5957\" role=\"button\" tabindex=\"0\" aria-pressed=\"false\"  data-ultimate-target='#uvc-exp-wrap-5957'  data-responsive-json-new='{\"font-size\":\"desktop:20px;\",\"line-height\":\"desktop:20px;\"}'  class=\"ult_exp_section  ult-responsive \" style=\"color:#FFFFFF;background-color:#0E7A3F; font-weight:normal;  text-align:center;\" data-textcolor=\"#FFFFFF\"data-texthover=\"#FFFFFF\"data-icncolor=\"#FFFFFF\"data-ihover=\"#333333\"data-height=\"0\"data-cntbg=\"#0E7A3F\"data-cnthvrbg=\"#0E7A3F\"data-headerbg=\"#0E7A3F\"data-headerhover=\"#0E7A3F\"data-title=\"Leyes\"data-newtitle=\"Cierra\"data-icon=\"icomoon-the7-font-the7-arrow-05\"data-newicon=\"icomoon-the7-font-the7-arrow-04\"data-activeicon=\"#333333\"data-effect=\"slideToggle\"data-override=\"0\"data-activetitle=\"#FFFFFF\"data-activebg=\"#0E7A3F\"data-img=\"\"data-newimg=\"\"><div class=\"ult_exp_section-main ult_expleft_icon\">\t<div class=\"ult-just-icon-wrapper ult_exp_icon\">\n\t\t\t\t\t<div class=\"align-icon \">\n\t\t\t\t\t\t\n<span class=\"aio-icon  none  ult_expsection_icon \"  style=\"color:#FFFFFF;font-size:12px;\">\n\t<i class=\"icomoon-the7-font-the7-arrow-05 ult_ex_icon\"  ><\/i>\n<\/span>\n\t\t\t\t\t<\/div>\n\t\t\t\t<\/div>\n\t\t\t\t<div class=\"ult_expheader\" >Leyes\n\t\t\t\t<\/div>\n\t\t\t<\/div>\n\t\t<\/div><div class=\"ult_exp_content \" style=\"background-color:#FFFFFF;  \"><div class=\"ult_ecpsub_cont\" style=\" \" >[vc_column_text css=\u00bb.vc_custom_1745509461077{padding-top: 40px !important;padding-bottom: 40px !important;}\u00bb]<\/p>\n<div class=\"module_column sub_column col4-2 tb_lndm510 first\">\n<div class=\"module module-accordion tb_apda960\" data-behavior=\"toggle\">\n<div id=\"acc-apda960-0-content\" class=\"accordion-content tf_hide tf_clearfix\" data-id=\"acc-apda960-0\" aria-hidden=\"false\">\n<div class=\"module_subrow themify_builder_sub_row tf_w col_align_top tb_col_count_1 tb_wxn4960\">\n<div class=\"module_column sub_column tb_gyx7960 first\">\n<div class=\"module module-text tb_8lsf960\">\n<div class=\"tb_text_wrap\">\n<p style=\"text-align: left;\">Estar atentos al ambientees un acto de\u00a0<strong>responsabilidad empresarial y personal<\/strong>. Fanti Packaging basa su desarrollo en los principios del crecimiento sustentable, adoptando modalidades de trabajo y procesos productivos capaces de conciliar\u00a0<strong>salud ambiental, equidad social y dinamismo econ\u00f3mico<\/strong>. El nuestro es un enfoque que mira hacia el futuro y que busca mitigar el impacto industrial sobre nuestro planeta. Es nuestra voluntad orientar nuestra acci\u00f3n de modo\u00a0<strong>\u00e9tico<\/strong>, a fin de no comprometer nuestro presente y nuestro ma\u00f1ana.<\/p>\n<\/div>\n<\/div>\n<\/div>\n<\/div>\n<\/div>\n<\/div>\n<\/div>\n<div class=\"module_column sub_column col4-2 tb_h6v7718 last\">\n<div class=\"module module-text tb_71cv210\">\n<div class=\"tb_text_wrap\"><\/div>\n<\/div>\n<\/div>\n<p>[\/vc_column_text]<\/div><\/div>\n\n\t\t\t<\/div>[\/vc_column_inner][\/vc_row_inner][\/vc_column][vc_column width=\u00bb1\/2&#8243;][vc_row_inner css=\u00bb.vc_custom_1747322404180{background-color: #FFFFFF !important;}\u00bb el_class=\u00bbhover-h1 hover-background allungamentodx\u00bb][vc_column_inner el_class=\u00bbroundcolumn\u00bb css=\u00bb.vc_custom_1745327047313{padding-top: 15px !important;padding-right: 0px !important;padding-left: 0px !important;}\u00bb][vc_column_text css=\u00bb.vc_custom_1748514401579{margin-bottom: 0px !important;margin-left: 30px !important;}\u00bb]<img loading=\"lazy\" decoding=\"async\" class=\"alignnone size-full wp-image-6628\" src=\"https:\/\/fanti.hypefarm-test.it\/wp-content\/uploads\/2025\/04\/certificazioni.jpg\" alt=\"\" width=\"90\" height=\"90\" \/>[\/vc_column_text][vc_separator color=\u00bbcustom\u00bb align=\u00bbalign_left\u00bb border_width=\u00bb10&#8243; el_width=\u00bb50&#8243; css=\u00bb.vc_custom_1745326039944{margin-bottom: 50px !important;}\u00bb accent_color=\u00bb#0E7A3F\u00bb][vc_column_text css=\u00bb\u00bb]<\/p>\n<h1 style=\"text-align: center; font-size: 40px; line-height: 42px;\">LAS CERTIFICACIONES<\/h1>\n<p>[\/vc_column_text][vc_single_image image=\u00bb6632&#8243; img_size=\u00bbfull\u00bb alignment=\u00bbcenter\u00bb onclick=\u00bbcustom_link\u00bb css=\u00bb.vc_custom_1747139129751{margin-bottom: 0px !important;}\u00bb link=\u00bb\/es\/las-personas\/\u00bb]<div class=\"ult_exp_section_layer ult-adjust-bottom-margin buttonexpand\" >\n\t\t<div id=\"uvc-exp-wrap-2682\" role=\"button\" tabindex=\"0\" aria-pressed=\"false\"  data-ultimate-target='#uvc-exp-wrap-2682'  data-responsive-json-new='{\"font-size\":\"desktop:20px;\",\"line-height\":\"desktop:20px;\"}'  class=\"ult_exp_section  ult-responsive \" style=\"color:#FFFFFF;background-color:#0E7A3F; font-weight:normal;  text-align:center;\" data-textcolor=\"#FFFFFF\"data-texthover=\"#FFFFFF\"data-icncolor=\"#FFFFFF\"data-ihover=\"#333333\"data-height=\"0\"data-cntbg=\"#0E7A3F\"data-cnthvrbg=\"#0E7A3F\"data-headerbg=\"#0E7A3F\"data-headerhover=\"#0E7A3F\"data-title=\"Leyes\"data-newtitle=\"Cierra\"data-icon=\"icomoon-the7-font-the7-arrow-05\"data-newicon=\"icomoon-the7-font-the7-arrow-04\"data-activeicon=\"#333333\"data-effect=\"slideToggle\"data-override=\"0\"data-activetitle=\"#FFFFFF\"data-activebg=\"#0E7A3F\"data-img=\"\"data-newimg=\"\"><div class=\"ult_exp_section-main ult_expleft_icon\">\t<div class=\"ult-just-icon-wrapper ult_exp_icon\">\n\t\t\t\t\t<div class=\"align-icon \">\n\t\t\t\t\t\t\n<span class=\"aio-icon  none  ult_expsection_icon \"  style=\"color:#FFFFFF;font-size:12px;\">\n\t<i class=\"icomoon-the7-font-the7-arrow-05 ult_ex_icon\"  ><\/i>\n<\/span>\n\t\t\t\t\t<\/div>\n\t\t\t\t<\/div>\n\t\t\t\t<div class=\"ult_expheader\" >Leyes\n\t\t\t\t<\/div>\n\t\t\t<\/div>\n\t\t<\/div><div class=\"ult_exp_content \" style=\"background-color:#FFFFFF;  \"><div class=\"ult_ecpsub_cont\" style=\" \" >[vc_column_text css=\u00bb.vc_custom_1745509478132{padding-top: 40px !important;padding-bottom: 40px !important;}\u00bb]<\/p>\n<p style=\"text-align: left;\">Creemos firmemente que el crecimiento y el \u00e9xito de nuestro Grupo est\u00e1n estrechamente vinculados no solo al\u00a0<strong>desarrollo industrial y t\u00e9cnico<\/strong>, sino tambi\u00e9n a una paralela\u00a0<strong>evoluci\u00f3n cultural y organizativa<\/strong>. Por este motivo, asignamos gran importancia a la obtenci\u00f3n de\u00a0<strong>certificaciones reconocidas a nivel internacional<\/strong>\u00a0que testimonian nuestro compromiso en cuanto a la excelencia y a la satisfacci\u00f3n de nuestros clientes.<\/p>\n<p style=\"text-align: left;\"><strong>ISO 9001: un m\u00e9todo de trabajo compartido<\/strong><\/p>\n<p style=\"text-align: left;\">La\u00a0<strong>certificaci\u00f3n ISO 9001<\/strong>\u00a0representa para nosotros mucho m\u00e1s que un simple reconocimiento formal. Es la expresi\u00f3n tangible de un m\u00e9todo de trabajo basado en la sinergia entre las diferentes funciones empresariales y el hecho de compartir las mejores pr\u00e1cticas entre las diferentes unidades productivas del Grupo. Con este enfoque buscamos alcanzar objetivos medibles y desafiantes, manteniendo siempre la centralidad de los requerimientos y expectativas del cliente.<\/p>\n<p style=\"text-align: left;\"><strong>Un compromiso continuo con el mejoramiento<\/strong><\/p>\n<p style=\"text-align: left;\">Las certificaciones no representan para nosotros un objetivo sino un\u00a0<strong>punto de partida<\/strong>\u00a0de un proceso de mejora continua. Mediante un an\u00e1lisis constante de nuestra productividad, la comunicaci\u00f3n de las experiencias hechas y la recepci\u00f3n activa de las respuestas de los clientes trabajamos diariamente para reforzar nuestra organizaci\u00f3n y proponer soluciones de envasado cada vez m\u00e1s\u00a0<strong>innovadoras, fiables y sustentables<\/strong>. Nuestro objetivo es ofrecer al cliente una experiencia de servicio uniforme y de alta calidad, cualquier que sea el sector productivo en el cual opera.<br \/>\nEn Fanti Packaging las certificaciones representan el s\u00edmbolo tangible de nuestro compromiso en pos de la excelencia, la satisfacci\u00f3n del cliente y el crecimiento responsable de nuestro Grupo.<\/p>\n<p>[\/vc_column_text]<\/div><\/div>\n\n\t\t\t<\/div>[\/vc_column_inner][\/vc_row_inner][\/vc_column][\/vc_row]<\/p>\n<\/div>","protected":false},"excerpt":{"rendered":"<p>[vc_row full_width=\u00bbstretch_row_content\u00bb el_class=\u00bbtopimage\u00bb css=\u00bb.vc_custom_1745418067236{background-image: url(https:\/\/fanti.hypefarm-test.it\/wp-content\/uploads\/2025\/04\/inn.jpg?id=6651) !important;}\u00bb][vc_column][vc_empty_space][\/vc_column][\/vc_row][vc_row css=\u00bb.vc_custom_1745224600624{padding-top: 40px !important;padding-bottom: 40px !important;}\u00bb][vc_column el_class=\u00bbmini-shrinkcentro hover-h1&#8243;][vc_column_text css=\u00bb.vc_custom_1747139229378{margin-bottom: 15px !important;}\u00bb] EL EMPE\u00d1O [\/vc_column_text][vc_separator color=\u00bbcustom\u00bb border_width=\u00bb10&#8243; el_width=\u00bb40&#8243; css_animation=\u00bbappear\u00bb css=\u00bb.vc_custom_1747322394457{margin-bottom: 50px !important;}\u00bb accent_color=\u00bb#0E7A3F\u00bb][vc_column_text css=\u00bb.vc_custom_1745509359966{padding-top: 40px !important;padding-bottom: 40px !important;}\u00bb] Estamos construyendo el futuro de Fanti Packaging sobre la base de nuestra historia y de una\u00a0innovaci\u00f3n en 360 grados. De esta forma, nuestras<\/p>\n","protected":false},"author":1,"featured_media":0,"parent":0,"menu_order":0,"comment_status":"closed","ping_status":"closed","template":"","meta":{"cybocfi_hide_featured_image":"","footnotes":""},"categories":[],"tags":[],"class_list":["post-7008","page","type-page","status-publish","hentry","description-off"],"_links":{"self":[{"href":"https:\/\/fanti.hypefarm-test.it\/es\/wp-json\/wp\/v2\/pages\/7008","targetHints":{"allow":["GET"]}}],"collection":[{"href":"https:\/\/fanti.hypefarm-test.it\/es\/wp-json\/wp\/v2\/pages"}],"about":[{"href":"https:\/\/fanti.hypefarm-test.it\/es\/wp-json\/wp\/v2\/types\/page"}],"author":[{"embeddable":true,"href":"https:\/\/fanti.hypefarm-test.it\/es\/wp-json\/wp\/v2\/users\/1"}],"replies":[{"embeddable":true,"href":"https:\/\/fanti.hypefarm-test.it\/es\/wp-json\/wp\/v2\/comments?post=7008"}],"version-history":[{"count":11,"href":"https:\/\/fanti.hypefarm-test.it\/es\/wp-json\/wp\/v2\/pages\/7008\/revisions"}],"predecessor-version":[{"id":8494,"href":"https:\/\/fanti.hypefarm-test.it\/es\/wp-json\/wp\/v2\/pages\/7008\/revisions\/8494"}],"wp:attachment":[{"href":"https:\/\/fanti.hypefarm-test.it\/es\/wp-json\/wp\/v2\/media?parent=7008"}],"wp:term":[{"taxonomy":"category","embeddable":true,"href":"https:\/\/fanti.hypefarm-test.it\/es\/wp-json\/wp\/v2\/categories?post=7008"},{"taxonomy":"post_tag","embeddable":true,"href":"https:\/\/fanti.hypefarm-test.it\/es\/wp-json\/wp\/v2\/tags?post=7008"}],"curies":[{"name":"wp","href":"https:\/\/api.w.org\/{rel}","templated":true}]}}