{"id":7020,"date":"2025-04-23T17:17:28","date_gmt":"2025-04-23T15:17:28","guid":{"rendered":"https:\/\/fanti.hypefarm-test.it\/i-contatti\/"},"modified":"2025-05-16T10:26:46","modified_gmt":"2025-05-16T08:26:46","slug":"los-contactos","status":"publish","type":"page","link":"https:\/\/fanti.hypefarm-test.it\/es\/los-contactos\/","title":{"rendered":"Los Contactos"},"content":{"rendered":"<div class=\"wpb-content-wrapper\"><p>[vc_row full_width=\u00bbstretch_row_content\u00bb el_class=\u00bbtopimage\u00bb css=\u00bb.vc_custom_1745421218475{background-image: url(https:\/\/fanti.hypefarm-test.it\/wp-content\/uploads\/2025\/04\/header-storia.jpg?id=6664) !important;}\u00bb][vc_column][vc_empty_space][\/vc_column][\/vc_row][vc_row css=\u00bb.vc_custom_1745421531177{padding-top: 40px !important;}\u00bb][vc_column el_class=\u00bbmini-shrinkcentro hover-h1&#8243;][vc_column_text css=\u00bb.vc_custom_1745509784210{margin-bottom: 15px !important;}\u00bb]<\/p>\n<h1 style=\"text-align: center;\"><img loading=\"lazy\" decoding=\"async\" class=\"alignnone size-full wp-image-6343\" src=\"https:\/\/fanti.hypefarm-test.it\/wp-content\/uploads\/2025\/04\/01ic.png\" alt=\"\" width=\"81\" height=\"80\" \/><\/h1>\n<h1 style=\"text-align: center;\">LOS CONTACTOS<\/h1>\n<p>[\/vc_column_text][vc_separator color=\u00bbcustom\u00bb border_width=\u00bb10&#8243; el_width=\u00bb40&#8243; css_animation=\u00bbappear\u00bb css=\u00bb.vc_custom_1747383991817{margin-bottom: 50px !important;}\u00bb accent_color=\u00bb#0E7A3F\u00bb][vc_column_text css=\u00bb.vc_custom_1745509793097{padding-top: 40px !important;padding-bottom: 40px !important;}\u00bb]<\/p>\n<div class=\"module module-text tb_upfa006\">\n<div class=\"tb_text_wrap\">\n<p>La\u00a0<strong>conexi\u00f3n<\/strong>\u00a0con todos los interesados (<em>stakeholders<\/em>) es una de las prioridades de Fanti Packaging. Por ello hemos establecido una secci\u00f3n de informaci\u00f3n detallada, que permite en particular al cliente permanecer actualizado sobre las \u00faltimas novedades relativas a nuestra empresa.<\/div>\n<\/div>\n<div class=\"module_subrow themify_builder_sub_row tf_w col_align_top tb_col_count_2 tb_x5l4940\">\n<div class=\"module_column sub_column col4-2 tb_xdmu940 first\">\n<div class=\"module module-text tb_jkng940\">\n<div class=\"tb_text_wrap\"><\/div>\n<\/div>\n<\/div>\n<\/div>\n<p>[\/vc_column_text][\/vc_column][\/vc_row][vc_row gap=\u00bb20&#8243; equal_height=\u00bbyes\u00bb content_placement=\u00bbmiddle\u00bb][vc_column width=\u00bb1\/3&#8243;][vc_column_text css=\u00bb.vc_custom_1746452889960{padding-top: 40px !important;padding-bottom: 40px !important;}\u00bb]<\/p>\n<h4><span style=\"font-weight: bold; color: #0e7a3f;\">SEDE CENTRAL<\/span><\/h4>\n<h4><span style=\"font-size: 18px; color: #666666; font-weight: bold;\">FANTI PACKAGING s.r.l a Socio Unico<\/span><\/h4>\n<p>Via Del Lavoro, 95<br \/>\n40033 Casalecchio Di Reno (BO) \u2013 ITALIA<\/p>\n<p>Tel: +39 051 61 86 711<\/p>\n<p>E-mail: <a class=\"underline\" href=\"mailto:info@fantipackaging.com\">info@fantipackaging.com<\/a><\/p>\n<p>Horario de oficinas: 8.30 \u2013 12.30 \/ 13.30 \u2013 17.30<\/p>\n<p><strong>ADMINISTRACI\u00d3N<\/strong><\/p>\n<p>Tel.\u00a0+39 051 19873904<br \/>\nE-mail: <a class=\"underline\" href=\"mailto:amministrazione@fantipackaging.com\">amministrazione@fantipackaging.com<\/a><\/p>\n<p><strong>RECURSOS HUMANOS<\/strong><\/p>\n<p>Tel. +39 051 6186711 int. 932<br \/>\nE-mail:\u00a0<a class=\"underline\" href=\"mailto:HR@GRUPPOFANTI.IT\">hrgruppofanti@gruppofanti.it<\/a>[\/vc_column_text][\/vc_column][vc_column width=\u00bb2\/3&#8243;][vc_raw_html css=\u00bb\u00bb]JTNDaWZyYW1lJTIwc3R5bGUlM0QlMjJib3JkZXIlM0ElMjAwJTNCJTIyJTIwc3JjJTNEJTIyaHR0cHMlM0ElMkYlMkZ3d3cuZ29vZ2xlLmNvbSUyRm1hcHMlMkZlbWJlZCUzRnBiJTNEJTIxMW0xOCUyMTFtMTIlMjExbTMlMjExZDI4NDYuMTg4Mjk3NDQzNDQyNSUyMTJkMTEuMjQ2NTExMzc2NTY1NDEzJTIxM2Q0NC40OTA4MDgzOTc4NTU2MiUyMTJtMyUyMTFmMCUyMTJmMCUyMTNmMCUyMTNtMiUyMTFpMTAyNCUyMTJpNzY4JTIxNGYxMy4xJTIxM20zJTIxMW0yJTIxMXMweDQ3N2ZkNjhkOGYxMDdiNTElMjUzQTB4NGJjOTlkMTNjOTA4OTdkNiUyMTJzR2lvcmdpbyUyNTIwRmFudGklMjE1ZTAlMjEzbTIlMjExc2l0JTIxMnNpdCUyMTR2MTcwNzM4ODM5OTY4OSUyMTVtMiUyMTFzaXQlMjEyc2l0JTIyJTIwY2xhc3MlM0QlMjJtYXBwYS1nb29nbGUlMjIlMjB3aWR0aCUzRCUyMjEwMCUyNSUyMiUyMGhlaWdodCUzRCUyMjQ4MCUyMiUyMGFsbG93ZnVsbHNjcmVlbiUzRCUyMmFsbG93ZnVsbHNjcmVlbiUyMiUzRSUzQyUyRmlmcmFtZSUzRQ==[\/vc_raw_html][\/vc_column][\/vc_row][vc_row css=\u00bb.vc_custom_1745421545601{padding-top: 70px !important;}\u00bb][vc_column el_class=\u00bbmini-shrinkcentro hover-h1&#8243;][vc_column_text css=\u00bb.vc_custom_1745509889784{margin-bottom: 15px !important;}\u00bb]<\/p>\n<h1 style=\"text-align: center;\">M\u00d3DULO DE CONTACTO<\/h1>\n<p>[\/vc_column_text][vc_separator color=\u00bbcustom\u00bb border_width=\u00bb10&#8243; el_width=\u00bb40&#8243; css_animation=\u00bbappear\u00bb css=\u00bb.vc_custom_1747384001617{margin-bottom: 50px !important;}\u00bb accent_color=\u00bb#0E7A3F\u00bb]\n<div class=\"wpcf7 no-js\" id=\"wpcf7-f7114-o1\" lang=\"es-ES\" dir=\"ltr\" data-wpcf7-id=\"7114\">\n<div class=\"screen-reader-response\"><p role=\"status\" aria-live=\"polite\" aria-atomic=\"true\"><\/p> <ul><\/ul><\/div>\n<form action=\"\/es\/wp-json\/wp\/v2\/pages\/7020#wpcf7-f7114-o1\" method=\"post\" class=\"wpcf7-form init\" aria-label=\"Formulario de contacto\" novalidate=\"novalidate\" data-status=\"init\">\n<div style=\"display: none;\">\n<input type=\"hidden\" name=\"_wpcf7\" value=\"7114\" \/>\n<input type=\"hidden\" name=\"_wpcf7_version\" value=\"6.0.6\" \/>\n<input type=\"hidden\" name=\"_wpcf7_locale\" value=\"es_ES\" \/>\n<input type=\"hidden\" name=\"_wpcf7_unit_tag\" value=\"wpcf7-f7114-o1\" \/>\n<input type=\"hidden\" name=\"_wpcf7_container_post\" value=\"0\" \/>\n<input type=\"hidden\" name=\"_wpcf7_posted_data_hash\" value=\"\" \/>\n<input type=\"hidden\" name=\"_wpcf7dtx_version\" value=\"5.0.3\" \/>\n<\/div>\n<div class=\"vc_col-sm-12\">\n\t<p>Nombre de impresa *\n\t<\/p>\n\t<p><span class=\"wpcf7-form-control-wrap\" data-name=\"company\"><input size=\"40\" maxlength=\"400\" class=\"wpcf7-form-control wpcf7-text wpcf7-validates-as-required\" aria-required=\"true\" aria-invalid=\"false\" value=\"\" type=\"text\" name=\"company\" \/><\/span>\n\t<\/p>\n<\/div>\n<div class=\"vc_col-sm-6\">\n\t<p>Nombre y Apellidos *<br \/>\n<span class=\"wpcf7-form-control-wrap\" data-name=\"your-name\"><input size=\"40\" maxlength=\"400\" class=\"wpcf7-form-control wpcf7-text wpcf7-validates-as-required\" aria-required=\"true\" aria-invalid=\"false\" value=\"\" type=\"text\" name=\"your-name\" \/><\/span>\n\t<\/p>\n<\/div>\n<div class=\"vc_col-sm-6\">\n\t<p><label> Funci\u00f3n *<br \/>\n<span class=\"wpcf7-form-control-wrap\" data-name=\"funzione\"><input size=\"40\" maxlength=\"400\" class=\"wpcf7-form-control wpcf7-text wpcf7-validates-as-required\" aria-required=\"true\" aria-invalid=\"false\" value=\"\" type=\"text\" name=\"funzione\" \/><\/span> <\/label>\n\t<\/p>\n<\/div>\n<div class=\"vc_col-sm-6\">\n\t<p><label> E-mail *<br \/>\n<span class=\"wpcf7-form-control-wrap\" data-name=\"your-email\"><input size=\"40\" maxlength=\"400\" class=\"wpcf7-form-control wpcf7-text wpcf7-validates-as-required\" aria-required=\"true\" aria-invalid=\"false\" value=\"\" type=\"text\" name=\"your-email\" \/><\/span> <\/label>\n\t<\/p>\n<\/div>\n<div class=\"vc_col-sm-6\">\n\t<p><label> N\u00famero de tel\u00e9fono *<br \/>\n<span class=\"wpcf7-form-control-wrap\" data-name=\"telefono\"><input size=\"40\" maxlength=\"400\" class=\"wpcf7-form-control wpcf7-text wpcf7-validates-as-required\" aria-required=\"true\" aria-invalid=\"false\" value=\"\" type=\"text\" name=\"telefono\" \/><\/span> <\/label>\n\t<\/p>\n<\/div>\n<div class=\"vc_col-sm-3\">\n\t<p><label> Ciudad<br \/>\n<span class=\"wpcf7-form-control-wrap\" data-name=\"citta\"><input size=\"40\" maxlength=\"400\" class=\"wpcf7-form-control wpcf7-text\" aria-invalid=\"false\" value=\"\" type=\"text\" name=\"citta\" \/><\/span> <\/label>\n\t<\/p>\n<\/div>\n<div class=\"vc_col-sm-3\">\n\t<p><label> Provincia<br \/>\n<span class=\"wpcf7-form-control-wrap\" data-name=\"provincia\"><input size=\"40\" maxlength=\"400\" class=\"wpcf7-form-control wpcf7-text\" aria-invalid=\"false\" value=\"\" type=\"text\" name=\"provincia\" \/><\/span> <\/label>\n\t<\/p>\n<\/div>\n<div class=\"vc_col-sm-6\">\n\t<p><label> Estado<br \/>\n<span class=\"wpcf7-form-control-wrap\" data-name=\"nazione\"><input size=\"40\" maxlength=\"400\" class=\"wpcf7-form-control wpcf7-text\" aria-invalid=\"false\" value=\"\" type=\"text\" name=\"nazione\" \/><\/span> <\/label>\n\t<\/p>\n<\/div>\n<div class=\"vc_col-sm-12\">\n\t<p><label> Mensaje<br \/>\n<span class=\"wpcf7-form-control-wrap\" data-name=\"your-message\"><textarea cols=\"40\" rows=\"10\" maxlength=\"2000\" class=\"wpcf7-form-control wpcf7-textarea\" aria-invalid=\"false\" name=\"your-message\"><\/textarea><\/span> <\/label>\n\t<\/p>\n<\/div>\n<div class=\"vc_col-sm-12\">\n\t<p style=\"margin-top:40px;\"><strong>Consentimiento para comunicaciones comerciales<\/strong><br \/>\n<span class=\"wpcf7-form-control-wrap\" data-name=\"comunicazioni-commerciali\"><span class=\"wpcf7-form-control wpcf7-acceptance optional\"><span class=\"wpcf7-list-item\"><label><input type=\"checkbox\" name=\"comunicazioni-commerciali\" value=\"1\" aria-invalid=\"false\" \/><span class=\"wpcf7-list-item-label\">Consiento el tratamiento de mis datos para el env\u00edo de comunicaciones comerciales sobre nuevos productos y\/o servicios dentro de los l\u00edmites indicados en la informaci\u00f3n completa<\/span><\/label><\/span><\/span><\/span>\n\t<\/p>\n<\/div>\n<div class=\"vc_col-sm-12\">\n\t<p style=\"margin-top:40px;\"><strong>Privacidad*<\/strong><br \/>\n<span class=\"wpcf7-form-control-wrap\" data-name=\"acceptance-181\"><span class=\"wpcf7-form-control wpcf7-acceptance\"><span class=\"wpcf7-list-item\"><label><input type=\"checkbox\" name=\"acceptance-181\" value=\"1\" aria-invalid=\"false\" \/><span class=\"wpcf7-list-item-label\">Los datos introducidos se utilizar\u00e1n en pleno cumplimiento del Reglamento (UE) 679\/2016 \"relativo a la protecci\u00f3n de las personas f\u00edsicas en lo que respecta al tratamiento de datos personales, as\u00ed como a la libre circulaci\u00f3n de dichos datos\". El interesado podr\u00e1 ejercer los derechos previstos en el art. en cualquier momento. 13 del propio Reglamento contactando a info@giorgiofanti.it. Al completar y enviar este formulario, usted da su libre consentimiento al procesamiento de sus datos personales para los fines y dentro de los l\u00edmites indicados en esta informaci\u00f3n completa. Los campos marcados con este s\u00edmbolo (*) son obligatorios.<\/span><\/label><\/span><\/span><\/span>\n\t<\/p>\n<\/div>\n<div class=\"vc_col-sm-12\" style=\"margin-top:40px;\">\n\t<p><input class=\"wpcf7-form-control wpcf7-submit has-spinner btn btn--cta\" type=\"submit\" value=\"Enviar\" \/>\n\t<\/p>\n<\/div><div class=\"wpcf7-response-output\" aria-hidden=\"true\"><\/div>\n<\/form>\n<\/div>\n[\/vc_column][\/vc_row]<\/p>\n<\/div>","protected":false},"excerpt":{"rendered":"<p>[vc_row full_width=\u00bbstretch_row_content\u00bb el_class=\u00bbtopimage\u00bb css=\u00bb.vc_custom_1745421218475{background-image: url(https:\/\/fanti.hypefarm-test.it\/wp-content\/uploads\/2025\/04\/header-storia.jpg?id=6664) !important;}\u00bb][vc_column][vc_empty_space][\/vc_column][\/vc_row][vc_row css=\u00bb.vc_custom_1745421531177{padding-top: 40px !important;}\u00bb][vc_column el_class=\u00bbmini-shrinkcentro hover-h1&#8243;][vc_column_text css=\u00bb.vc_custom_1745509784210{margin-bottom: 15px !important;}\u00bb] LOS CONTACTOS [\/vc_column_text][vc_separator color=\u00bbcustom\u00bb border_width=\u00bb10&#8243; el_width=\u00bb40&#8243; css_animation=\u00bbappear\u00bb css=\u00bb.vc_custom_1747383991817{margin-bottom: 50px !important;}\u00bb accent_color=\u00bb#0E7A3F\u00bb][vc_column_text css=\u00bb.vc_custom_1745509793097{padding-top: 40px !important;padding-bottom: 40px !important;}\u00bb] La\u00a0conexi\u00f3n\u00a0con todos los interesados (stakeholders) es una de las prioridades de Fanti Packaging. Por ello hemos establecido una secci\u00f3n de informaci\u00f3n detallada, que permite en<\/p>\n","protected":false},"author":1,"featured_media":0,"parent":0,"menu_order":0,"comment_status":"closed","ping_status":"closed","template":"","meta":{"cybocfi_hide_featured_image":"","footnotes":""},"categories":[],"tags":[],"class_list":["post-7020","page","type-page","status-publish","hentry","description-off"],"_links":{"self":[{"href":"https:\/\/fanti.hypefarm-test.it\/es\/wp-json\/wp\/v2\/pages\/7020","targetHints":{"allow":["GET"]}}],"collection":[{"href":"https:\/\/fanti.hypefarm-test.it\/es\/wp-json\/wp\/v2\/pages"}],"about":[{"href":"https:\/\/fanti.hypefarm-test.it\/es\/wp-json\/wp\/v2\/types\/page"}],"author":[{"embeddable":true,"href":"https:\/\/fanti.hypefarm-test.it\/es\/wp-json\/wp\/v2\/users\/1"}],"replies":[{"embeddable":true,"href":"https:\/\/fanti.hypefarm-test.it\/es\/wp-json\/wp\/v2\/comments?post=7020"}],"version-history":[{"count":20,"href":"https:\/\/fanti.hypefarm-test.it\/es\/wp-json\/wp\/v2\/pages\/7020\/revisions"}],"predecessor-version":[{"id":8485,"href":"https:\/\/fanti.hypefarm-test.it\/es\/wp-json\/wp\/v2\/pages\/7020\/revisions\/8485"}],"wp:attachment":[{"href":"https:\/\/fanti.hypefarm-test.it\/es\/wp-json\/wp\/v2\/media?parent=7020"}],"wp:term":[{"taxonomy":"category","embeddable":true,"href":"https:\/\/fanti.hypefarm-test.it\/es\/wp-json\/wp\/v2\/categories?post=7020"},{"taxonomy":"post_tag","embeddable":true,"href":"https:\/\/fanti.hypefarm-test.it\/es\/wp-json\/wp\/v2\/tags?post=7020"}],"curies":[{"name":"wp","href":"https:\/\/api.w.org\/{rel}","templated":true}]}}