{"id":7165,"date":"2025-04-21T10:25:46","date_gmt":"2025-04-21T08:25:46","guid":{"rendered":"https:\/\/fanti.hypefarm-test.it\/il-gruppo\/"},"modified":"2025-05-29T12:54:18","modified_gmt":"2025-05-29T10:54:18","slug":"le-groupe","status":"publish","type":"page","link":"https:\/\/fanti.hypefarm-test.it\/fr\/le-groupe\/","title":{"rendered":"Le Groupe"},"content":{"rendered":"<div class=\"wpb-content-wrapper\"><p>[vc_row full_width=\u00a0\u00bbstretch_row_content\u00a0\u00bb][vc_column width=\u00a0\u00bb1\/4&Prime;][\/vc_column][vc_column width=\u00a0\u00bb1\/4&Prime; offset=\u00a0\u00bbvc_col-xs-6&Prime;][vc_single_image image=\u00a0\u00bb6354&Prime; img_size=\u00a0\u00bbfull\u00a0\u00bb alignment=\u00a0\u00bbcenter\u00a0\u00bb onclick=\u00a0\u00bbcustom_link\u00a0\u00bb css=\u00a0\u00bb\u00a0\u00bb link=\u00a0\u00bbhttps:\/\/www.fantipackaging.com\/usa\/\u00a0\u00bb el_class=\u00a0\u00bbluccichio\u00a0\u00bb][\/vc_column][vc_column width=\u00a0\u00bb1\/4&Prime; offset=\u00a0\u00bbvc_col-xs-6&Prime;][vc_single_image image=\u00a0\u00bb6356&Prime; img_size=\u00a0\u00bbfull\u00a0\u00bb alignment=\u00a0\u00bbcenter\u00a0\u00bb onclick=\u00a0\u00bbcustom_link\u00a0\u00bb css=\u00a0\u00bb\u00a0\u00bb link=\u00a0\u00bbhttps:\/\/www.fantipackaging.com\/europe\/\u00a0\u00bb el_class=\u00a0\u00bbluccichio\u00a0\u00bb][\/vc_column][vc_column width=\u00a0\u00bb1\/4&Prime;][\/vc_column][\/vc_row][vc_row][vc_column el_class=\u00a0\u00bbmini-shrinkcentro hover-h1&Prime;][vc_column_text css=\u00a0\u00bb.vc_custom_1745829042649{margin-bottom: 15px !important;}\u00a0\u00bb]<\/p>\n<h1><img loading=\"lazy\" decoding=\"async\" class=\"wp-image-6343 aligncenter\" src=\"\/wp-content\/uploads\/2025\/04\/01ic.png\" alt=\"\" width=\"50\" height=\"50\" \/><\/h1>\n<h1 style=\"text-align: center;\">LE GROUPE<\/h1>\n<p>[\/vc_column_text][vc_separator color=\u00a0\u00bbcustom\u00a0\u00bb border_width=\u00a0\u00bb10&Prime; el_width=\u00a0\u00bb40&Prime; css_animation=\u00a0\u00bbappear\u00a0\u00bb css=\u00a0\u00bb.vc_custom_1747303668391{margin-bottom: 50px !important;}\u00a0\u00bb accent_color=\u00a0\u00bb#0E7A3F\u00a0\u00bb][vc_column_text css=\u00a0\u00bb.vc_custom_1745829050151{padding-top: 40px !important;padding-bottom: 40px !important;}\u00a0\u00bb]<\/p>\n<p style=\"text-align: justify;\">Fanti Packaging est un Groupe de r\u00e9f\u00e9rence internationale dans le monde\u00a0<strong>de l\u2019emballage<\/strong>\u00a0<strong>industriel<\/strong>. Avec une solide sp\u00e9cialisation dans la production de\u00a0<strong>conteneurs en m\u00e9tal, en plastique et hybrides<\/strong>, nous nous engageons \u00e0 fournir des solutions con\u00e7ues pour r\u00e9pondre aux besoins de diff\u00e9rents secteurs, garantissant les meilleures performances en mati\u00e8re de s\u00e9curit\u00e9 et de fiabilit\u00e9. Situ\u00e9e \u00e0 Casalecchio di Reno\u00a0<strong>depuis plus de 70 ans<\/strong>, Fanti Packaging op\u00e8re \u00e0 l\u2019\u00e9chelle mondiale avec une pr\u00e9sence consolid\u00e9e dans plus de 50 pays et des usines capables de garantir un service ponctuel et personnalis\u00e9.<\/p>\n<p>[\/vc_column_text][\/vc_column][\/vc_row][vc_row full_width=\u00a0\u00bbstretch_row_content_no_spaces\u00a0\u00bb gap=\u00a0\u00bb30&Prime; css=\u00a0\u00bb.vc_custom_1744809923388{padding-top: 70px !important;padding-bottom: 70px !important;}\u00a0\u00bb][vc_column width=\u00a0\u00bb1\/12&Prime;][\/vc_column][vc_column width=\u00a0\u00bb5\/12&Prime; el_class=\u00a0\u00bbmini-shrinkdx hover-h1&Prime;][vc_column_text css=\u00a0\u00bb.vc_custom_1746516897638{margin-bottom: 15px !important;}\u00a0\u00bb]<\/p>\n<h1><img loading=\"lazy\" decoding=\"async\" class=\"luccichio alignleft\" src=\"\/wp-content\/uploads\/2025\/04\/ic01.png\" alt=\"\" width=\"80\" height=\"70\" \/><\/h1>\n<h1>QUI SOMMES-NOUS<\/h1>\n<p>[\/vc_column_text][vc_separator color=\u00a0\u00bbcustom\u00a0\u00bb border_width=\u00a0\u00bb10&Prime; css_animation=\u00a0\u00bbfadeInLeft\u00a0\u00bb css=\u00a0\u00bb.vc_custom_1747303676389{margin-bottom: 50px !important;}\u00a0\u00bb accent_color=\u00a0\u00bb#0E7A3F\u00a0\u00bb][vc_column_text css=\u00a0\u00bb.vc_custom_1745829514292{padding-top: 40px !important;padding-bottom: 40px !important;}\u00a0\u00bb]<\/p>\n<div class=\"module module-text tb_bxpl288\">\n<div class=\"tb_text_wrap\">\n<p>Fanti Packaging est un groupe \u00e0 l\u2019<strong>\u00e2me familiale\u00a0<\/strong>qui se diff\u00e9rencie par une\u00a0<strong>vision globale<\/strong>\u00a0du \u00ab\u00a0faire de l\u2019industrie\u00a0\u00bb. Notre si\u00e8ge social est \u00e0 Casalecchio di Reno (Bologne), o\u00f9 notre entreprise est n\u00e9e en\u00a0<strong>1948<\/strong>\u00a0gr\u00e2ce \u00e0 la clairvoyance de\u00a0<strong>Giorgio Fanti<\/strong>\u00a0qui a converti des bo\u00eetes alimentaires en fer-blanc en emballages pour le secteur chimique. Entre-temps, cette petite usine locale s\u2019est d\u00e9velopp\u00e9e et est devenue \u00e0 tous \u00e9gards une petite multinationale.<\/p>\n<\/div>\n<\/div>\n<div class=\"module module-buttons tb_vv2e288 buttons-horizontal solid large\">\n<div class=\"module-buttons-item tf_in_flx\"><\/div>\n<\/div>\n<p>[\/vc_column_text]<style type=\"text\/css\" data-type=\"the7_shortcodes-inline-css\">#default-btn-6da5f896063ed739dbed2bb06b551755.ico-right-side > i {\n  margin-right: 0px;\n  margin-left: 8px;\n}\n#default-btn-6da5f896063ed739dbed2bb06b551755 > i {\n  margin-right: 8px;\n}\n<\/style><a href=\"\/fr\/qui-sommes-nous\/\" class=\"default-btn-shortcode dt-btn dt-btn-l zoomIn animate-element animation-builder link-hover-off btn-inline-right \" id=\"default-btn-6da5f896063ed739dbed2bb06b551755\" title=\"Qui Sommes-Nous\"><span>En savoir plus<\/span><\/a>[\/vc_column][vc_column width=\u00a0\u00bb1\/2&Prime; css=\u00a0\u00bb.vc_custom_1745219091840{padding-left: 0px !important;}\u00a0\u00bb el_class=\u00a0\u00bbcolumnroundssx\u00a0\u00bb][vc_single_image image=\u00a0\u00bb6398&Prime; img_size=\u00a0\u00bbfull\u00a0\u00bb alignment=\u00a0\u00bbcenter\u00a0\u00bb style=\u00a0\u00bbvc_box_rounded\u00a0\u00bb css=\u00a0\u00bb.vc_custom_1746452676520{border-radius: 35px !important;}\u00a0\u00bb el_class=\u00a0\u00bbroundsx colore\u00a0\u00bb][\/vc_column][\/vc_row][vc_row full_width=\u00a0\u00bbstretch_row_content_no_spaces\u00a0\u00bb gap=\u00a0\u00bb30&Prime; css=\u00a0\u00bb.vc_custom_1745222901372{padding-top: 70px !important;padding-bottom: 70px !important;}\u00a0\u00bb el_class=\u00a0\u00bbswap-on-mobile\u00a0\u00bb][vc_column width=\u00a0\u00bb1\/2&Prime; css=\u00a0\u00bb.vc_custom_1745219077547{padding-left: 0px !important;}\u00a0\u00bb el_class=\u00a0\u00bbcolumnroundsdx\u00a0\u00bb][vc_single_image image=\u00a0\u00bb6400&Prime; img_size=\u00a0\u00bbfull\u00a0\u00bb alignment=\u00a0\u00bbcenter\u00a0\u00bb style=\u00a0\u00bbvc_box_rounded\u00a0\u00bb css=\u00a0\u00bb.vc_custom_1746452683320{border-radius: 35px !important;}\u00a0\u00bb el_class=\u00a0\u00bbrounddx colore\u00a0\u00bb][\/vc_column][vc_column width=\u00a0\u00bb5\/12&Prime; el_class=\u00a0\u00bbmini-shrinksx hover-h1&Prime;][vc_column_text css=\u00a0\u00bb.vc_custom_1746516912685{margin-bottom: 15px !important;}\u00a0\u00bb]<\/p>\n<h1 style=\"text-align: right;\">NOS VALEURS<img loading=\"lazy\" decoding=\"async\" class=\"alignright luccichio\" src=\"\/wp-content\/uploads\/2025\/04\/ic02.png\" alt=\"\" width=\"56\" height=\"50\" \/><\/h1>\n<p>[\/vc_column_text][vc_separator color=\u00a0\u00bbcustom\u00a0\u00bb border_width=\u00a0\u00bb10&Prime; css_animation=\u00a0\u00bbfadeInRight\u00a0\u00bb css=\u00a0\u00bb.vc_custom_1747303696317{margin-bottom: 50px !important;}\u00a0\u00bb accent_color=\u00a0\u00bb#0E7A3F\u00a0\u00bb][vc_column_text css=\u00a0\u00bb.vc_custom_1745829567832{padding-top: 40px !important;padding-bottom: 40px !important;}\u00a0\u00bb]<\/p>\n<div class=\"module module-text tb_wjqp946\">\n<div class=\"tb_text_wrap\">\n<p>Nous construisons l\u2019avenir de Fanti Packaging sur les bases de notre histoire et d\u2019une innovation \u00e0 360 degr\u00e9s. C\u2019est pourquoi nos activit\u00e9s refl\u00e8tent les\u00a0<strong>valeurs profondes<\/strong>\u00a0en lesquelles nous croyons et qui nous permettent de poursuivre<strong>\u00a0notre devise \u00abFamily Soul, Global Vision<\/strong>\u00bb.<\/p>\n<\/div>\n<\/div>\n<div class=\"module module-buttons tb_zqck946 buttons-horizontal solid large\">\n<div class=\"module-buttons-item tf_in_flx\"><\/div>\n<\/div>\n<p>[\/vc_column_text]<style type=\"text\/css\" data-type=\"the7_shortcodes-inline-css\">#default-btn-d0adec58be22a8f9adaccc009cb01f00.ico-right-side > i {\n  margin-right: 0px;\n  margin-left: 8px;\n}\n#default-btn-d0adec58be22a8f9adaccc009cb01f00 > i {\n  margin-right: 8px;\n}\n<\/style><a href=\"\/fr\/nos-valeurs\/\" class=\"default-btn-shortcode dt-btn dt-btn-l zoomIn animate-element animation-builder link-hover-off btn-inline-right \" id=\"default-btn-d0adec58be22a8f9adaccc009cb01f00\" title=\"Nos Valeurs\"><span>En savoir plus<\/span><\/a>[\/vc_column][vc_column width=\u00a0\u00bb1\/12&Prime;][\/vc_column][\/vc_row][vc_row full_width=\u00a0\u00bbstretch_row_content_no_spaces\u00a0\u00bb gap=\u00a0\u00bb30&Prime; css=\u00a0\u00bb.vc_custom_1744809923388{padding-top: 70px !important;padding-bottom: 70px !important;}\u00a0\u00bb][vc_column width=\u00a0\u00bb1\/12&Prime;][\/vc_column][vc_column width=\u00a0\u00bb5\/12&Prime; el_class=\u00a0\u00bbmini-shrinkdx hover-h1&Prime;][vc_column_text css=\u00a0\u00bb.vc_custom_1746516920469{margin-bottom: 15px !important;}\u00a0\u00bb]<\/p>\n<h1><img loading=\"lazy\" decoding=\"async\" class=\"luccichio alignleft\" src=\"\/wp-content\/uploads\/2025\/04\/ic03.png\" alt=\"\" width=\"81\" height=\"56\" \/><\/h1>\n<h1>NOTRE HISTOIRE<\/h1>\n<p>[\/vc_column_text][vc_separator color=\u00a0\u00bbcustom\u00a0\u00bb border_width=\u00a0\u00bb10&Prime; css_animation=\u00a0\u00bbfadeInLeft\u00a0\u00bb css=\u00a0\u00bb.vc_custom_1747303708213{margin-bottom: 50px !important;}\u00a0\u00bb accent_color=\u00a0\u00bb#0E7A3F\u00a0\u00bb][vc_column_text css=\u00a0\u00bb.vc_custom_1745829587946{padding-top: 40px !important;padding-bottom: 40px !important;}\u00a0\u00bb]<\/p>\n<div class=\"module module-text tb_rifw294\">\n<div class=\"tb_text_wrap\">\n<p>\u00ab<strong><em>D\u2019un garage au monde entier<\/em><\/strong>\u00bb\u00a0: c\u2019est la synth\u00e8se de l\u2019histoire de Fanti Packaging, aujourd\u2019hui une petite multinationale n\u00e9e \u00e0 Bologne autour des ann\u00e9es cinquante (<strong>1948<\/strong>) d\u2019une id\u00e9e clairvoyante de son fondateur,\u00a0<strong>Giorgio Fanti<\/strong>. Pendant la Seconde Guerre mondiale, les Am\u00e9ricains ont laiss\u00e9 aux Italiens de la nourriture, y compris des bo\u00eetes de viande qui sont rest\u00e9es vides sur le sol\u00a0: Giorgio Fanti les ramassa et eut l\u2019intuition de leur donner une seconde vie, en les convertissant en emballage pour le secteur chimique.<\/p>\n<\/div>\n<\/div>\n<div class=\"module module-buttons tb_ajft294 buttons-horizontal solid large\">\n<div class=\"module-buttons-item tf_in_flx\"><\/div>\n<\/div>\n<p>[\/vc_column_text]<style type=\"text\/css\" data-type=\"the7_shortcodes-inline-css\">#default-btn-9ae1c1ad8c6125d6de2ea426b4d8a2c3.ico-right-side > i {\n  margin-right: 0px;\n  margin-left: 8px;\n}\n#default-btn-9ae1c1ad8c6125d6de2ea426b4d8a2c3 > i {\n  margin-right: 8px;\n}\n<\/style><a href=\"\/fr\/notre-historie\/\" class=\"default-btn-shortcode dt-btn dt-btn-l zoomIn animate-element animation-builder link-hover-off btn-inline-right \" id=\"default-btn-9ae1c1ad8c6125d6de2ea426b4d8a2c3\" title=\"Notre Historie\"><span>En savoir plus<\/span><\/a>[\/vc_column][vc_column width=\u00a0\u00bb1\/2&Prime; css=\u00a0\u00bb.vc_custom_1745219091840{padding-left: 0px !important;}\u00a0\u00bb el_class=\u00a0\u00bbcolumnroundssx\u00a0\u00bb][vc_single_image image=\u00a0\u00bb6375&Prime; img_size=\u00a0\u00bbfull\u00a0\u00bb alignment=\u00a0\u00bbcenter\u00a0\u00bb style=\u00a0\u00bbvc_box_rounded\u00a0\u00bb css=\u00a0\u00bb.vc_custom_1746452689539{border-radius: 35px !important;}\u00a0\u00bb el_class=\u00a0\u00bbroundsx bandw\u00a0\u00bb][\/vc_column][\/vc_row]<\/p>\n<\/div>","protected":false},"excerpt":{"rendered":"<p>[vc_row full_width=\u00a0\u00bbstretch_row_content\u00a0\u00bb][vc_column width=\u00a0\u00bb1\/4&Prime;][\/vc_column][vc_column width=\u00a0\u00bb1\/4&Prime; offset=\u00a0\u00bbvc_col-xs-6&Prime;][vc_single_image image=\u00a0\u00bb6354&Prime; img_size=\u00a0\u00bbfull\u00a0\u00bb alignment=\u00a0\u00bbcenter\u00a0\u00bb onclick=\u00a0\u00bbcustom_link\u00a0\u00bb css=\u00a0\u00bb\u00a0\u00bb link=\u00a0\u00bbhttps:\/\/www.fantipackaging.com\/usa\/\u00a0\u00bb el_class=\u00a0\u00bbluccichio\u00a0\u00bb][\/vc_column][vc_column width=\u00a0\u00bb1\/4&Prime; offset=\u00a0\u00bbvc_col-xs-6&Prime;][vc_single_image image=\u00a0\u00bb6356&Prime; img_size=\u00a0\u00bbfull\u00a0\u00bb alignment=\u00a0\u00bbcenter\u00a0\u00bb onclick=\u00a0\u00bbcustom_link\u00a0\u00bb css=\u00a0\u00bb\u00a0\u00bb link=\u00a0\u00bbhttps:\/\/www.fantipackaging.com\/europe\/\u00a0\u00bb el_class=\u00a0\u00bbluccichio\u00a0\u00bb][\/vc_column][vc_column width=\u00a0\u00bb1\/4&Prime;][\/vc_column][\/vc_row][vc_row][vc_column el_class=\u00a0\u00bbmini-shrinkcentro hover-h1&Prime;][vc_column_text css=\u00a0\u00bb.vc_custom_1745829042649{margin-bottom: 15px !important;}\u00a0\u00bb] LE GROUPE [\/vc_column_text][vc_separator color=\u00a0\u00bbcustom\u00a0\u00bb border_width=\u00a0\u00bb10&Prime; el_width=\u00a0\u00bb40&Prime; css_animation=\u00a0\u00bbappear\u00a0\u00bb css=\u00a0\u00bb.vc_custom_1747303668391{margin-bottom: 50px !important;}\u00a0\u00bb accent_color=\u00a0\u00bb#0E7A3F\u00a0\u00bb][vc_column_text css=\u00a0\u00bb.vc_custom_1745829050151{padding-top: 40px !important;padding-bottom: 40px !important;}\u00a0\u00bb] Fanti Packaging est un Groupe de r\u00e9f\u00e9rence internationale dans le monde\u00a0de l\u2019emballage\u00a0industriel.<\/p>\n","protected":false},"author":1,"featured_media":0,"parent":0,"menu_order":0,"comment_status":"closed","ping_status":"closed","template":"","meta":{"cybocfi_hide_featured_image":"","footnotes":""},"categories":[],"tags":[],"class_list":["post-7165","page","type-page","status-publish","hentry","description-off"],"_links":{"self":[{"href":"https:\/\/fanti.hypefarm-test.it\/fr\/wp-json\/wp\/v2\/pages\/7165","targetHints":{"allow":["GET"]}}],"collection":[{"href":"https:\/\/fanti.hypefarm-test.it\/fr\/wp-json\/wp\/v2\/pages"}],"about":[{"href":"https:\/\/fanti.hypefarm-test.it\/fr\/wp-json\/wp\/v2\/types\/page"}],"author":[{"embeddable":true,"href":"https:\/\/fanti.hypefarm-test.it\/fr\/wp-json\/wp\/v2\/users\/1"}],"replies":[{"embeddable":true,"href":"https:\/\/fanti.hypefarm-test.it\/fr\/wp-json\/wp\/v2\/comments?post=7165"}],"version-history":[{"count":8,"href":"https:\/\/fanti.hypefarm-test.it\/fr\/wp-json\/wp\/v2\/pages\/7165\/revisions"}],"predecessor-version":[{"id":8507,"href":"https:\/\/fanti.hypefarm-test.it\/fr\/wp-json\/wp\/v2\/pages\/7165\/revisions\/8507"}],"wp:attachment":[{"href":"https:\/\/fanti.hypefarm-test.it\/fr\/wp-json\/wp\/v2\/media?parent=7165"}],"wp:term":[{"taxonomy":"category","embeddable":true,"href":"https:\/\/fanti.hypefarm-test.it\/fr\/wp-json\/wp\/v2\/categories?post=7165"},{"taxonomy":"post_tag","embeddable":true,"href":"https:\/\/fanti.hypefarm-test.it\/fr\/wp-json\/wp\/v2\/tags?post=7165"}],"curies":[{"name":"wp","href":"https:\/\/api.w.org\/{rel}","templated":true}]}}