{"id":7170,"date":"2025-04-21T10:31:33","date_gmt":"2025-04-21T08:31:33","guid":{"rendered":"https:\/\/fanti.hypefarm-test.it\/chi-siamo\/"},"modified":"2025-05-15T12:13:13","modified_gmt":"2025-05-15T10:13:13","slug":"qui-sommes-nous","status":"publish","type":"page","link":"https:\/\/fanti.hypefarm-test.it\/fr\/qui-sommes-nous\/","title":{"rendered":"Qui Sommes-Nous"},"content":{"rendered":"<div class=\"wpb-content-wrapper\"><p>[vc_row full_width=\u00a0\u00bbstretch_row_content\u00a0\u00bb el_class=\u00a0\u00bbtopimage\u00a0\u00bb css=\u00a0\u00bb.vc_custom_1745224266043{background-image: url(https:\/\/fanti.hypefarm-test.it\/wp-content\/uploads\/2025\/04\/Senza-titolo-3.jpg?id=6410) !important;}\u00a0\u00bb][vc_column][vc_empty_space][\/vc_column][\/vc_row][vc_row css=\u00a0\u00bb.vc_custom_1745224600624{padding-top: 40px !important;padding-bottom: 40px !important;}\u00a0\u00bb][vc_column el_class=\u00a0\u00bbmini-shrinkcentro hover-h1&Prime;][vc_column_text css=\u00a0\u00bb.vc_custom_1745829699241{margin-bottom: 15px !important;}\u00a0\u00bb]<\/p>\n<h1><img loading=\"lazy\" decoding=\"async\" class=\"wp-image-6396 aligncenter\" src=\"\/wp-content\/uploads\/2025\/04\/ic01.png\" alt=\"\" width=\"50\" height=\"50\" \/><\/h1>\n<h1 style=\"text-align: center;\">QUI SOMMES-NOUS<\/h1>\n<p>[\/vc_column_text][vc_separator color=\u00a0\u00bbcustom\u00a0\u00bb border_width=\u00a0\u00bb10&Prime; el_width=\u00a0\u00bb40&Prime; css_animation=\u00a0\u00bbappear\u00a0\u00bb css=\u00a0\u00bb.vc_custom_1747303907667{margin-bottom: 50px !important;}\u00a0\u00bb accent_color=\u00a0\u00bb#0E7A3F\u00a0\u00bb][vc_column_text css=\u00a0\u00bb.vc_custom_1745829706449{padding-top: 40px !important;padding-bottom: 40px !important;}\u00a0\u00bb]<\/p>\n<div class=\"module module-text tb_qx25506 hide-tablet hide-mobile\">\n<div class=\"tb_text_wrap\">\n<p>Fanti Packaging est un groupe \u00e0 l\u2019<strong>\u00e2me familiale\u00a0<\/strong>qui se diff\u00e9rencie par une\u00a0<strong>vision globale<\/strong>\u00a0du \u00ab\u00a0faire de l\u2019industrie\u00a0\u00bb. Notre si\u00e8ge social est \u00e0 Casalecchio di Reno (Bologne), o\u00f9 notre entreprise est n\u00e9e en\u00a0<strong>1948<\/strong>\u00a0gr\u00e2ce \u00e0 la clairvoyance de\u00a0<strong>Giorgio Fanti<\/strong>\u00a0qui a converti des bo\u00eetes alimentaires en fer-blanc en emballages pour le secteur chimique. Entre-temps, cette petite usine locale s\u2019est d\u00e9velopp\u00e9e et est devenue \u00e0 tous \u00e9gards une petite multinationale.<\/p>\n<\/div>\n<\/div>\n<div class=\"module_subrow themify_builder_sub_row tf_w col_align_top tb_col_count_2 tb_bvyd674 hide-tablet hide-mobile\">\n<div class=\"module_column sub_column col4-2 tb_9n5d675 first\">\n<div class=\"module module-text tb_unq6577\">\n<div class=\"tb_text_wrap\"><\/div>\n<\/div>\n<\/div>\n<\/div>\n<p>[\/vc_column_text][\/vc_column][\/vc_row][vc_row equal_height=\u00a0\u00bbyes\u00a0\u00bb css=\u00a0\u00bb.vc_custom_1745225346972{padding-bottom: 60px !important;}\u00a0\u00bb][vc_column width=\u00a0\u00bb1\/2&Prime; el_class=\u00a0\u00bbgreenborderdx\u00a0\u00bb][vc_column_text css=\u00a0\u00bb\u00a0\u00bb]<\/p>\n<h3 style=\"text-align: right;\"><strong>NOTRE VISION<\/strong><\/h3>\n<p>[\/vc_column_text][vc_separator color=\u00a0\u00bbcustom\u00a0\u00bb border_width=\u00a0\u00bb10&Prime; css_animation=\u00a0\u00bbfadeInLeft\u00a0\u00bb css=\u00a0\u00bb.vc_custom_1747303917842{margin-bottom: 50px !important;}\u00a0\u00bb accent_color=\u00a0\u00bb#0E7A3F\u00a0\u00bb][vc_column_text css=\u00a0\u00bb\u00a0\u00bb]<\/p>\n<h4 style=\"text-align: right;\"><span style=\"color: #0d733b;\">ACTION GLOBALE, STRAT\u00c9GIE LOCALE: L&rsquo;INTERNATIONALISATION DE FANTI PACKAGING<\/span><\/h4>\n<p>[\/vc_column_text][\/vc_column][vc_column width=\u00a0\u00bb1\/2&Prime;][vc_column_text css=\u00a0\u00bb\u00a0\u00bb]<\/p>\n<p style=\"text-align: justify;\">N\u00e9e \u00e0 Bologne en 1948, Fanti Packaging est pass\u00e9e\u00a0<strong>d\u2019une usine locale \u00e0 une petite multinationale familiale<\/strong>, \u00e0 travers un parcours de\u00a0<strong>croissance constante<\/strong>, marqu\u00e9 par des\u00a0<strong>acquisitions<\/strong>\u00a0<strong>importantes<\/strong>\u00a0et un\u00a0<strong>processus clair d\u2019internationalisation<\/strong>.<br \/>\nAujourd\u2019hui, gr\u00e2ce \u00e0 la synergie de nombreuses filiales dans le monde et \u00e0 plus de 500 employ\u00e9s et collaborateurs, nous sommes pr\u00e9sents sur les\u00a0<strong>principales places d\u2019Europe et des \u00c9tats-Unis d\u2019Am\u00e9rique<\/strong>\u00a0avec une production enti\u00e8rement interne de\u00a0<strong>plus de 180 millions de pi\u00e8ces\/an<\/strong>\u00a0comprenant des pots, des seaux et des f\u00fbts en m\u00e9tal, en plastique et en mat\u00e9riaux hybrides.<br \/>\nCela nous permet de combiner une \u00ab<strong>\u00a0action industrielle mondiale<\/strong>\u00a0\u00bb \u2013 en identifiant les tendances et les changements fondamentaux de notre secteur \u2013 avec une\u00a0<strong>forte empreinte territoriale<\/strong>, en adaptant notre vision aux dynamiques sp\u00e9cifiques de chaque march\u00e9 et en personnalisant les strat\u00e9gies et les actions pour en maximiser l\u2019efficacit\u00e9 et le succ\u00e8s.<\/p>\n<p>[\/vc_column_text][\/vc_column][\/vc_row][vc_row equal_height=\u00a0\u00bbyes\u00a0\u00bb el_class=\u00a0\u00bbswap-on-mobile\u00a0\u00bb css=\u00a0\u00bb.vc_custom_1745225353126{padding-bottom: 60px !important;}\u00a0\u00bb][vc_column width=\u00a0\u00bb1\/2&Prime; el_class=\u00a0\u00bbgreenborderdx\u00a0\u00bb][vc_column_text css=\u00a0\u00bb\u00a0\u00bb]<\/p>\n<p style=\"text-align: justify;\">Depuis ses origines, Fanti Packaging a fait de l\u2019<strong>innovation<\/strong>\u00a0son principal objectif, en transformant une bo\u00eete de viande en emballage pour peintures et solutions chimiques.<br \/>\nCette\u00a0<strong>clairvoyance<\/strong>\u00a0a caract\u00e9ris\u00e9 l\u2019\u00e9volution de l\u2019entreprise qui a \u00e9galement su int\u00e9grer la\u00a0<strong>flexibilit\u00e9<\/strong>\u00a0parmi ses missions pour une croissance durable. Aujourd\u2019hui, Fanti Packaging est le partenaire de nombreuses grandes entreprises du secteur gr\u00e2ce \u00e0 sa capacit\u00e9 \u00e0\u00a0<strong>diversifier<\/strong>\u00a0sa production et \u00e0\u00a0<strong>personnaliser<\/strong>\u00a0chaque fourniture, en garantissant\u00a0<strong>des normes de qualit\u00e9 \u00e9lev\u00e9es<\/strong>\u00a0selon des crit\u00e8res de respect de l\u2019environnement reconnus au niveau international.<br \/>\nCes qualit\u00e9s se retrouvent \u00e9galement dans les\u00a0<strong>services<\/strong>\u00a0d\u00e9di\u00e9s \u00e0 nos clients, que nous suivons avec ponctualit\u00e9 dans chaque demande de conseil et d\u2019assistance.<\/p>\n<p>[\/vc_column_text][\/vc_column][vc_column width=\u00a0\u00bb1\/2&Prime;][vc_column_text css=\u00a0\u00bb\u00a0\u00bb]<\/p>\n<h3 style=\"text-align: left;\"><strong>NOTRE MISSION<\/strong><\/h3>\n<p>[\/vc_column_text][vc_separator color=\u00a0\u00bbcustom\u00a0\u00bb border_width=\u00a0\u00bb10&Prime; css_animation=\u00a0\u00bbfadeInRight\u00a0\u00bb css=\u00a0\u00bb.vc_custom_1747303925274{margin-bottom: 50px !important;}\u00a0\u00bb accent_color=\u00a0\u00bb#0E7A3F\u00a0\u00bb][vc_column_text css=\u00a0\u00bb\u00a0\u00bb]<\/p>\n<h4 style=\"text-align: left;\"><span style=\"color: #0d733b;\">INNOVATION, FLEXIBILIT\u00c9, DURABILIT\u00c9<\/span><\/h4>\n<p>[\/vc_column_text][\/vc_column][\/vc_row][vc_row equal_height=\u00a0\u00bbyes\u00a0\u00bb css=\u00a0\u00bb.vc_custom_1745225346972{padding-bottom: 60px !important;}\u00a0\u00bb][vc_column width=\u00a0\u00bb1\/2&Prime; el_class=\u00a0\u00bbgreenborderdx\u00a0\u00bb][vc_column_text css=\u00a0\u00bb\u00a0\u00bb]<\/p>\n<h3 style=\"text-align: right;\"><strong>POURQUOI CHOISIR FANTI PACKAGING?<\/strong><\/h3>\n<p>[\/vc_column_text][vc_separator color=\u00a0\u00bbcustom\u00a0\u00bb border_width=\u00a0\u00bb10&Prime; css_animation=\u00a0\u00bbfadeInLeft\u00a0\u00bb css=\u00a0\u00bb.vc_custom_1747303930634{margin-bottom: 50px !important;}\u00a0\u00bb accent_color=\u00a0\u00bb#0E7A3F\u00a0\u00bb][\/vc_column][vc_column width=\u00a0\u00bb1\/2&Prime;][vc_column_text css=\u00a0\u00bb\u00a0\u00bb]<\/p>\n<ul class=\"custom-bullets\">\n<li class=\"zoom hover-green\"><strong>Exp\u00e9rience<\/strong>\u00a0<strong>\u00c9prouv\u00e9e<\/strong>: Forts de nos ann\u00e9es d\u2019exp\u00e9rience dans le secteur, nous garantissons des solutions d\u2019emballage de haut niveau et de qualit\u00e9 sup\u00e9rieure.<\/li>\n<li class=\"zoom hover-green\"><strong>Personnalisation<\/strong>: Chaque produit est con\u00e7u sur mesure pour r\u00e9pondre aux besoins sp\u00e9cifiques de nos clients.<\/li>\n<li class=\"zoom hover-green\"><strong>Innovation Continue<\/strong>: Nous suivons les derni\u00e8res tendances et technologies dans le secteur de l\u2019emballage pour offrir des solutions de pointe.<\/li>\n<li class=\"zoom hover-green\"><strong>Engagement <\/strong><strong>Environnemental<\/strong>: Nous sommes conscients de notre responsabilit\u00e9 environnementale et nous travaillons constamment pour r\u00e9duire l\u2019impact environnemental de nos produits.\n<div id=\"body\" class=\"tf_clearfix\">\n<div id=\"layout\" class=\"pagewidth tf_box tf_clearfix\">\n<div id=\"page-3519\" class=\"type-page\">\n<div class=\"page-content entry-content\">\n<div id=\"themify_builder_content-3519\" class=\"themify_builder_content themify_builder_content-3519 themify_builder tf_clear\" data-postid=\"3519\">\n<div class=\"module_row themify_builder_row fullwidth_row_container tb_8c5b009 tf_w\" data-css_id=\"8c5b009\" data-fullwidth-done=\"1\">\n<div class=\"row_inner col_align_top tb_col_count_1 tf_box tf_rel\">\n<div class=\"module_column tb-column col-full tb_pj5a800 first\">\n<div class=\"module_subrow themify_builder_sub_row tf_w col_align_top tb_col_count_1 tb_z8c2800\">\n<div class=\"module_column sub_column col-full tb_hat4060 first\">\n<div class=\"module_subrow themify_builder_sub_row tf_w col_align_top tb_col_count_2 tb_akfs977 hide-tablet hide-mobile\">\n<div class=\"module_column sub_column col-full tb_ywyj769 last\">\n<div class=\"module module-text tb_rn60769\">\n<div class=\"tb_text_wrap\"><\/div>\n<\/div>\n<\/div>\n<\/div>\n<div class=\"module_subrow themify_builder_sub_row tf_w col_align_top tb_col_count_1 tb_pv5y252 hide-desktop hide-tablet_landscape\"><\/div>\n<div class=\"module_subrow themify_builder_sub_row tf_w col_align_top tb_col_count_1 tb_jqd1101 hide-desktop hide-tablet_landscape\"><\/div>\n<div class=\"module_subrow themify_builder_sub_row tf_w col_align_top tb_col_count_1 tb_oxdk918 hide-desktop hide-tablet_landscape\"><\/div>\n<\/div>\n<\/div>\n<\/div>\n<\/div>\n<\/div>\n<\/div>\n<\/div>\n<\/div>\n<\/div>\n<\/div>\n<\/li>\n<\/ul>\n<p>[\/vc_column_text][\/vc_column][\/vc_row]<\/p>\n<\/div>","protected":false},"excerpt":{"rendered":"<p>[vc_row full_width=\u00a0\u00bbstretch_row_content\u00a0\u00bb el_class=\u00a0\u00bbtopimage\u00a0\u00bb css=\u00a0\u00bb.vc_custom_1745224266043{background-image: url(https:\/\/fanti.hypefarm-test.it\/wp-content\/uploads\/2025\/04\/Senza-titolo-3.jpg?id=6410) !important;}\u00a0\u00bb][vc_column][vc_empty_space][\/vc_column][\/vc_row][vc_row css=\u00a0\u00bb.vc_custom_1745224600624{padding-top: 40px !important;padding-bottom: 40px !important;}\u00a0\u00bb][vc_column el_class=\u00a0\u00bbmini-shrinkcentro hover-h1&Prime;][vc_column_text css=\u00a0\u00bb.vc_custom_1745829699241{margin-bottom: 15px !important;}\u00a0\u00bb] QUI SOMMES-NOUS [\/vc_column_text][vc_separator color=\u00a0\u00bbcustom\u00a0\u00bb border_width=\u00a0\u00bb10&Prime; el_width=\u00a0\u00bb40&Prime; css_animation=\u00a0\u00bbappear\u00a0\u00bb css=\u00a0\u00bb.vc_custom_1747303907667{margin-bottom: 50px !important;}\u00a0\u00bb accent_color=\u00a0\u00bb#0E7A3F\u00a0\u00bb][vc_column_text css=\u00a0\u00bb.vc_custom_1745829706449{padding-top: 40px !important;padding-bottom: 40px !important;}\u00a0\u00bb] Fanti Packaging est un groupe \u00e0 l\u2019\u00e2me familiale\u00a0qui se diff\u00e9rencie par une\u00a0vision globale\u00a0du \u00ab\u00a0faire de l\u2019industrie\u00a0\u00bb. Notre si\u00e8ge social est \u00e0 Casalecchio di<\/p>\n","protected":false},"author":1,"featured_media":0,"parent":0,"menu_order":0,"comment_status":"closed","ping_status":"closed","template":"","meta":{"cybocfi_hide_featured_image":"","footnotes":""},"categories":[],"tags":[],"class_list":["post-7170","page","type-page","status-publish","hentry","description-off"],"_links":{"self":[{"href":"https:\/\/fanti.hypefarm-test.it\/fr\/wp-json\/wp\/v2\/pages\/7170","targetHints":{"allow":["GET"]}}],"collection":[{"href":"https:\/\/fanti.hypefarm-test.it\/fr\/wp-json\/wp\/v2\/pages"}],"about":[{"href":"https:\/\/fanti.hypefarm-test.it\/fr\/wp-json\/wp\/v2\/types\/page"}],"author":[{"embeddable":true,"href":"https:\/\/fanti.hypefarm-test.it\/fr\/wp-json\/wp\/v2\/users\/1"}],"replies":[{"embeddable":true,"href":"https:\/\/fanti.hypefarm-test.it\/fr\/wp-json\/wp\/v2\/comments?post=7170"}],"version-history":[{"count":5,"href":"https:\/\/fanti.hypefarm-test.it\/fr\/wp-json\/wp\/v2\/pages\/7170\/revisions"}],"predecessor-version":[{"id":8359,"href":"https:\/\/fanti.hypefarm-test.it\/fr\/wp-json\/wp\/v2\/pages\/7170\/revisions\/8359"}],"wp:attachment":[{"href":"https:\/\/fanti.hypefarm-test.it\/fr\/wp-json\/wp\/v2\/media?parent=7170"}],"wp:term":[{"taxonomy":"category","embeddable":true,"href":"https:\/\/fanti.hypefarm-test.it\/fr\/wp-json\/wp\/v2\/categories?post=7170"},{"taxonomy":"post_tag","embeddable":true,"href":"https:\/\/fanti.hypefarm-test.it\/fr\/wp-json\/wp\/v2\/tags?post=7170"}],"curies":[{"name":"wp","href":"https:\/\/api.w.org\/{rel}","templated":true}]}}