{"id":7174,"date":"2025-04-22T12:13:33","date_gmt":"2025-04-22T10:13:33","guid":{"rendered":"https:\/\/fanti.hypefarm-test.it\/i-nostri-valori\/"},"modified":"2025-05-15T12:18:43","modified_gmt":"2025-05-15T10:18:43","slug":"nos-valeurs","status":"publish","type":"page","link":"https:\/\/fanti.hypefarm-test.it\/fr\/nos-valeurs\/","title":{"rendered":"Nos Valeurs"},"content":{"rendered":"<div class=\"wpb-content-wrapper\"><p>[vc_row full_width=\u00a0\u00bbstretch_row_content\u00a0\u00bb el_class=\u00a0\u00bbtopimage\u00a0\u00bb css=\u00a0\u00bb.vc_custom_1745316545988{background-image: url(https:\/\/fanti.hypefarm-test.it\/wp-content\/uploads\/2025\/04\/i-nostri-val.jpg?id=6423) !important;}\u00a0\u00bb][vc_column][vc_empty_space][\/vc_column][\/vc_row][vc_row css=\u00a0\u00bb.vc_custom_1745224600624{padding-top: 40px !important;padding-bottom: 40px !important;}\u00a0\u00bb][vc_column el_class=\u00a0\u00bbmini-shrinkcentro hover-h1&Prime;][vc_column_text css=\u00a0\u00bb.vc_custom_1745830080624{margin-bottom: 15px !important;}\u00a0\u00bb]<\/p>\n<h1><img loading=\"lazy\" decoding=\"async\" class=\"wp-image-6402 aligncenter\" src=\"\/wp-content\/uploads\/2025\/04\/ic02.png\" alt=\"\" width=\"85\" height=\"76\" \/><\/h1>\n<h1 style=\"text-align: center;\">NOS VALEURS<\/h1>\n<p>[\/vc_column_text][vc_separator color=\u00a0\u00bbcustom\u00a0\u00bb border_width=\u00a0\u00bb10&Prime; el_width=\u00a0\u00bb40&Prime; css_animation=\u00a0\u00bbappear\u00a0\u00bb css=\u00a0\u00bb.vc_custom_1747303668391{margin-bottom: 50px !important;}\u00a0\u00bb accent_color=\u00a0\u00bb#0E7A3F\u00a0\u00bb][vc_column_text css=\u00a0\u00bb.vc_custom_1745830090800{padding-top: 40px !important;padding-bottom: 40px !important;}\u00a0\u00bb]<\/p>\n<div class=\"module module-text tb_oa10737\">\n<div class=\"tb_text_wrap\">\n<div class=\"module module-text tb_oa10737\">\n<div class=\"tb_text_wrap\">\n<div class=\"module module-text tb_oa10737\">\n<div class=\"tb_text_wrap\">\n<p>Nous construisons l\u2019avenir de Fanti Packaging sur les bases de notre histoire et d\u2019une innovation \u00e0 360 degr\u00e9s. C\u2019est pourquoi nos activit\u00e9s refl\u00e8tent les\u00a0<strong>valeurs profondes<\/strong>\u00a0en lesquelles nous croyons et qui nous permettent de poursuivre<strong>\u00a0notre devise\u00a0<\/strong>\u00ab<strong>Family Soul, Global Vision<\/strong>\u00bb.<\/div>\n<\/div>\n<div class=\"module_subrow themify_builder_sub_row tf_w col_align_top tb_col_count_3 tb_obfs46\">\n<div class=\"module_column sub_column col3-1 tb_dbki46 first\">\n<div class=\"module module-pro-image tb_fmur486 filter- effect- tf_textc entrance-effect-fadeIn\" data-entrance-effect=\"fadeIn\" data-exit-effect=\"fadeOut\">\n<div class=\"image-pro-wrap tf_rel tf_overflow tf_inline_b\">\n<div class=\"image-pro-flip-box-wrap tf_rel tf_w tf_overflow\"><\/div>\n<\/div>\n<\/div>\n<\/div>\n<\/div>\n<\/div>\n<\/div>\n<div class=\"module_subrow themify_builder_sub_row tf_w col_align_top tb_col_count_3 tb_obfs46\">\n<div class=\"module_column sub_column col3-1 tb_dbki46 first\">\n<div class=\"module module-pro-image tb_fmur486 filter- effect- tf_textc entrance-effect-fadeIn\" data-entrance-effect=\"fadeIn\" data-exit-effect=\"fadeOut\">\n<div class=\"image-pro-wrap tf_rel tf_overflow tf_inline_b\">\n<div class=\"image-pro-flip-box-wrap tf_rel tf_w tf_overflow\"><\/div>\n<\/div>\n<\/div>\n<\/div>\n<\/div>\n<\/div>\n<\/div>\n<div class=\"module_subrow themify_builder_sub_row tf_w col_align_top tb_col_count_3 tb_obfs46\">\n<div class=\"module_column sub_column col3-1 tb_dbki46 first\">\n<div class=\"module module-pro-image tb_fmur486 filter- effect- tf_textc entrance-effect-fadeIn\" data-entrance-effect=\"fadeIn\" data-exit-effect=\"fadeOut\">\n<div class=\"image-pro-wrap tf_rel tf_overflow tf_inline_b\">\n<div class=\"image-pro-flip-box-wrap tf_rel tf_w tf_overflow\"><\/div>\n<\/div>\n<\/div>\n<\/div>\n<\/div>\n<p>[\/vc_column_text][\/vc_column][\/vc_row][vc_row][vc_column width=\u00a0\u00bb1\/3&Prime;]<div class=\"ult-ih-container ult-adjust-bottom-margin  \" >\t<ul class=\"ult-ih-list \"  data-shape=\"circle\"  data-width=\"320\"  data-height=\"320\"  style=\"text-align:center; \"><li id=\"ult-ih-list-item-8181\" class=\"ult-ih-list-item\" style=\"height: 320px; width: 320px;  margin: 15px\"><div style=\"height: 320px; width: 320px; \" class=\"ult-ih-item ult-ih-effect6   ult-ih-scale_up  \"><div class=\"ult-ih-image-block\" style=\"height: 320px; width: 320px; \">\t<div class=\"ult-ih-wrapper\" style=\"border-style: solid; border-color: #0E7A3F; border-width: 10px;\"><\/div>\t<img decoding=\"async\" class=\"ult-ih-image\" src=\"https:\/\/fanti.hypefarm-test.it\/wp-content\/uploads\/2025\/04\/b01a_FR.png\" alt=\"null\"><\/div><div class=\"ult-ih-info\" style=\"background-color: #FFFFFF; \">\t<div class=\"ult-ih-info-back\">\t<div class=\"ult-ih-content\">\t\t\t<div class=\"ult-ih-heading-block\" style=\"\">\t\t\t\t<h3 class=\"ult-ih-heading ult-responsive\" style=\"color:#FFFFFF;\"  data-ultimate-target='#ult-ih-list-item-8181 .ult-ih-heading'  data-responsive-json-new='{\"font-size\":\"desktop:34px;\",\"line-height\":\"desktop:28px;\"}' ><\/h3>\t\t\t<\/div>\t\t\t<div class=\"ult-ih-divider-block\" style=\"height:1px;\">\t\t\t\t<span class=\"ult-ih-line\" style=\"border-style:solid;border-color:#00000000;width:100px;border-width:1px;\"><\/span>\t\t\t<\/div>\t\t\t<div class=\"ult-ih-description-block\" style=\"margin-left:40px;margin-right:40px;\">\t\t\t\t<div class=\"ult-ih-description ult-responsive\" style=\"color:#000000;\"  data-ultimate-target='#ult-ih-list-item-8181 .ult-ih-description, #ult-ih-list-item-8181 .ult-ih-description p'  data-responsive-json-new='{\"font-size\":\"desktop:14px;\",\"line-height\":\"desktop:18px;\"}' ><p>Nous sommes caract\u00e9ris\u00e9s par une forte passion qui motive notre activit\u00e9 d&rsquo;entreprise et qui se traduit par cette <strong>culture du travail et de l&rsquo;exemple<\/strong> que nous poursuivons avec d\u00e9vouement.<\/p>\n\t\t\t\t<\/div>\t\t\t<\/div>\t<\/div>\t<\/div><\/div><\/div><\/li>\t<\/ul><\/div>[\/vc_column][vc_column width=\u00a0\u00bb1\/3&Prime;]<div class=\"ult-ih-container ult-adjust-bottom-margin  \" >\t<ul class=\"ult-ih-list \"  data-shape=\"circle\"  data-width=\"320\"  data-height=\"320\"  style=\"text-align:center; \"><li id=\"ult-ih-list-item-9093\" class=\"ult-ih-list-item\" style=\"height: 320px; width: 320px;  margin: 15px\"><div style=\"height: 320px; width: 320px; \" class=\"ult-ih-item ult-ih-effect6   ult-ih-scale_up  \"><div class=\"ult-ih-image-block\" style=\"height: 320px; width: 320px; \">\t<div class=\"ult-ih-wrapper\" style=\"border-style: solid; border-color: #0E7A3F; border-width: 10px;\"><\/div>\t<img decoding=\"async\" class=\"ult-ih-image\" src=\"https:\/\/fanti.hypefarm-test.it\/wp-content\/uploads\/2025\/04\/b02a_FR.png\" alt=\"null\"><\/div><div class=\"ult-ih-info\" style=\"background-color: #FFFFFF; \">\t<div class=\"ult-ih-info-back\">\t<div class=\"ult-ih-content\">\t\t\t<div class=\"ult-ih-heading-block\" style=\"\">\t\t\t\t<h3 class=\"ult-ih-heading ult-responsive\" style=\"color:#FFFFFF;\"  data-ultimate-target='#ult-ih-list-item-9093 .ult-ih-heading'  data-responsive-json-new='{\"font-size\":\"desktop:34px;\",\"line-height\":\"desktop:28px;\"}' ><\/h3>\t\t\t<\/div>\t\t\t<div class=\"ult-ih-divider-block\" style=\"height:1px;\">\t\t\t\t<span class=\"ult-ih-line\" style=\"border-style:solid;border-color:#00000000;width:100px;border-width:1px;\"><\/span>\t\t\t<\/div>\t\t\t<div class=\"ult-ih-description-block\" style=\"margin-left:40px;margin-right:40px;\">\t\t\t\t<div class=\"ult-ih-description ult-responsive\" style=\"color:#000000;\"  data-ultimate-target='#ult-ih-list-item-9093 .ult-ih-description, #ult-ih-list-item-9093 .ult-ih-description p'  data-responsive-json-new='{\"font-size\":\"desktop:14px;\",\"line-height\":\"desktop:15px;\"}' ><p>L&rsquo;aspect le plus concret de la passion est <strong>l&rsquo;ent\u00eatement<\/strong> avec lequel nous poursuivons nos objectifs, en assurant le meilleur dans tous les domaines professionnels. Nous sommes reconnus pour une <strong>solide r\u00e9putation<\/strong> construite depuis plus de 70 ans qui nous a permis de devenir le partenaire d&rsquo;importants acteurs de l&rsquo;industrie. Une d\u00e9termination qui signifie <strong>confiance<\/strong>: longue \u00e0 obtenir, difficile \u00e0 maintenir.<\/p>\n\t\t\t\t<\/div>\t\t\t<\/div>\t<\/div>\t<\/div><\/div><\/div><\/li>\t<\/ul><\/div>[\/vc_column][vc_column width=\u00a0\u00bb1\/3&Prime;]<div class=\"ult-ih-container ult-adjust-bottom-margin  \" >\t<ul class=\"ult-ih-list \"  data-shape=\"circle\"  data-width=\"320\"  data-height=\"320\"  style=\"text-align:center; \"><li id=\"ult-ih-list-item-1164\" class=\"ult-ih-list-item\" style=\"height: 320px; width: 320px;  margin: 15px\"><div style=\"height: 320px; width: 320px; \" class=\"ult-ih-item ult-ih-effect6   ult-ih-scale_up  \"><div class=\"ult-ih-image-block\" style=\"height: 320px; width: 320px; \">\t<div class=\"ult-ih-wrapper\" style=\"border-style: solid; border-color: #0E7A3F; border-width: 10px;\"><\/div>\t<img decoding=\"async\" class=\"ult-ih-image\" src=\"https:\/\/fanti.hypefarm-test.it\/wp-content\/uploads\/2025\/04\/b03a_FR.png\" alt=\"null\"><\/div><div class=\"ult-ih-info\" style=\"background-color: #FFFFFF; \">\t<div class=\"ult-ih-info-back\">\t<div class=\"ult-ih-content\">\t\t\t<div class=\"ult-ih-heading-block\" style=\"\">\t\t\t\t<h3 class=\"ult-ih-heading ult-responsive\" style=\"color:#FFFFFF;\"  data-ultimate-target='#ult-ih-list-item-1164 .ult-ih-heading'  data-responsive-json-new='{\"font-size\":\"desktop:34px;\",\"line-height\":\"desktop:28px;\"}' ><\/h3>\t\t\t<\/div>\t\t\t<div class=\"ult-ih-divider-block\" style=\"height:1px;\">\t\t\t\t<span class=\"ult-ih-line\" style=\"border-style:solid;border-color:#00000000;width:100px;border-width:1px;\"><\/span>\t\t\t<\/div>\t\t\t<div class=\"ult-ih-description-block\" style=\"margin-left:40px;margin-right:40px;\">\t\t\t\t<div class=\"ult-ih-description ult-responsive\" style=\"color:#000000;\"  data-ultimate-target='#ult-ih-list-item-1164 .ult-ih-description, #ult-ih-list-item-1164 .ult-ih-description p'  data-responsive-json-new='{\"font-size\":\"desktop:14px;\",\"line-height\":\"desktop:18px;\"}' ><p>La d\u00e9termintion que nous mettons pour atteindre nos objectifs se traduit par une <strong>promesse de qualit\u00e9<\/strong> que nous poursuivons avec <strong>transparence, loyaut\u00e9 et respect<\/strong> envers notre famille compos\u00e9e de clients, d&#8217;employ\u00e9s et de parties prenantes.<\/p>\n\t\t\t\t<\/div>\t\t\t<\/div>\t<\/div>\t<\/div><\/div><\/div><\/li>\t<\/ul><\/div>[\/vc_column][\/vc_row][vc_row][vc_column width=\u00a0\u00bb1\/3&Prime;]<div class=\"ult-ih-container ult-adjust-bottom-margin  \" >\t<ul class=\"ult-ih-list \"  data-shape=\"circle\"  data-width=\"320\"  data-height=\"320\"  style=\"text-align:center; \"><li id=\"ult-ih-list-item-4496\" class=\"ult-ih-list-item\" style=\"height: 320px; width: 320px;  margin: 15px\"><div style=\"height: 320px; width: 320px; \" class=\"ult-ih-item ult-ih-effect6   ult-ih-scale_up  \"><div class=\"ult-ih-image-block\" style=\"height: 320px; width: 320px; \">\t<div class=\"ult-ih-wrapper\" style=\"border-style: solid; border-color: #0E7A3F; border-width: 10px;\"><\/div>\t<img decoding=\"async\" class=\"ult-ih-image\" src=\"https:\/\/fanti.hypefarm-test.it\/wp-content\/uploads\/2025\/04\/b04a_FR.png\" alt=\"null\"><\/div><div class=\"ult-ih-info\" style=\"background-color: #FFFFFF; \">\t<div class=\"ult-ih-info-back\">\t<div class=\"ult-ih-content\">\t\t\t<div class=\"ult-ih-heading-block\" style=\"\">\t\t\t\t<h3 class=\"ult-ih-heading ult-responsive\" style=\"color:#FFFFFF;\"  data-ultimate-target='#ult-ih-list-item-4496 .ult-ih-heading'  data-responsive-json-new='{\"font-size\":\"desktop:34px;\",\"line-height\":\"desktop:28px;\"}' ><\/h3>\t\t\t<\/div>\t\t\t<div class=\"ult-ih-divider-block\" style=\"height:1px;\">\t\t\t\t<span class=\"ult-ih-line\" style=\"border-style:solid;border-color:#00000000;width:100px;border-width:1px;\"><\/span>\t\t\t<\/div>\t\t\t<div class=\"ult-ih-description-block\" style=\"margin-left:40px;margin-right:40px;\">\t\t\t\t<div class=\"ult-ih-description ult-responsive\" style=\"color:#000000;\"  data-ultimate-target='#ult-ih-list-item-4496 .ult-ih-description, #ult-ih-list-item-4496 .ult-ih-description p'  data-responsive-json-new='{\"font-size\":\"desktop:14px;\",\"line-height\":\"desktop:18px;\"}' ><p>Nous tournons notre int\u00e9grit\u00e9 vers un sentimeny d&rsquo;<strong>identit\u00e9<\/strong> et d&rsquo;<strong>implication<\/strong> auquel nous croyons fortement et que nous essayons de transmettre \u00e0 tous les membres du monde Fanti Packaging pour promouvoir un <strong>environnement de travail positif et soud\u00e9<\/strong>, dans lequel ils se sentent int\u00e9gr\u00e9s et motiv\u00e9s pour atteindre le succ\u00e8s collectif.<\/p>\n\t\t\t\t<\/div>\t\t\t<\/div>\t<\/div>\t<\/div><\/div><\/div><\/li>\t<\/ul><\/div>[\/vc_column][vc_column width=\u00a0\u00bb1\/3&Prime;]<div class=\"ult-ih-container ult-adjust-bottom-margin  \" >\t<ul class=\"ult-ih-list \"  data-shape=\"circle\"  data-width=\"320\"  data-height=\"320\"  style=\"text-align:center; \"><li id=\"ult-ih-list-item-5245\" class=\"ult-ih-list-item\" style=\"height: 320px; width: 320px;  margin: 15px\"><div style=\"height: 320px; width: 320px; \" class=\"ult-ih-item ult-ih-effect6   ult-ih-scale_up  \"><div class=\"ult-ih-image-block\" style=\"height: 320px; width: 320px; \">\t<div class=\"ult-ih-wrapper\" style=\"border-style: solid; border-color: #0E7A3F; border-width: 10px;\"><\/div>\t<img decoding=\"async\" class=\"ult-ih-image\" src=\"https:\/\/fanti.hypefarm-test.it\/wp-content\/uploads\/2025\/04\/b05a_FR.png\" alt=\"null\"><\/div><div class=\"ult-ih-info\" style=\"background-color: #FFFFFF; \">\t<div class=\"ult-ih-info-back\">\t<div class=\"ult-ih-content\">\t\t\t<div class=\"ult-ih-heading-block\" style=\"\">\t\t\t\t<h3 class=\"ult-ih-heading ult-responsive\" style=\"color:#FFFFFF;\"  data-ultimate-target='#ult-ih-list-item-5245 .ult-ih-heading'  data-responsive-json-new='{\"font-size\":\"desktop:34px;\",\"line-height\":\"desktop:28px;\"}' ><\/h3>\t\t\t<\/div>\t\t\t<div class=\"ult-ih-divider-block\" style=\"height:1px;\">\t\t\t\t<span class=\"ult-ih-line\" style=\"border-style:solid;border-color:#00000000;width:100px;border-width:1px;\"><\/span>\t\t\t<\/div>\t\t\t<div class=\"ult-ih-description-block\" style=\"margin-left:40px;margin-right:40px;\">\t\t\t\t<div class=\"ult-ih-description ult-responsive\" style=\"color:#000000;\"  data-ultimate-target='#ult-ih-list-item-5245 .ult-ih-description, #ult-ih-list-item-5245 .ult-ih-description p'  data-responsive-json-new='{\"font-size\":\"desktop:14px;\",\"line-height\":\"desktop:18px;\"}' ><p>Pour faire d&rsquo;une entreprise une famille, ce sont les <strong>personnes<\/strong> qui comptent et pour Fanti Packaging, les personnes repr\u00e9sent la cl\u00e9 du v\u00e9ritable succ\u00e8s. Nous pouvons nous vanter d&rsquo;un <strong>tr\u00e8s faible taux de rotation du personnel<\/strong>: une constatation du sentiment d&rsquo;appartenance qui g\u00e9n\u00e8re \u00e9galement de la comp\u00e9tence et du professionnalisme.<\/p>\n\t\t\t\t<\/div>\t\t\t<\/div>\t<\/div>\t<\/div><\/div><\/div><\/li>\t<\/ul><\/div>[\/vc_column][vc_column width=\u00a0\u00bb1\/3&Prime;]<div class=\"ult-ih-container ult-adjust-bottom-margin  \" >\t<ul class=\"ult-ih-list \"  data-shape=\"circle\"  data-width=\"320\"  data-height=\"320\"  style=\"text-align:center; \"><li id=\"ult-ih-list-item-7656\" class=\"ult-ih-list-item\" style=\"height: 320px; width: 320px;  margin: 15px\"><div style=\"height: 320px; width: 320px; \" class=\"ult-ih-item ult-ih-effect6   ult-ih-scale_up  \"><div class=\"ult-ih-image-block\" style=\"height: 320px; width: 320px; \">\t<div class=\"ult-ih-wrapper\" style=\"border-style: solid; border-color: #0E7A3F; border-width: 10px;\"><\/div>\t<img decoding=\"async\" class=\"ult-ih-image\" src=\"https:\/\/fanti.hypefarm-test.it\/wp-content\/uploads\/2025\/04\/b06a_FR.png\" alt=\"null\"><\/div><div class=\"ult-ih-info\" style=\"background-color: #FFFFFF; \">\t<div class=\"ult-ih-info-back\">\t<div class=\"ult-ih-content\">\t\t\t<div class=\"ult-ih-heading-block\" style=\"\">\t\t\t\t<h3 class=\"ult-ih-heading ult-responsive\" style=\"color:#FFFFFF;\"  data-ultimate-target='#ult-ih-list-item-7656 .ult-ih-heading'  data-responsive-json-new='{\"font-size\":\"desktop:34px;\",\"line-height\":\"desktop:28px;\"}' ><\/h3>\t\t\t<\/div>\t\t\t<div class=\"ult-ih-divider-block\" style=\"height:1px;\">\t\t\t\t<span class=\"ult-ih-line\" style=\"border-style:solid;border-color:#00000000;width:100px;border-width:1px;\"><\/span>\t\t\t<\/div>\t\t\t<div class=\"ult-ih-description-block\" style=\"margin-left:40px;margin-right:40px;\">\t\t\t\t<div class=\"ult-ih-description ult-responsive\" style=\"color:#000000;\"  data-ultimate-target='#ult-ih-list-item-7656 .ult-ih-description, #ult-ih-list-item-7656 .ult-ih-description p'  data-responsive-json-new='{\"font-size\":\"desktop:14px;\",\"line-height\":\"desktop:18px;\"}' ><p>Derri\u00e8re nos emballages, l y a un monde de <strong>d\u00e9tails<\/strong>: s&rsquo;am\u00e9liorer puor nous signifie aller vers une <strong>recherche constante<\/strong>, vers une am\u00e9lioration continue de nos objectifs. Chaque point d&rsquo;arriv\u00e9e est un nouveau point de d\u00e9part pour regarder vers l&rsquo;avenir.<\/p>\n\t\t\t\t<\/div>\t\t\t<\/div>\t<\/div>\t<\/div><\/div><\/div><\/li>\t<\/ul><\/div>[\/vc_column][\/vc_row][vc_row][vc_column width=\u00a0\u00bb1\/3&Prime;]<div class=\"ult-ih-container ult-adjust-bottom-margin  \" >\t<ul class=\"ult-ih-list \"  data-shape=\"circle\"  data-width=\"320\"  data-height=\"320\"  style=\"text-align:center; \"><li id=\"ult-ih-list-item-6661\" class=\"ult-ih-list-item\" style=\"height: 320px; width: 320px;  margin: 15px\"><div style=\"height: 320px; width: 320px; \" class=\"ult-ih-item ult-ih-effect6   ult-ih-scale_up  \"><div class=\"ult-ih-image-block\" style=\"height: 320px; width: 320px; \">\t<div class=\"ult-ih-wrapper\" style=\"border-style: solid; border-color: #0E7A3F; border-width: 10px;\"><\/div>\t<img decoding=\"async\" class=\"ult-ih-image\" src=\"https:\/\/fanti.hypefarm-test.it\/wp-content\/uploads\/2025\/04\/b07a_FR.png\" alt=\"null\"><\/div><div class=\"ult-ih-info\" style=\"background-color: #FFFFFF; \">\t<div class=\"ult-ih-info-back\">\t<div class=\"ult-ih-content\">\t\t\t<div class=\"ult-ih-heading-block\" style=\"\">\t\t\t\t<h3 class=\"ult-ih-heading ult-responsive\" style=\"color:#FFFFFF;\"  data-ultimate-target='#ult-ih-list-item-6661 .ult-ih-heading'  data-responsive-json-new='{\"font-size\":\"desktop:34px;\",\"line-height\":\"desktop:28px;\"}' ><\/h3>\t\t\t<\/div>\t\t\t<div class=\"ult-ih-divider-block\" style=\"height:1px;\">\t\t\t\t<span class=\"ult-ih-line\" style=\"border-style:solid;border-color:#00000000;width:100px;border-width:1px;\"><\/span>\t\t\t<\/div>\t\t\t<div class=\"ult-ih-description-block\" style=\"margin-left:40px;margin-right:40px;\">\t\t\t\t<div class=\"ult-ih-description ult-responsive\" style=\"color:#000000;\"  data-ultimate-target='#ult-ih-list-item-6661 .ult-ih-description, #ult-ih-list-item-6661 .ult-ih-description p'  data-responsive-json-new='{\"font-size\":\"desktop:14px;\",\"line-height\":\"desktop:15px;\"}' ><p>Nous promouvons la <strong>croissance de mani\u00e8re inclusive<\/strong>, en regardant les nouveaux march\u00e9s sur lesquels nous pouvons apporter notre qualit\u00e9 dans le respect des diff\u00e9rents besoins. C&rsquo;est pourquoi nous sommes toujours \u00e0 l&rsquo;aff\u00fbt de nouveaux stimuli pour d\u00e9velopper des <strong>strat\u00e9gies internationales<\/strong> qui permettent de diversifier les comp\u00e9tences, d&rsquo;acc\u00e9der \u00e0 de nouveaux talents et d&rsquo;exploiter les opportunit\u00e9s du march\u00e9 mondial.<\/p>\n\t\t\t\t<\/div>\t\t\t<\/div>\t<\/div>\t<\/div><\/div><\/div><\/li>\t<\/ul><\/div>[\/vc_column][vc_column width=\u00a0\u00bb1\/3&Prime;]<div class=\"ult-ih-container ult-adjust-bottom-margin  \" >\t<ul class=\"ult-ih-list \"  data-shape=\"circle\"  data-width=\"320\"  data-height=\"320\"  style=\"text-align:center; \"><li id=\"ult-ih-list-item-4935\" class=\"ult-ih-list-item\" style=\"height: 320px; width: 320px;  margin: 15px\"><div style=\"height: 320px; width: 320px; \" class=\"ult-ih-item ult-ih-effect6   ult-ih-scale_up  \"><div class=\"ult-ih-image-block\" style=\"height: 320px; width: 320px; \">\t<div class=\"ult-ih-wrapper\" style=\"border-style: solid; border-color: #0E7A3F; border-width: 10px;\"><\/div>\t<img decoding=\"async\" class=\"ult-ih-image\" src=\"https:\/\/fanti.hypefarm-test.it\/wp-content\/uploads\/2025\/04\/b08a_FR.png\" alt=\"null\"><\/div><div class=\"ult-ih-info\" style=\"background-color: #FFFFFF; \">\t<div class=\"ult-ih-info-back\">\t<div class=\"ult-ih-content\">\t\t\t<div class=\"ult-ih-heading-block\" style=\"\">\t\t\t\t<h3 class=\"ult-ih-heading ult-responsive\" style=\"color:#FFFFFF;\"  data-ultimate-target='#ult-ih-list-item-4935 .ult-ih-heading'  data-responsive-json-new='{\"font-size\":\"desktop:34px;\",\"line-height\":\"desktop:28px;\"}' ><\/h3>\t\t\t<\/div>\t\t\t<div class=\"ult-ih-divider-block\" style=\"height:1px;\">\t\t\t\t<span class=\"ult-ih-line\" style=\"border-style:solid;border-color:#00000000;width:100px;border-width:1px;\"><\/span>\t\t\t<\/div>\t\t\t<div class=\"ult-ih-description-block\" style=\"margin-left:40px;margin-right:40px;\">\t\t\t\t<div class=\"ult-ih-description ult-responsive\" style=\"color:#000000;\"  data-ultimate-target='#ult-ih-list-item-4935 .ult-ih-description, #ult-ih-list-item-4935 .ult-ih-description p'  data-responsive-json-new='{\"font-size\":\"desktop:14px;\",\"line-height\":\"desktop:16px;\"}' ><p>Le d\u00e9veloppement conscient d&rsquo;une entreprise se m\u00eale au territoire sur lequel elle op\u00e8re, en connaissant et en respectant ses valeurs et ses caract\u00e9ristiques. Le lien qui se cr\u00e9e nous conduit \u00e0 \u00eatre un <strong>membre responsable de la soci\u00e9t\u00e9<\/strong>, \u00e0 <strong>respecter l&rsquo;environnement<\/strong> et \u00e0 <strong>promouvoir le progr\u00e8s social et \u00e9conomique<\/strong> par l&rsquo;implication dans des initiativer et des projets de bienfaisance et de d\u00e9veloppement \u00e9conomique local.<\/p>\n\t\t\t\t<\/div>\t\t\t<\/div>\t<\/div>\t<\/div><\/div><\/div><\/li>\t<\/ul><\/div>[\/vc_column][vc_column width=\u00a0\u00bb1\/3&Prime;]<div class=\"ult-ih-container ult-adjust-bottom-margin  \" >\t<ul class=\"ult-ih-list \"  data-shape=\"circle\"  data-width=\"320\"  data-height=\"320\"  style=\"text-align:center; \"><li id=\"ult-ih-list-item-8700\" class=\"ult-ih-list-item\" style=\"height: 320px; width: 320px;  margin: 15px\"><div style=\"height: 320px; width: 320px; \" class=\"ult-ih-item ult-ih-effect6   ult-ih-scale_up  \"><div class=\"ult-ih-image-block\" style=\"height: 320px; width: 320px; \">\t<div class=\"ult-ih-wrapper\" style=\"border-style: solid; border-color: #0E7A3F; border-width: 10px;\"><\/div>\t<img decoding=\"async\" class=\"ult-ih-image\" src=\"https:\/\/fanti.hypefarm-test.it\/wp-content\/uploads\/2025\/04\/b09a_FR.png\" alt=\"null\"><\/div><div class=\"ult-ih-info\" style=\"background-color: #FFFFFF; \">\t<div class=\"ult-ih-info-back\">\t<div class=\"ult-ih-content\">\t\t\t<div class=\"ult-ih-heading-block\" style=\"\">\t\t\t\t<h3 class=\"ult-ih-heading ult-responsive\" style=\"color:#FFFFFF;\"  data-ultimate-target='#ult-ih-list-item-8700 .ult-ih-heading'  data-responsive-json-new='{\"font-size\":\"desktop:34px;\",\"line-height\":\"desktop:28px;\"}' ><\/h3>\t\t\t<\/div>\t\t\t<div class=\"ult-ih-divider-block\" style=\"height:1px;\">\t\t\t\t<span class=\"ult-ih-line\" style=\"border-style:solid;border-color:#00000000;width:100px;border-width:1px;\"><\/span>\t\t\t<\/div>\t\t\t<div class=\"ult-ih-description-block\" style=\"margin-left:40px;margin-right:40px;\">\t\t\t\t<div class=\"ult-ih-description ult-responsive\" style=\"color:#000000;\"  data-ultimate-target='#ult-ih-list-item-8700 .ult-ih-description, #ult-ih-list-item-8700 .ult-ih-description p'  data-responsive-json-new='{\"font-size\":\"desktop:14px;\",\"line-height\":\"desktop:18px;\"}' ><p>\u00catre attentif \u00e0 l&rsquo;environnement est un acte de <strong>responsabilit\u00e9 de l&rsquo;entreprise et du personnel<\/strong>. Chez Fanti Packaging, nous nous soucions beaucoup du th\u00e8me de la <strong>durabilit\u00e9<\/strong> et c&rsquo;est pourquoi nous prenons soin de chacun de nos gestes: de la collecte s\u00e9lective au processus de production, nous Evoluons constamment dans une optique de croissance durable.<\/p>\n\t\t\t\t<\/div>\t\t\t<\/div>\t<\/div>\t<\/div><\/div><\/div><\/li>\t<\/ul><\/div>[\/vc_column][\/vc_row]<\/p>\n<\/div>","protected":false},"excerpt":{"rendered":"<p>[vc_row full_width=\u00a0\u00bbstretch_row_content\u00a0\u00bb el_class=\u00a0\u00bbtopimage\u00a0\u00bb css=\u00a0\u00bb.vc_custom_1745316545988{background-image: url(https:\/\/fanti.hypefarm-test.it\/wp-content\/uploads\/2025\/04\/i-nostri-val.jpg?id=6423) !important;}\u00a0\u00bb][vc_column][vc_empty_space][\/vc_column][\/vc_row][vc_row css=\u00a0\u00bb.vc_custom_1745224600624{padding-top: 40px !important;padding-bottom: 40px !important;}\u00a0\u00bb][vc_column el_class=\u00a0\u00bbmini-shrinkcentro hover-h1&Prime;][vc_column_text css=\u00a0\u00bb.vc_custom_1745830080624{margin-bottom: 15px !important;}\u00a0\u00bb] NOS VALEURS [\/vc_column_text][vc_separator color=\u00a0\u00bbcustom\u00a0\u00bb border_width=\u00a0\u00bb10&Prime; el_width=\u00a0\u00bb40&Prime; css_animation=\u00a0\u00bbappear\u00a0\u00bb css=\u00a0\u00bb.vc_custom_1747303668391{margin-bottom: 50px !important;}\u00a0\u00bb accent_color=\u00a0\u00bb#0E7A3F\u00a0\u00bb][vc_column_text css=\u00a0\u00bb.vc_custom_1745830090800{padding-top: 40px !important;padding-bottom: 40px !important;}\u00a0\u00bb] Nous construisons l\u2019avenir de Fanti Packaging sur les bases de notre histoire et d\u2019une innovation \u00e0 360 degr\u00e9s. C\u2019est pourquoi nos activit\u00e9s refl\u00e8tent<\/p>\n","protected":false},"author":1,"featured_media":0,"parent":0,"menu_order":0,"comment_status":"closed","ping_status":"closed","template":"","meta":{"cybocfi_hide_featured_image":"","footnotes":""},"categories":[],"tags":[],"class_list":["post-7174","page","type-page","status-publish","hentry","description-off"],"_links":{"self":[{"href":"https:\/\/fanti.hypefarm-test.it\/fr\/wp-json\/wp\/v2\/pages\/7174","targetHints":{"allow":["GET"]}}],"collection":[{"href":"https:\/\/fanti.hypefarm-test.it\/fr\/wp-json\/wp\/v2\/pages"}],"about":[{"href":"https:\/\/fanti.hypefarm-test.it\/fr\/wp-json\/wp\/v2\/types\/page"}],"author":[{"embeddable":true,"href":"https:\/\/fanti.hypefarm-test.it\/fr\/wp-json\/wp\/v2\/users\/1"}],"replies":[{"embeddable":true,"href":"https:\/\/fanti.hypefarm-test.it\/fr\/wp-json\/wp\/v2\/comments?post=7174"}],"version-history":[{"count":5,"href":"https:\/\/fanti.hypefarm-test.it\/fr\/wp-json\/wp\/v2\/pages\/7174\/revisions"}],"predecessor-version":[{"id":8363,"href":"https:\/\/fanti.hypefarm-test.it\/fr\/wp-json\/wp\/v2\/pages\/7174\/revisions\/8363"}],"wp:attachment":[{"href":"https:\/\/fanti.hypefarm-test.it\/fr\/wp-json\/wp\/v2\/media?parent=7174"}],"wp:term":[{"taxonomy":"category","embeddable":true,"href":"https:\/\/fanti.hypefarm-test.it\/fr\/wp-json\/wp\/v2\/categories?post=7174"},{"taxonomy":"post_tag","embeddable":true,"href":"https:\/\/fanti.hypefarm-test.it\/fr\/wp-json\/wp\/v2\/tags?post=7174"}],"curies":[{"name":"wp","href":"https:\/\/api.w.org\/{rel}","templated":true}]}}