{"id":7209,"date":"2025-04-22T14:28:31","date_gmt":"2025-04-22T12:28:31","guid":{"rendered":"https:\/\/fanti.hypefarm-test.it\/company\/"},"modified":"2025-05-29T12:51:21","modified_gmt":"2025-05-29T10:51:21","slug":"les-societes","status":"publish","type":"page","link":"https:\/\/fanti.hypefarm-test.it\/fr\/les-societes\/","title":{"rendered":"Les Soci\u00e9t\u00e9s"},"content":{"rendered":"<div class=\"wpb-content-wrapper\"><p>[vc_row full_width=\u00a0\u00bbstretch_row_content\u00a0\u00bb el_class=\u00a0\u00bbtopimage\u00a0\u00bb css=\u00a0\u00bb.vc_custom_1745321215071{background-image: url(https:\/\/fanti.hypefarm-test.it\/wp-content\/uploads\/2025\/04\/la-nostra-storia.jpg?id=6460) !important;}\u00a0\u00bb][vc_column][vc_empty_space][\/vc_column][\/vc_row][vc_row css=\u00a0\u00bb.vc_custom_1745224600624{padding-top: 40px !important;padding-bottom: 40px !important;}\u00a0\u00bb][vc_column el_class=\u00a0\u00bbmini-shrinkcentro hover-h1&Prime;][vc_column_text css=\u00a0\u00bb.vc_custom_1745929319540{margin-bottom: 15px !important;}\u00a0\u00bb]<\/p>\n<h1><img loading=\"lazy\" decoding=\"async\" class=\"wp-image-6404 aligncenter\" src=\"\/wp-content\/uploads\/2025\/04\/branmd.png\" alt=\"\" width=\"82\" height=\"51\" \/><\/h1>\n<h1 style=\"text-align: center;\">LES SOCI\u00c9T\u00c9S<\/h1>\n<p>[\/vc_column_text][vc_separator color=\u00a0\u00bbcustom\u00a0\u00bb border_width=\u00a0\u00bb10&Prime; el_width=\u00a0\u00bb40&Prime; css_animation=\u00a0\u00bbappear\u00a0\u00bb css=\u00a0\u00bb.vc_custom_1747304947370{margin-bottom: 50px !important;}\u00a0\u00bb accent_color=\u00a0\u00bb#0E7A3F\u00a0\u00bb][vc_column_text css=\u00a0\u00bb.vc_custom_1745929983253{padding-top: 40px !important;padding-bottom: 40px !important;}\u00a0\u00bb]<\/p>\n<div class=\"module_subrow themify_builder_sub_row tf_w col_align_top tb_col_count_1 tb_9kgs850\">\n<div class=\"module_column sub_column col-full tb_675i905 first\">\n<div class=\"module module-text tb_396s029\">\n<div class=\"tb_text_wrap\">\n<p>Fanti Packaging est une\u00a0<strong>multinationale \u00e0 l\u2019\u00e2me familiale<\/strong>\u00a0qui se distingue par une\u00a0<strong>vision globale de la \u00ab\u00a0fabrication industrielle\u00a0\u00bb<\/strong>\u00a0soutenue par la synergie d\u2019un\u00a0<strong>groupe soud\u00e9 de soci\u00e9t\u00e9s distinctives<\/strong>.<br \/>\nEn effet, chacune de nos soci\u00e9t\u00e9 est d\u00e9di\u00e9e \u00e0 la satisfaction des besoins sp\u00e9cifiques du secteur et du march\u00e9, avec une proposition d\u2019emballages aux qualit\u00e9s uniques et personnalisables. Ensemble, nous formons une famille qui se distingue au niveau international par sa <strong>flexibilit\u00e9<\/strong>,\u00a0<strong>son s\u00e9rieux et son<\/strong>\u00a0<strong>innovation<\/strong>.<\/p>\n<\/div>\n<\/div>\n<\/div>\n<\/div>\n<div class=\"module_subrow themify_builder_sub_row tf_w col_align_top tb_col_count_2 tb_mmoo834\">\n<div class=\"module_column sub_column col4-2 tb_d1lm015 first\">\n<div class=\"module module-text tb_3jnv997\">\n<div class=\"tb_text_wrap\"><\/div>\n<\/div>\n<\/div>\n<\/div>\n<p>[\/vc_column_text][\/vc_column][\/vc_row][vc_row gap=\u00a0\u00bb30&Prime; equal_height=\u00a0\u00bbyes\u00a0\u00bb][vc_column width=\u00a0\u00bb1\/2&Prime;][vc_row_inner css=\u00a0\u00bb.vc_custom_1747304990907{padding-right: 0px !important;padding-left: 0px !important;background-color: #FFFFFF !important;}\u00a0\u00bb el_class=\u00a0\u00bbhover-h1 hover-background allungamentodx\u00a0\u00bb][vc_column_inner el_class=\u00a0\u00bbroundcolumn\u00a0\u00bb css=\u00a0\u00bb.vc_custom_1745327405090{padding-top: 15px !important;padding-right: 0px !important;padding-left: 0px !important;}\u00a0\u00bb][vc_column_text css=\u00a0\u00bb.vc_custom_1748515876098{margin-bottom: 0px !important;margin-left: 30px !important;}\u00a0\u00bb]<img loading=\"lazy\" decoding=\"async\" class=\"alignnone size-full wp-image-6477\" src=\"\/wp-content\/uploads\/2025\/04\/presenza-globale.png\" alt=\"\" width=\"80\" height=\"80\" \/>[\/vc_column_text][vc_separator color=\u00a0\u00bbcustom\u00a0\u00bb align=\u00a0\u00bbalign_left\u00a0\u00bb border_width=\u00a0\u00bb10&Prime; el_width=\u00a0\u00bb50&Prime; css=\u00a0\u00bb.vc_custom_1745326039944{margin-bottom: 50px !important;}\u00a0\u00bb accent_color=\u00a0\u00bb#0E7A3F\u00a0\u00bb][vc_column_text css=\u00a0\u00bb\u00a0\u00bb]<\/p>\n<h1 style=\"text-align: center; font-size: 40px; line-height: 42px;\">NOTRE PR\u00c9SENCE<\/h1>\n<p>[\/vc_column_text][vc_single_image image=\u00a0\u00bb6481&Prime; img_size=\u00a0\u00bbfull\u00a0\u00bb alignment=\u00a0\u00bbcenter\u00a0\u00bb onclick=\u00a0\u00bbcustom_link\u00a0\u00bb css=\u00a0\u00bb.vc_custom_1746453324475{margin-bottom: 0px !important;}\u00a0\u00bb link=\u00a0\u00bb\/fr\/notre-presence\/\u00a0\u00bb el_class=\u00a0\u00bbcolore\u00a0\u00bb]<style type=\"text\/css\" data-type=\"the7_shortcodes-inline-css\">#default-btn-4187541ec792566bc5391967cb5adef8.ico-right-side > i {\n  margin-right: 0px;\n  margin-left: 8px;\n}\n#default-btn-4187541ec792566bc5391967cb5adef8 > i {\n  margin-right: 8px;\n}\n<\/style><div class=\"btn-align-center\"><a href=\"\/fr\/notre-presence\/\" class=\"default-btn-shortcode dt-btn dt-btn-l link-hover-off full-width-btn \" id=\"default-btn-4187541ec792566bc5391967cb5adef8\" title=\"Notre Pr\u00e9sence\"><span>En savoir plus<\/span><\/a><\/div>[\/vc_column_inner][\/vc_row_inner][\/vc_column][vc_column width=\u00a0\u00bb1\/2&Prime;][vc_row_inner css=\u00a0\u00bb.vc_custom_1747304995389{background-color: #FFFFFF !important;}\u00a0\u00bb el_class=\u00a0\u00bbhover-h1 hover-background allungamentodx\u00a0\u00bb][vc_column_inner el_class=\u00a0\u00bbroundcolumn\u00a0\u00bb css=\u00a0\u00bb.vc_custom_1745327047313{padding-top: 15px !important;padding-right: 0px !important;padding-left: 0px !important;}\u00a0\u00bb][vc_column_text css=\u00a0\u00bb.vc_custom_1748515879425{margin-bottom: 0px !important;margin-left: 30px !important;}\u00a0\u00bb]<img loading=\"lazy\" decoding=\"async\" class=\"alignnone size-full wp-image-6479\" src=\"\/wp-content\/uploads\/2025\/04\/persone.png\" alt=\"\" width=\"80\" height=\"80\" \/>[\/vc_column_text][vc_separator color=\u00a0\u00bbcustom\u00a0\u00bb align=\u00a0\u00bbalign_left\u00a0\u00bb border_width=\u00a0\u00bb10&Prime; el_width=\u00a0\u00bb50&Prime; css=\u00a0\u00bb.vc_custom_1745326039944{margin-bottom: 50px !important;}\u00a0\u00bb accent_color=\u00a0\u00bb#0E7A3F\u00a0\u00bb][vc_column_text css=\u00a0\u00bb\u00a0\u00bb]<\/p>\n<h1 style=\"text-align: center; font-size: 40px; line-height: 42px;\">LES PERSONNES<\/h1>\n<p>[\/vc_column_text][vc_single_image image=\u00a0\u00bb6483&Prime; img_size=\u00a0\u00bbfull\u00a0\u00bb alignment=\u00a0\u00bbcenter\u00a0\u00bb onclick=\u00a0\u00bbcustom_link\u00a0\u00bb css=\u00a0\u00bb.vc_custom_1746453331638{margin-bottom: 0px !important;}\u00a0\u00bb link=\u00a0\u00bb\/fr\/les-personnes\/\u00a0\u00bb el_class=\u00a0\u00bbbandw\u00a0\u00bb]<style type=\"text\/css\" data-type=\"the7_shortcodes-inline-css\">#default-btn-37bc87808a9f92ed7b4f6602a776c4ed.ico-right-side > i {\n  margin-right: 0px;\n  margin-left: 8px;\n}\n#default-btn-37bc87808a9f92ed7b4f6602a776c4ed > i {\n  margin-right: 8px;\n}\n<\/style><div class=\"btn-align-center\"><a href=\"\/fr\/les-personnes\/\" class=\"default-btn-shortcode dt-btn dt-btn-l link-hover-off full-width-btn \" id=\"default-btn-37bc87808a9f92ed7b4f6602a776c4ed\" title=\"Les Personnes\"><span>En savoir plus<\/span><\/a><\/div>[\/vc_column_inner][\/vc_row_inner][\/vc_column][\/vc_row]<\/p>\n<\/div>","protected":false},"excerpt":{"rendered":"<p>[vc_row full_width=\u00a0\u00bbstretch_row_content\u00a0\u00bb el_class=\u00a0\u00bbtopimage\u00a0\u00bb css=\u00a0\u00bb.vc_custom_1745321215071{background-image: url(https:\/\/fanti.hypefarm-test.it\/wp-content\/uploads\/2025\/04\/la-nostra-storia.jpg?id=6460) !important;}\u00a0\u00bb][vc_column][vc_empty_space][\/vc_column][\/vc_row][vc_row css=\u00a0\u00bb.vc_custom_1745224600624{padding-top: 40px !important;padding-bottom: 40px !important;}\u00a0\u00bb][vc_column el_class=\u00a0\u00bbmini-shrinkcentro hover-h1&Prime;][vc_column_text css=\u00a0\u00bb.vc_custom_1745929319540{margin-bottom: 15px !important;}\u00a0\u00bb] LES SOCI\u00c9T\u00c9S [\/vc_column_text][vc_separator color=\u00a0\u00bbcustom\u00a0\u00bb border_width=\u00a0\u00bb10&Prime; el_width=\u00a0\u00bb40&Prime; css_animation=\u00a0\u00bbappear\u00a0\u00bb css=\u00a0\u00bb.vc_custom_1747304947370{margin-bottom: 50px !important;}\u00a0\u00bb accent_color=\u00a0\u00bb#0E7A3F\u00a0\u00bb][vc_column_text css=\u00a0\u00bb.vc_custom_1745929983253{padding-top: 40px !important;padding-bottom: 40px !important;}\u00a0\u00bb] Fanti Packaging est une\u00a0multinationale \u00e0 l\u2019\u00e2me familiale\u00a0qui se distingue par une\u00a0vision globale de la \u00ab\u00a0fabrication industrielle\u00a0\u00bb\u00a0soutenue par la synergie d\u2019un\u00a0groupe soud\u00e9 de soci\u00e9t\u00e9s<\/p>\n","protected":false},"author":1,"featured_media":0,"parent":0,"menu_order":0,"comment_status":"closed","ping_status":"closed","template":"","meta":{"cybocfi_hide_featured_image":"","footnotes":""},"categories":[],"tags":[],"class_list":["post-7209","page","type-page","status-publish","hentry","description-off"],"_links":{"self":[{"href":"https:\/\/fanti.hypefarm-test.it\/fr\/wp-json\/wp\/v2\/pages\/7209","targetHints":{"allow":["GET"]}}],"collection":[{"href":"https:\/\/fanti.hypefarm-test.it\/fr\/wp-json\/wp\/v2\/pages"}],"about":[{"href":"https:\/\/fanti.hypefarm-test.it\/fr\/wp-json\/wp\/v2\/types\/page"}],"author":[{"embeddable":true,"href":"https:\/\/fanti.hypefarm-test.it\/fr\/wp-json\/wp\/v2\/users\/1"}],"replies":[{"embeddable":true,"href":"https:\/\/fanti.hypefarm-test.it\/fr\/wp-json\/wp\/v2\/comments?post=7209"}],"version-history":[{"count":12,"href":"https:\/\/fanti.hypefarm-test.it\/fr\/wp-json\/wp\/v2\/pages\/7209\/revisions"}],"predecessor-version":[{"id":8503,"href":"https:\/\/fanti.hypefarm-test.it\/fr\/wp-json\/wp\/v2\/pages\/7209\/revisions\/8503"}],"wp:attachment":[{"href":"https:\/\/fanti.hypefarm-test.it\/fr\/wp-json\/wp\/v2\/media?parent=7209"}],"wp:term":[{"taxonomy":"category","embeddable":true,"href":"https:\/\/fanti.hypefarm-test.it\/fr\/wp-json\/wp\/v2\/categories?post=7209"},{"taxonomy":"post_tag","embeddable":true,"href":"https:\/\/fanti.hypefarm-test.it\/fr\/wp-json\/wp\/v2\/tags?post=7209"}],"curies":[{"name":"wp","href":"https:\/\/api.w.org\/{rel}","templated":true}]}}