{"id":7222,"date":"2025-04-22T15:23:00","date_gmt":"2025-04-22T13:23:00","guid":{"rendered":"https:\/\/fanti.hypefarm-test.it\/la-nostra-presenza-globale\/"},"modified":"2025-05-15T12:38:59","modified_gmt":"2025-05-15T10:38:59","slug":"notre-presence","status":"publish","type":"page","link":"https:\/\/fanti.hypefarm-test.it\/fr\/notre-presence\/","title":{"rendered":"Notre Pr\u00e9sence"},"content":{"rendered":"<div class=\"wpb-content-wrapper\"><p>[vc_row full_width=\u00a0\u00bbstretch_row_content\u00a0\u00bb el_class=\u00a0\u00bbtopimage\u00a0\u00bb css=\u00a0\u00bb.vc_custom_1745328223893{background-image: url(https:\/\/fanti.hypefarm-test.it\/wp-content\/uploads\/2025\/04\/Fanti-global-presence.jpg?id=6509) !important;}\u00a0\u00bb][vc_column][vc_empty_space][\/vc_column][\/vc_row][vc_row css=\u00a0\u00bb.vc_custom_1745224600624{padding-top: 40px !important;padding-bottom: 40px !important;}\u00a0\u00bb][vc_column el_class=\u00a0\u00bbmini-shrinkcentro hover-h1&Prime;][vc_column_text css=\u00a0\u00bb.vc_custom_1745834843177{margin-bottom: 15px !important;}\u00a0\u00bb]<\/p>\n<h1 style=\"text-align: center;\"><img loading=\"lazy\" decoding=\"async\" class=\"size-full wp-image-6504 aligncenter\" src=\"\/wp-content\/uploads\/2025\/04\/IC05b.png\" alt=\"\" width=\"61\" height=\"61\" \/>NOTRE PR\u00c9SENCE<\/h1>\n<p>[\/vc_column_text][vc_separator color=\u00a0\u00bbcustom\u00a0\u00bb border_width=\u00a0\u00bb10&Prime; el_width=\u00a0\u00bb40&Prime; css_animation=\u00a0\u00bbappear\u00a0\u00bb css=\u00a0\u00bb.vc_custom_1747305393073{margin-bottom: 50px !important;}\u00a0\u00bb accent_color=\u00a0\u00bb#0E7A3F\u00a0\u00bb][vc_column_text css=\u00a0\u00bb.vc_custom_1745834793897{padding-top: 40px !important;padding-bottom: 40px !important;}\u00a0\u00bb]<\/p>\n<p style=\"text-align: justify;\">La pr\u00e9sence mondiale de Fanti Packaging est le r\u00e9sultat d\u2019un engagement constant \u00e0 apporter nos solutions d\u2019emballage au monde entier. Avec\u00a0<strong>10 usines et filiales sur 3 continents<\/strong>\u00a0couvrant diff\u00e9rentes cultures et march\u00e9s, nous atteignons\u00a0<strong>plus de 1000 clients dans plus de 50 pays<\/strong>.<br \/>\nNotre\u00a0<strong>ambition est mondiale<\/strong>, notre\u00a0<strong>approche est locale<\/strong>: un pont qui unit le monde \u00e0 travers l\u2019emballage.<\/p>\n<p>[\/vc_column_text][\/vc_column][\/vc_row][vc_row full_width=\u00a0\u00bbstretch_row_content\u00a0\u00bb css=\u00a0\u00bb.vc_custom_1745328862035{padding-bottom: 60px !important;}\u00a0\u00bb][vc_column][vc_single_image image=\u00a0\u00bb7546&Prime; img_size=\u00a0\u00bbfull\u00a0\u00bb alignment=\u00a0\u00bbcenter\u00a0\u00bb css=\u00a0\u00bb\u00a0\u00bb][\/vc_column][\/vc_row][vc_row][vc_column][vc_column_text css=\u00a0\u00bb\u00a0\u00bb el_class=\u00a0\u00bbhover-background hover-h4&Prime;]<\/p>\n<h4 style=\"text-align: left;\"><style=\"color: #000;\"><strong>GIORGIO FANTI S.p.A.<\/strong><\/style>\n<\/h4>\n<p style=\"margin: 0cm; font-size: 16px;\">Origine et c\u0153ur battant de toute la Fanti Packaging,\u00a0<strong>Giorgio Fanti S.p.A est n\u00e9 en 1948<\/strong>\u00a0de l\u2019id\u00e9e \u00e9clair\u00e9e de Giorgio Fanti qui voyait dans une\u00a0<strong>bo\u00eete de viande<\/strong>\u00a0l\u2019opportunit\u00e9 d\u2019une entreprise. Du garage de via del Lino 8 \u00e0 Bologne \u00e0 l\u2019usine de Borgo Panigale, jusqu\u2019au d\u00e9m\u00e9nagement d\u00e9finitif en 1969 dans son si\u00e8ge actuel \u00e0 Casalecchio di Reno, la soci\u00e9t\u00e9 Giorgio Fanti S.p.A. a toujours \u00e9t\u00e9 sp\u00e9cialis\u00e9e dans la\u00a0<strong>production de r\u00e9cipients m\u00e9talliques pour la peinture<\/strong>. L\u2019achat de la\u00a0<strong>premi\u00e8re ligne automatique\u00a0<\/strong>pour l\u2019assemblage des bo\u00eetes en fer-blanc en\u00a0<strong>1952<\/strong>\u00a0a \u00e9t\u00e9 une \u00e9tape importante dans le d\u00e9veloppement et l\u2019affirmation de l\u2019entreprise.\u00a0<strong>En 2022, Fanti Packaging<\/strong>, la holding familiale qui unit toutes les soci\u00e9t\u00e9s du groupe<strong>, a officiellement<\/strong>\u00a0<strong>vu le jour<\/strong>, optimisant les ressources et les synergies. L\u2019usine de Giorgio Fanti S.p.A., la plus grande et la plus compl\u00e8te, compte environ 150 employ\u00e9s sur une superficie de 20 000 m<sup>2<\/sup>, g\u00e9rant l\u2019ensemble du cycle de production.<\/p>\n<p>[\/vc_column_text][vc_separator color=\u00a0\u00bbblack\u00a0\u00bb css_animation=\u00a0\u00bbfadeInLeft\u00a0\u00bb css=\u00a0\u00bb\u00a0\u00bb][\/vc_column][\/vc_row][vc_row][vc_column][vc_column_text css=\u00a0\u00bb\u00a0\u00bb el_class=\u00a0\u00bbhover-background hover-h4&Prime;]<\/p>\n<h4><strong>FANTI I.C.M.<br \/>\nIndustria Contenitori Metallici S.p.A.<\/strong><\/h4>\n<p style=\"margin: 0cm; font-size: 16px;\">Fond\u00e9e en 1965 \u00e0 Montechiarugolo (Parme, Italie) par d\u2019anciens employ\u00e9s de Capolo Spa, I.C.M. s\u2019est d\u2019abord sp\u00e9cialis\u00e9e dans la fabrication de\u00a0<strong>pots pour l\u2019huile, le thon et le secteur chimique<\/strong>. En\u00a0<strong>1990<\/strong>, la soci\u00e9t\u00e9 Giorgio Fanti S.p.A. a acquis la majorit\u00e9 des parts d\u2019I.C.M., consacrant une int\u00e9gration importante pour le d\u00e9veloppement et l\u2019enrichissement de l\u2019ensemble de l\u2019offre. Aujourd\u2019hui, avec 47 employ\u00e9s et une usine de 7 000 m<sup>2<\/sup>, l\u2019entreprise est leader dans la production de\u00a0<strong>pots coniques general line<\/strong>\u00a0et continue de travailler en synergie avec Fanti Packaging pour garantir l\u2019innovation et la qualit\u00e9 dans le secteur de l\u2019emballage.<\/p>\n<p>[\/vc_column_text][vc_separator color=\u00a0\u00bbblack\u00a0\u00bb css_animation=\u00a0\u00bbfadeInRight\u00a0\u00bb css=\u00a0\u00bb\u00a0\u00bb][\/vc_column][\/vc_row][vc_row][vc_column][vc_column_text css=\u00a0\u00bb\u00a0\u00bb el_class=\u00a0\u00bbhover-background hover-h4&Prime;]<\/p>\n<h4><strong>FANTI VENEGONI S.r.l.<\/strong><\/h4>\n<p style=\"margin: 0cm; font-size: 16px;\">Fond\u00e9e en\u00a0<strong>1973 par Pietro Venegoni<\/strong>, l\u2019entreprise a su \u00e9voluer d\u2019une r\u00e9alit\u00e9 locale \u00e0 un acteur de premier plan dans le secteur des\u00a0<strong>emballages m\u00e9talliques \u00ab\u00a0General Line\u00a0\u00bb et \u00ab\u00a0Food Cans\u00a0\u00bb<\/strong>. Dirig\u00e9e avec passion depuis plus de 40 ans par la famille Venegoni, l\u2019entreprise op\u00e8re aujourd\u2019hui dans une usine moderne de 3 000 m<sup>2<\/sup>\u00a0\u00e0\u00a0<strong>Trecate (Novare, Italie),<\/strong>\u00a0avec 18 employ\u00e9s sp\u00e9cialis\u00e9s. Depuis\u00a0<strong>2018<\/strong>, Venegoni fait partie de la famille Fanti, b\u00e9n\u00e9ficiant de\u00a0<strong>synergies commerciales et de processus<\/strong>.<\/p>\n<p>[\/vc_column_text][vc_separator color=\u00a0\u00bbblack\u00a0\u00bb css_animation=\u00a0\u00bbfadeInLeft\u00a0\u00bb css=\u00a0\u00bb\u00a0\u00bb][\/vc_column][\/vc_row][vc_row][vc_column][vc_column_text css=\u00a0\u00bb\u00a0\u00bb el_class=\u00a0\u00bbhover-background hover-h4&Prime;]<\/p>\n<h4><strong>FANTI PLAST S.r.l.<br \/>\n\u00c9tablissement de Gemmano<\/strong><\/h4>\n<p style=\"margin: 0cm; font-size: 16px;\"><strong>FANTI Plast<\/strong>\u00a0est la division que Fanti Packaging a cr\u00e9\u00e9e en\u00a0<strong>2022<\/strong>\u00a0pour identifier la branche de production d\u00e9di\u00e9e \u00e0<strong>\u00a0l\u2019emballage plastique et hybride<\/strong>. Un segment important o\u00f9 convergent\u00a0<strong>deux usines\u00a0<\/strong>et deux sites de production. \u00c0\u00a0<strong>Gemmano (Rimini, Italie)<\/strong>, on fabrique des\u00a0<strong>conteneurs en plastique de grande taille<\/strong>, s\u2019inscrivant ainsi dans la continuit\u00e9 de P. Cans, une entreprise issue de la synergie entre Fanti et la famille Verni, propri\u00e9taire d\u2019une r\u00e9alit\u00e9 historique qui, fond\u00e9e dans les ann\u00e9es 80, s\u2019est affirm\u00e9e dans la production de seaux en plastique de haute qualit\u00e9. En\u00a0<strong>2015<\/strong>, le groupe bolognais rach\u00e8te la participation de la famille Verni. C\u2019est ainsi que na\u00eet\u00a0<strong>P. Cans S.r.l<\/strong>, qui marque l\u2019entr\u00e9e de Fanti Packaging dans le domaine de l\u2019emballage en plastique. \u00c0 ce jour, FANTI Plast, avec ses deux usines de production, couvre une superficie d\u2019environ 20 000 m<sup>2<\/sup>\u00a0et emploie plus de 30 personnes.<\/p>\n<p>[\/vc_column_text][vc_separator color=\u00a0\u00bbblack\u00a0\u00bb css_animation=\u00a0\u00bbfadeInRight\u00a0\u00bb css=\u00a0\u00bb\u00a0\u00bb][\/vc_column][\/vc_row][vc_row][vc_column][vc_column_text css=\u00a0\u00bb\u00a0\u00bb el_class=\u00a0\u00bbhover-background hover-h4&Prime;]<\/p>\n<h4><strong>FANTI PLAST S.r.l.<br \/>\n\u00c9tablissement de Codogno<\/strong><\/h4>\n<p style=\"margin: 0cm; font-size: 16px;\">Un segment de production d\u2019une grande importance est celui consacr\u00e9 \u00e0\u00a0<b>l\u2019emballage plastique et hybride<\/b>, auquel Fanti Packaging a consacr\u00e9 en\u00a0<b>2022<\/b>\u00a0la division\u00a0<b>FANTI<\/b>\u00a0<b>Plast.<\/b>\u00a0La Business Unit compte\u00a0<b>deux \u00e9tablissements diff\u00e9rents<\/b>\u00a0auxquels se r\u00e9f\u00e8rent deux soci\u00e9t\u00e9s qui font partie du groupe, partageant leur exp\u00e9rience, leur professionnalisme et leur vision.\u00a0<b>Polibox Italiana<\/b>, n\u00e9e en 1978 sous la direction des fr\u00e8res Rosso s\u2019installe \u00e0\u00a0<b>Codogno (Lodi, Italie)<\/b>. Initialement d\u00e9di\u00e9s au moulage par injection des mati\u00e8res plastiques pour la production de r\u00e9cipients pour peintures et vernis, ils ont scell\u00e9 leur succ\u00e8s gr\u00e2ce \u00e0 la cr\u00e9ation du\u00a0<b>premier r\u00e9cipient hybride en Italie<\/b>, qui combine plastique et m\u00e9tal. Fruit d\u2019un premier\u00a0<b>brevet<\/b>\u00a0important, l\u2019innovation s\u2019est ensuite poursuivie avec\u00a0<b>le nouveau brevet europ\u00e9en Eco-Rivest,<\/b>\u00a0un syst\u00e8me r\u00e9volutionnaire de rev\u00eatement et de protection interne. Depuis\u00a0<b>2016<\/b>, Polibox fait partie de la famille Fanti, initialement avec\u00a0<b>P<\/b>.<b>Cans S.r.l.<\/b>\u00a0et plus tard de la division\u00a0<b>FANTI Plast<\/b>, avec un syst\u00e8me de production moderne et technologiquement avanc\u00e9. La gamme s\u2019est encore \u00e9largie avec un d\u00e9partement d\u00e9di\u00e9 au secteur alimentaire.<\/p>\n<p>[\/vc_column_text][vc_separator color=\u00a0\u00bbblack\u00a0\u00bb css_animation=\u00a0\u00bbfadeInLeft\u00a0\u00bb css=\u00a0\u00bb\u00a0\u00bb][\/vc_column][\/vc_row][vc_row][vc_column][vc_column_text css=\u00a0\u00bb\u00a0\u00bb el_class=\u00a0\u00bbhover-background hover-h4&Prime;]<\/p>\n<h4><strong>OCM S.p.A.<\/strong><\/h4>\n<p style=\"margin: 0cm; font-size: 16px;\">OCM a rejoint Fanti Packaging en\u00a0<strong>2024<\/strong>\u00a0pour marquer une nouvelle mise \u00e0 niveau de la\u00a0<strong>gamme de production sp\u00e9cialis\u00e9e dans les produits alimentaires<\/strong>. L\u2019entreprise historique de\u00a0<strong>Gruaro (Venise, Italie)<\/strong>\u00a0a acquis une position de leader national dans le secteur de l\u2019emballage m\u00e9tallique gr\u00e2ce aux conseils avis\u00e9s de la famille\u00a0<strong>D\u2019Agnolo<\/strong>, toujours pr\u00e9sente dans la gestion de l\u2019activit\u00e9. Avec plus de 200 employ\u00e9s dans les deux usines de Gruaro et San Martino di Lupari, OCM rejoint Fanti Packaging pour garantir une comp\u00e9titivit\u00e9 accrue, en particulier dans le\u00a0<strong>secteur alimentaire et du caf\u00e9<\/strong>, pouvant se vanter d\u2019une collaboration historique avec la c\u00e9l\u00e8bre soci\u00e9t\u00e9 illycaff\u00e8 S.p.A.<\/p>\n<p>[\/vc_column_text][vc_separator color=\u00a0\u00bbblack\u00a0\u00bb css_animation=\u00a0\u00bbfadeInRight\u00a0\u00bb css=\u00a0\u00bb\u00a0\u00bb][\/vc_column][\/vc_row][vc_row][vc_column][vc_column_text css=\u00a0\u00bb\u00a0\u00bb el_class=\u00a0\u00bbhover-background hover-h4&Prime;]<\/p>\n<h4><strong>I.C.E.<br \/>\nInnovative Canmakers Europe<\/strong><\/h4>\n<p style=\"margin: 0cm; font-size: 16px;\">N\u00e9 en\u00a0<strong>2007<\/strong>\u00a0de la collaboration\u00a0<strong>entre Blechwarenfabrik Limburg GmbH (Allemagne) et Fanti Packaging (Italie)<\/strong>,\u00a0<strong>ICE-Innovative<\/strong>\u00a0<strong>Canmakers Europe<\/strong>\u00a0est un\u00a0<strong>partenariat commercial<\/strong>\u00a0leader dans le secteur des\u00a0<strong>emballages en fer-blanc<\/strong>\u00a0<strong>pour produits chimiques et techniques<\/strong>. Situ\u00e9e \u00e0\u00a0<strong>Munich<\/strong>\u00a0<strong>(Allemagne),<\/strong>\u00a0elle allie l\u2019expertise et l\u2019innovation de deux g\u00e9ants europ\u00e9ens de l\u2019emballage pour offrir des solutions d\u2019emballage m\u00e9talliques de pointe dans toute l\u2019Europe et au-del\u00e0. La force de cette entreprise r\u00e9side dans la combinaison d\u2019un savoir-faire d\u00e9cennal, de technologies innovantes et d\u2019un vaste r\u00e9seau de distribution paneurop\u00e9en. Avec une \u00e9quipe de plus de 800 professionnels et des usines de production \u00e9quip\u00e9es de machines de pointe, y compris des technologies d\u2019impression avanc\u00e9es avec des machines \u00e0 6 couleurs et des syst\u00e8mes CTP int\u00e9gr\u00e9s, elle garantit des emballages de haute qualit\u00e9 pour une large gamme de produits chimiques et techniques.<\/p>\n<p>[\/vc_column_text][vc_separator color=\u00a0\u00bbblack\u00a0\u00bb css_animation=\u00a0\u00bbfadeInLeft\u00a0\u00bb css=\u00a0\u00bb\u00a0\u00bb][\/vc_column][\/vc_row][vc_row][vc_column][vc_column_text css=\u00a0\u00bb\u00a0\u00bb el_class=\u00a0\u00bbhover-background hover-h4&Prime;]<\/p>\n<h4><strong>FANTI ROMANIA G.I.I.<br \/>\nGruppo Italiano Imballaggi<\/strong><\/h4>\n<p style=\"margin: 0cm; font-size: 16px;\"><strong>Fond\u00e9e en 1999 \u00e0 Bucarest<\/strong>\u00a0<strong>(Roumanie),<\/strong>\u00a0G.I.I. Gruppo Italiano Imballaggi est \u00e0 l\u2019origine une coentreprise entre Fanti et deux fabricants italiens pour assembler les pots et\u00a0<strong>servir le march\u00e9 local<\/strong>\u00a0des fabricants de peintures de mani\u00e8re plus fonctionnelle et \u00e9conomique. La dynamique du march\u00e9 et les changements au sein de la soci\u00e9t\u00e9 ont d\u00e9termin\u00e9 les ann\u00e9es suivantes de G.I.I. qui, en\u00a0<strong>2006<\/strong>, a entam\u00e9 un\u00a0<strong>projet d\u2019expansion<\/strong>\u00a0sous la seule direction de la famille Fanti. Une nouvelle usine de 6 000 m\u00e8tres carr\u00e9s a \u00e9t\u00e9 achet\u00e9e et construite \u00e0 l\u2019ext\u00e9rieur de Bucarest avec un \u00e9largissement de la gamme et de nouvelles machines pleinement op\u00e9rationnelles depuis 2014.<\/p>\n<p>[\/vc_column_text][vc_separator color=\u00a0\u00bbblack\u00a0\u00bb css_animation=\u00a0\u00bbfadeInRight\u00a0\u00bb css=\u00a0\u00bb\u00a0\u00bb][\/vc_column][\/vc_row][vc_row][vc_column][vc_column_text css=\u00a0\u00bb\u00a0\u00bb el_class=\u00a0\u00bbhover-background hover-h4&Prime;]<\/p>\n<h4><strong>FANTI ESPA\u00d1A<br \/>\nEnvases, S.A.<\/strong><\/h4>\n<p style=\"margin: 0cm; font-size: 16px;\"><b>Fond\u00e9e en 1940 par Mariano Sanz Garcia<\/b>,\u00a0<b>Industrias Sanz<\/b>\u00a0s\u2019est sp\u00e9cialis\u00e9e dans la production de\u00a0<b>pots, de f\u00fbts et de seaux en m\u00e9tal<\/b>. En juin\u00a0<b>2023<\/b>\u00a0, elle a officiellement rejoint Fanti Packaging sous le nouveau nom de\u00a0<b>Fanti Espa\u00f1a<\/b>, offrant un conseil encore plus personnalis\u00e9 en mati\u00e8re de produits et de services selon une\u00a0<b>politique globale-locale<\/b>\u00a0qui vise \u00e0 garantir l\u2019excellence de Fanti Packaging dans le monde entier, tout en respectant les diff\u00e9rentes exigences locales. L\u2019usine d\u2019<b>Alcobendas (Madrid)<\/b>\u00a0s\u2019\u00e9tend sur 4 800 m<sup>2<\/sup>\u00a0o\u00f9 travaillent 25 employ\u00e9s. Gr\u00e2ce aux synergies avec le groupe, Fanti Espa\u00f1a est en mesure d\u2019offrir des solutions d\u2019<b>emballage m\u00e9talliques de haut niveau<\/b>, en suivant les clients de la conception \u00e0 la livraison du produit fini.<\/p>\n<p>[\/vc_column_text][vc_separator color=\u00a0\u00bbblack\u00a0\u00bb css_animation=\u00a0\u00bbfadeInLeft\u00a0\u00bb css=\u00a0\u00bb\u00a0\u00bb][\/vc_column][\/vc_row][vc_row][vc_column][vc_column_text css=\u00a0\u00bb\u00a0\u00bb el_class=\u00a0\u00bbhover-background hover-h4&Prime;]<\/p>\n<h4><strong>FANTI PLAST ESPA\u00d1A<br \/>\nEnvases, S.A.<\/strong><\/h4>\n<p style=\"margin: 0cm; font-size: 16px;\">Acquise en\u00a0<strong>2024<\/strong>\u00a0par Fanti Espa\u00f1a Envases, d\u00e9j\u00e0 partie int\u00e9grante de Fanti Packaging, Gruplasa S.L. est une entreprise madril\u00e8ne sp\u00e9cialis\u00e9e dans la production d\u2019emballages plastiques. Son entr\u00e9e dans le march\u00e9 de Fanti Packaging sous le nom de\u00a0<strong>Fanti Plast Espa\u00f1a<\/strong> lui permet de fournir au march\u00e9 ib\u00e9rique une gamme compl\u00e8te de solutions d\u2019emballage primaire en\u00a0 plastique et hybride. Gr\u00e2ce \u00e0 une approche professionnelle et attentive, la nouvelle Fanti Plast Espa\u00f1a se positionne \u00e0 juste titre parmi les principales r\u00e9f\u00e9rences des principaux fabricants nationaux, garantissant une flexibilit\u00e9 de production adapt\u00e9e aux diff\u00e9rents besoins et secteurs.<\/p>\n<p>[\/vc_column_text][vc_separator color=\u00a0\u00bbblack\u00a0\u00bb css_animation=\u00a0\u00bbfadeInRight\u00a0\u00bb css=\u00a0\u00bb\u00a0\u00bb][\/vc_column][\/vc_row][vc_row][vc_column][vc_column_text css=\u00a0\u00bb\u00a0\u00bb el_class=\u00a0\u00bbhover-background hover-h4&Prime;]<\/p>\n<h4><strong>FANTI USA, Inc.<\/strong><\/h4>\n<p style=\"margin: 0cm; font-size: 16px;\">Fruit d\u2019\u00e9tudes approfondies du secteur,\u00a0<strong>Fanti USA<\/strong>\u00a0est n\u00e9 en\u00a0<strong>West Virginia<\/strong>\u00a0de la vision entrepreneuriale clairvoyante de la soci\u00e9t\u00e9 bolognaise Fanti Packaging pour servir le march\u00e9 am\u00e9ricain. L\u2019usine de 10 000 m<sup>2<\/sup>, dont 9 000 d\u00e9di\u00e9s \u00e0 la production de\u00a0<strong>pots en m\u00e9tal General Line<\/strong>, importe en Am\u00e9rique 75 ans de savoir-faire. Avec 11 employ\u00e9s directs et 3 employ\u00e9s externalis\u00e9s, Fanti USA met l\u2019accent sur la\u00a0<strong>qualit\u00e9<\/strong>, l\u2019<strong>efficacit\u00e9<\/strong>\u00a0et le\u00a0<strong>service client personnalis\u00e9<\/strong>. Un investissement de\u00a0<strong>plus de 800 000 dollars pour la cr\u00e9ation d\u2019une installation photovolta\u00efque<\/strong>\u00a0confirme l\u2019engagement de Fanti Packaging en faveur du d\u00e9veloppement durable.<\/p>\n<p>[\/vc_column_text][vc_separator color=\u00a0\u00bbblack\u00a0\u00bb css_animation=\u00a0\u00bbfadeInLeft\u00a0\u00bb css=\u00a0\u00bb\u00a0\u00bb][\/vc_column][\/vc_row]<\/p>\n<\/div>","protected":false},"excerpt":{"rendered":"<p>[vc_row full_width=\u00a0\u00bbstretch_row_content\u00a0\u00bb el_class=\u00a0\u00bbtopimage\u00a0\u00bb css=\u00a0\u00bb.vc_custom_1745328223893{background-image: url(https:\/\/fanti.hypefarm-test.it\/wp-content\/uploads\/2025\/04\/Fanti-global-presence.jpg?id=6509) !important;}\u00a0\u00bb][vc_column][vc_empty_space][\/vc_column][\/vc_row][vc_row css=\u00a0\u00bb.vc_custom_1745224600624{padding-top: 40px !important;padding-bottom: 40px !important;}\u00a0\u00bb][vc_column el_class=\u00a0\u00bbmini-shrinkcentro hover-h1&Prime;][vc_column_text css=\u00a0\u00bb.vc_custom_1745834843177{margin-bottom: 15px !important;}\u00a0\u00bb] NOTRE PR\u00c9SENCE [\/vc_column_text][vc_separator color=\u00a0\u00bbcustom\u00a0\u00bb border_width=\u00a0\u00bb10&Prime; el_width=\u00a0\u00bb40&Prime; css_animation=\u00a0\u00bbappear\u00a0\u00bb css=\u00a0\u00bb.vc_custom_1747305393073{margin-bottom: 50px !important;}\u00a0\u00bb accent_color=\u00a0\u00bb#0E7A3F\u00a0\u00bb][vc_column_text css=\u00a0\u00bb.vc_custom_1745834793897{padding-top: 40px !important;padding-bottom: 40px !important;}\u00a0\u00bb] La pr\u00e9sence mondiale de Fanti Packaging est le r\u00e9sultat d\u2019un engagement constant \u00e0 apporter nos solutions d\u2019emballage au monde entier. Avec\u00a010 usines et<\/p>\n","protected":false},"author":1,"featured_media":0,"parent":0,"menu_order":0,"comment_status":"closed","ping_status":"closed","template":"","meta":{"cybocfi_hide_featured_image":"","footnotes":""},"categories":[],"tags":[],"class_list":["post-7222","page","type-page","status-publish","hentry","description-off"],"_links":{"self":[{"href":"https:\/\/fanti.hypefarm-test.it\/fr\/wp-json\/wp\/v2\/pages\/7222","targetHints":{"allow":["GET"]}}],"collection":[{"href":"https:\/\/fanti.hypefarm-test.it\/fr\/wp-json\/wp\/v2\/pages"}],"about":[{"href":"https:\/\/fanti.hypefarm-test.it\/fr\/wp-json\/wp\/v2\/types\/page"}],"author":[{"embeddable":true,"href":"https:\/\/fanti.hypefarm-test.it\/fr\/wp-json\/wp\/v2\/users\/1"}],"replies":[{"embeddable":true,"href":"https:\/\/fanti.hypefarm-test.it\/fr\/wp-json\/wp\/v2\/comments?post=7222"}],"version-history":[{"count":13,"href":"https:\/\/fanti.hypefarm-test.it\/fr\/wp-json\/wp\/v2\/pages\/7222\/revisions"}],"predecessor-version":[{"id":8390,"href":"https:\/\/fanti.hypefarm-test.it\/fr\/wp-json\/wp\/v2\/pages\/7222\/revisions\/8390"}],"wp:attachment":[{"href":"https:\/\/fanti.hypefarm-test.it\/fr\/wp-json\/wp\/v2\/media?parent=7222"}],"wp:term":[{"taxonomy":"category","embeddable":true,"href":"https:\/\/fanti.hypefarm-test.it\/fr\/wp-json\/wp\/v2\/categories?post=7222"},{"taxonomy":"post_tag","embeddable":true,"href":"https:\/\/fanti.hypefarm-test.it\/fr\/wp-json\/wp\/v2\/tags?post=7222"}],"curies":[{"name":"wp","href":"https:\/\/api.w.org\/{rel}","templated":true}]}}