{"id":7256,"date":"2025-04-22T15:41:35","date_gmt":"2025-04-22T13:41:35","guid":{"rendered":"https:\/\/fanti.hypefarm-test.it\/le-persone\/"},"modified":"2025-05-15T12:47:52","modified_gmt":"2025-05-15T10:47:52","slug":"les-personnes","status":"publish","type":"page","link":"https:\/\/fanti.hypefarm-test.it\/fr\/les-personnes\/","title":{"rendered":"Les Personnes"},"content":{"rendered":"<div class=\"wpb-content-wrapper\"><p>[vc_row full_width=\u00a0\u00bbstretch_row_content\u00a0\u00bb el_class=\u00a0\u00bbtopimage\u00a0\u00bb css=\u00a0\u00bb.vc_custom_1745329054915{background-image: url(https:\/\/fanti.hypefarm-test.it\/wp-content\/uploads\/2025\/04\/SF06.jpg?id=6523) !important;}\u00a0\u00bb][vc_column][vc_empty_space][\/vc_column][\/vc_row][vc_row css=\u00a0\u00bb.vc_custom_1745224600624{padding-top: 40px !important;padding-bottom: 40px !important;}\u00a0\u00bb][vc_column el_class=\u00a0\u00bbmini-shrinkcentro hover-h1&Prime;][vc_column_text css=\u00a0\u00bb.vc_custom_1745911089827{margin-bottom: 15px !important;}\u00a0\u00bb]<\/p>\n<h1 style=\"text-align: center;\"><img loading=\"lazy\" decoding=\"async\" class=\"size-full wp-image-6504 aligncenter\" src=\"\/wp-content\/uploads\/2025\/04\/PERSONE-1.png\" alt=\"\" width=\"50\" height=\"63\" \/>LES PERSONNES<\/h1>\n<p>[\/vc_column_text][vc_separator color=\u00a0\u00bbcustom\u00a0\u00bb border_width=\u00a0\u00bb10&Prime; el_width=\u00a0\u00bb40&Prime; css_animation=\u00a0\u00bbappear\u00a0\u00bb css=\u00a0\u00bb.vc_custom_1747306065390{margin-bottom: 50px !important;}\u00a0\u00bb accent_color=\u00a0\u00bb#0E7A3F\u00a0\u00bb][vc_column_text css=\u00a0\u00bb.vc_custom_1745911101532{padding-top: 40px !important;padding-bottom: 40px !important;}\u00a0\u00bb]<\/p>\n<p style=\"text-align: justify;\">Chez Fanti Packaging, le\u00a0<strong>succ\u00e8s<\/strong>\u00a0et la\u00a0<strong>croissance constante<\/strong>\u00a0sont le r\u00e9sultat de la contribution de\u00a0<strong>chaque membre de notre \u00e9quipe<\/strong>. Les\u00a0<strong>comp\u00e9tences<\/strong>, la\u00a0<strong>passion<\/strong>, le\u00a0<strong>professionnalisme<\/strong>\u00a0et le\u00a0<strong>d\u00e9vouement<\/strong>\u00a0que chaque personne apporte \u00e0 Fanti Packaging sont des \u00e9l\u00e9ments qui se refl\u00e8tent dans les produits et services que nous offrons et qui nous distinguent.<br \/>\nNotre force r\u00e9side dans la\u00a0<strong>coh\u00e9sion<\/strong>\u00a0d\u2019\u00e9quipe et\u00a0<strong>le partage<\/strong>\u00a0de principes communs, tels que la\u00a0<strong>responsabilit\u00e9<\/strong>,\u00a0<strong>la transparence<\/strong>, l\u2019<strong>engagement<\/strong>\u00a0et\u00a0<strong>le bien-\u00eatre collectif<\/strong>. C\u2019est pourquoi\u00a0<strong>nous y apposons notre nom\u00a0<\/strong><strong>:\u00a0<\/strong>parce que nous sommes fiers des personnes qui font partie de notre \u00e9quipe et des valeurs que nous repr\u00e9sentons.<\/p>\n<p>[\/vc_column_text][\/vc_column][\/vc_row][vc_row][vc_column width=\u00a0\u00bb1\/5&Prime;][\/vc_column][vc_column width=\u00a0\u00bb1\/5&Prime; el_class=\u00a0\u00bbhover-green\u00a0\u00bb][vc_single_image image=\u00a0\u00bb6527&Prime; img_size=\u00a0\u00bbfull\u00a0\u00bb alignment=\u00a0\u00bbcenter\u00a0\u00bb onclick=\u00a0\u00bblink_image\u00a0\u00bb css=\u00a0\u00bb.vc_custom_1746009692784{border-color: #FFFFFF00 !important;}\u00a0\u00bb el_class=\u00a0\u00bbbadgepeople dipendente\u00a0\u00bb][vc_column_text css=\u00a0\u00bb\u00a0\u00bb]<\/p>\n<p style=\"text-align: center;\"><strong>STEFANO<br \/>\nFANTI<\/strong><br \/>\n<span style=\"font-size: 16px; line-height: 0.2em;\">Group Chief Executive Officer Fanti Packaging<\/span><\/p>\n<p>[\/vc_column_text][\/vc_column][vc_column width=\u00a0\u00bb1\/5&Prime; el_class=\u00a0\u00bbhover-green\u00a0\u00bb][vc_single_image image=\u00a0\u00bb6535&Prime; img_size=\u00a0\u00bbfull\u00a0\u00bb alignment=\u00a0\u00bbcenter\u00a0\u00bb onclick=\u00a0\u00bblink_image\u00a0\u00bb css=\u00a0\u00bb.vc_custom_1746009698168{border-color: #FFFFFF00 !important;}\u00a0\u00bb el_class=\u00a0\u00bbbadgepeople dipendente\u00a0\u00bb][vc_column_text css=\u00a0\u00bb\u00a0\u00bb]<\/p>\n<p style=\"text-align: center;\"><strong>LUCA<br \/>\nFANTI<\/strong><br \/>\n<span style=\"font-size: 16px; line-height: 0.2em;\">Group Chief Technical Officer Fanti Packaging<\/span><\/p>\n<p>[\/vc_column_text][\/vc_column][vc_column width=\u00a0\u00bb1\/5&Prime; el_class=\u00a0\u00bbhover-green\u00a0\u00bb][vc_single_image image=\u00a0\u00bb6537&Prime; img_size=\u00a0\u00bbfull\u00a0\u00bb alignment=\u00a0\u00bbcenter\u00a0\u00bb onclick=\u00a0\u00bblink_image\u00a0\u00bb css=\u00a0\u00bb.vc_custom_1746009702628{border-color: #FFFFFF00 !important;}\u00a0\u00bb el_class=\u00a0\u00bbbadgepeople dipendente\u00a0\u00bb][vc_column_text css=\u00a0\u00bb\u00a0\u00bb]<\/p>\n<p style=\"text-align: center;\"><strong>NICOLA<br \/>\nDE SANTIS<\/strong><br \/>\n<span style=\"font-size: 16px; line-height: 0.2em;\">Group Chief Financial Officer Fanti Packaging<\/span><\/p>\n<p>[\/vc_column_text][\/vc_column][vc_column width=\u00a0\u00bb1\/5&Prime;][\/vc_column][\/vc_row][vc_row css=\u00a0\u00bb.vc_custom_1745398019794{padding-top: 50px !important;padding-bottom: 50px !important;}\u00a0\u00bb][vc_column][vc_column_text css=\u00a0\u00bb\u00a0\u00bb]<\/p>\n<p class=\"greentitle\" style=\"text-align: center;\">Ventes<\/p>\n<p>[\/vc_column_text][\/vc_column][\/vc_row][vc_row el_class=\u00a0\u00bbquattroquinti\u00a0\u00bb][vc_column width=\u00a0\u00bb1\/4&Prime; el_class=\u00a0\u00bbhover-green\u00a0\u00bb][vc_single_image image=\u00a0\u00bb6552&Prime; img_size=\u00a0\u00bbfull\u00a0\u00bb alignment=\u00a0\u00bbcenter\u00a0\u00bb onclick=\u00a0\u00bblink_image\u00a0\u00bb css=\u00a0\u00bb.vc_custom_1746009723124{border-color: #FFFFFF00 !important;}\u00a0\u00bb el_class=\u00a0\u00bbbadgepeople dipendente\u00a0\u00bb][vc_column_text css=\u00a0\u00bb\u00a0\u00bb]<\/p>\n<p style=\"text-align: center;\"><strong>FABIO<br \/>\nPEDRUZZI<\/strong><br \/>\n<span style=\"font-size: 16px; line-height: 0.2em;\">Sales<br \/>\nDirector<br \/>\nFanti Packaging<\/span><\/p>\n<p>[\/vc_column_text][\/vc_column][vc_column width=\u00a0\u00bb1\/4&Prime; el_class=\u00a0\u00bbhover-green\u00a0\u00bb][vc_single_image image=\u00a0\u00bb6554&Prime; img_size=\u00a0\u00bbfull\u00a0\u00bb alignment=\u00a0\u00bbcenter\u00a0\u00bb onclick=\u00a0\u00bblink_image\u00a0\u00bb css=\u00a0\u00bb.vc_custom_1746009748652{border-color: #FFFFFF00 !important;}\u00a0\u00bb el_class=\u00a0\u00bbbadgepeople dipendente\u00a0\u00bb][vc_column_text css=\u00a0\u00bb\u00a0\u00bb]<\/p>\n<p style=\"text-align: center;\"><strong>LUCA<br \/>\nMENEGATTI<\/strong><br \/>\n<span style=\"font-size: 16px; line-height: 0.2em;\">International Sales Manager<br \/>\nFanti Packaging<\/span><\/p>\n<p>[\/vc_column_text][\/vc_column][vc_column width=\u00a0\u00bb1\/4&Prime; el_class=\u00a0\u00bbhover-green\u00a0\u00bb][vc_single_image image=\u00a0\u00bb6556&Prime; img_size=\u00a0\u00bbfull\u00a0\u00bb alignment=\u00a0\u00bbcenter\u00a0\u00bb onclick=\u00a0\u00bblink_image\u00a0\u00bb css=\u00a0\u00bb.vc_custom_1746009752149{border-color: #FFFFFF00 !important;}\u00a0\u00bb el_class=\u00a0\u00bbbadgepeople dipendente\u00a0\u00bb][vc_column_text css=\u00a0\u00bb\u00a0\u00bb]<\/p>\n<p style=\"text-align: center;\"><strong>NUCCIO<br \/>\nVILLANI<\/strong><br \/>\n<span style=\"font-size: 16px; line-height: 0.2em;\">Italian Sales Representative Fanti Packaging<\/span><\/p>\n<p>[\/vc_column_text][\/vc_column][vc_column width=\u00a0\u00bb1\/4&Prime; el_class=\u00a0\u00bbhover-green\u00a0\u00bb][vc_single_image image=\u00a0\u00bb6558&Prime; img_size=\u00a0\u00bbfull\u00a0\u00bb alignment=\u00a0\u00bbcenter\u00a0\u00bb onclick=\u00a0\u00bblink_image\u00a0\u00bb css=\u00a0\u00bb.vc_custom_1746009756057{border-color: #FFFFFF00 !important;}\u00a0\u00bb el_class=\u00a0\u00bbbadgepeople dipendente\u00a0\u00bb][vc_column_text css=\u00a0\u00bb\u00a0\u00bb]<\/p>\n<p style=\"text-align: center;\"><strong>NICOL\u00d2<br \/>\nFREGNAN<\/strong><br \/>\n<span style=\"font-size: 16px; line-height: 0.2em;\">International Sales Representative Fanti Packaging<\/span><\/p>\n<p>[\/vc_column_text][\/vc_column][\/vc_row][vc_row css=\u00a0\u00bb.vc_custom_1745398019794{padding-top: 50px !important;padding-bottom: 50px !important;}\u00a0\u00bb][vc_column][vc_column_text css=\u00a0\u00bb\u00a0\u00bb]<\/p>\n<p class=\"greentitle\" style=\"text-align: center;\">HR<\/p>\n<p>[\/vc_column_text][\/vc_column][\/vc_row][vc_row][vc_column width=\u00a0\u00bb1\/5&Prime;][\/vc_column][vc_column width=\u00a0\u00bb1\/5&Prime;][\/vc_column][vc_column width=\u00a0\u00bb1\/5&Prime; el_class=\u00a0\u00bbhover-green\u00a0\u00bb][vc_single_image image=\u00a0\u00bb6560&Prime; img_size=\u00a0\u00bbfull\u00a0\u00bb alignment=\u00a0\u00bbcenter\u00a0\u00bb onclick=\u00a0\u00bblink_image\u00a0\u00bb css=\u00a0\u00bb.vc_custom_1746009760717{border-color: #FFFFFF00 !important;}\u00a0\u00bb el_class=\u00a0\u00bbbadgepeople dipendente\u00a0\u00bb][vc_column_text css=\u00a0\u00bb\u00a0\u00bb]<\/p>\n<p style=\"text-align: center;\"><strong>ELEONORA<br \/>\nFANTI<\/strong><br \/>\n<span style=\"font-size: 16px; line-height: 0.2em;\">HR Director<br \/>\nFanti Packaging<\/span><\/p>\n<p>[\/vc_column_text][\/vc_column][vc_column width=\u00a0\u00bb1\/5&Prime;][\/vc_column][vc_column width=\u00a0\u00bb1\/5&Prime;][\/vc_column][\/vc_row][vc_row css=\u00a0\u00bb.vc_custom_1745398019794{padding-top: 50px !important;padding-bottom: 50px !important;}\u00a0\u00bb][vc_column][vc_column_text css=\u00a0\u00bb\u00a0\u00bb]<\/p>\n<p class=\"greentitle\" style=\"text-align: center;\">CEOs<\/p>\n<p>[\/vc_column_text][\/vc_column][\/vc_row][vc_row][vc_column width=\u00a0\u00bb1\/5&Prime; el_class=\u00a0\u00bbhover-green\u00a0\u00bb][vc_single_image image=\u00a0\u00bb6563&Prime; img_size=\u00a0\u00bbfull\u00a0\u00bb alignment=\u00a0\u00bbcenter\u00a0\u00bb onclick=\u00a0\u00bblink_image\u00a0\u00bb css=\u00a0\u00bb.vc_custom_1746009766637{border-color: #FFFFFF00 !important;}\u00a0\u00bb el_class=\u00a0\u00bbbadgepeople dipendente\u00a0\u00bb][vc_column_text css=\u00a0\u00bb\u00a0\u00bb]<\/p>\n<p style=\"text-align: center;\"><strong>AUGUSTO<br \/>\nCASTAGNINI<\/strong><br \/>\n<span style=\"font-size: 16px; line-height: 0.2em;\">Chief Executive Officer<br \/>\nFanti ICM<\/span><\/p>\n<p>[\/vc_column_text][\/vc_column][vc_column width=\u00a0\u00bb1\/5&Prime; el_class=\u00a0\u00bbhover-green\u00a0\u00bb][vc_single_image image=\u00a0\u00bb6565&Prime; img_size=\u00a0\u00bbfull\u00a0\u00bb alignment=\u00a0\u00bbcenter\u00a0\u00bb onclick=\u00a0\u00bblink_image\u00a0\u00bb css=\u00a0\u00bb.vc_custom_1746009833012{border-color: #FFFFFF00 !important;}\u00a0\u00bb el_class=\u00a0\u00bbbadgepeople dipendente\u00a0\u00bb][vc_column_text css=\u00a0\u00bb\u00a0\u00bb]<\/p>\n<p style=\"text-align: center;\"><strong>DAVIDE<br \/>\nSPERONI<\/strong><br \/>\n<span style=\"font-size: 16px; line-height: 0.2em;\">Chief Executive Officer<br \/>\nFanti Romania G.I.I.<\/span><\/p>\n<p>[\/vc_column_text][\/vc_column][vc_column width=\u00a0\u00bb1\/5&Prime; el_class=\u00a0\u00bbhover-green\u00a0\u00bb][vc_single_image image=\u00a0\u00bb6567&Prime; img_size=\u00a0\u00bbfull\u00a0\u00bb alignment=\u00a0\u00bbcenter\u00a0\u00bb onclick=\u00a0\u00bblink_image\u00a0\u00bb css=\u00a0\u00bb.vc_custom_1746009829345{border-color: #FFFFFF00 !important;}\u00a0\u00bb el_class=\u00a0\u00bbbadgepeople dipendente\u00a0\u00bb][vc_column_text css=\u00a0\u00bb\u00a0\u00bb]<\/p>\n<p style=\"text-align: center;\"><strong>MAURO<br \/>\nVENEGONI<\/strong><br \/>\n<span style=\"font-size: 16px; line-height: 0.2em;\">Chief Executive Officer<br \/>\nFanti Venegoni<\/span><\/p>\n<p>[\/vc_column_text][\/vc_column][vc_column width=\u00a0\u00bb1\/5&Prime; el_class=\u00a0\u00bbhover-green\u00a0\u00bb][vc_single_image image=\u00a0\u00bb6569&Prime; img_size=\u00a0\u00bbfull\u00a0\u00bb alignment=\u00a0\u00bbcenter\u00a0\u00bb onclick=\u00a0\u00bblink_image\u00a0\u00bb css=\u00a0\u00bb.vc_custom_1746009825353{border-color: #FFFFFF00 !important;}\u00a0\u00bb el_class=\u00a0\u00bbbadgepeople dipendente\u00a0\u00bb][vc_column_text css=\u00a0\u00bb\u00a0\u00bb]<\/p>\n<p style=\"text-align: center;\"><strong>RAFAEL<br \/>\nSANZ TOUZON<\/strong><br \/>\n<span style=\"font-size: 16px; line-height: 0.2em;\">Chief Executive Officer<br \/>\nFanti Espa\u00f1a<\/span><\/p>\n<p>[\/vc_column_text][\/vc_column][vc_column width=\u00a0\u00bb1\/5&Prime; el_class=\u00a0\u00bbhover-green\u00a0\u00bb][vc_single_image image=\u00a0\u00bb6571&Prime; img_size=\u00a0\u00bbfull\u00a0\u00bb alignment=\u00a0\u00bbcenter\u00a0\u00bb onclick=\u00a0\u00bblink_image\u00a0\u00bb css=\u00a0\u00bb.vc_custom_1746009821125{border-color: #FFFFFF00 !important;}\u00a0\u00bb el_class=\u00a0\u00bbbadgepeople dipendente\u00a0\u00bb][vc_column_text css=\u00a0\u00bb\u00a0\u00bb]<\/p>\n<p style=\"text-align: center;\"><strong>MAURO<br \/>\nCRISTOFALETTI<\/strong><br \/>\n<span style=\"font-size: 16px; line-height: 0.2em;\">President<br \/>\nFanti USA<\/span><\/p>\n<p>[\/vc_column_text][\/vc_column][\/vc_row][vc_row][vc_column width=\u00a0\u00bb1\/5&Prime;][\/vc_column][vc_column width=\u00a0\u00bb1\/5&Prime; el_class=\u00a0\u00bbhover-green\u00a0\u00bb][vc_single_image image=\u00a0\u00bb6573&Prime; img_size=\u00a0\u00bbfull\u00a0\u00bb alignment=\u00a0\u00bbcenter\u00a0\u00bb onclick=\u00a0\u00bblink_image\u00a0\u00bb css=\u00a0\u00bb.vc_custom_1746009837174{border-color: #FFFFFF00 !important;}\u00a0\u00bb el_class=\u00a0\u00bbbadgepeople dipendente\u00a0\u00bb][vc_column_text css=\u00a0\u00bb\u00a0\u00bb]<\/p>\n<p style=\"text-align: center;\"><strong>LUIGI<br \/>\nROSSO<\/strong><br \/>\n<span style=\"font-size: 16px; line-height: 0.2em;\">Plant Manager<br \/>\nFanti Plast<\/span><\/p>\n<p>[\/vc_column_text][\/vc_column][vc_column width=\u00a0\u00bb1\/5&Prime; el_class=\u00a0\u00bbhover-green\u00a0\u00bb][vc_single_image image=\u00a0\u00bb6577&Prime; img_size=\u00a0\u00bbfull\u00a0\u00bb alignment=\u00a0\u00bbcenter\u00a0\u00bb onclick=\u00a0\u00bblink_image\u00a0\u00bb css=\u00a0\u00bb.vc_custom_1746009840689{border-color: #FFFFFF00 !important;}\u00a0\u00bb el_class=\u00a0\u00bbbadgepeople dipendente\u00a0\u00bb][vc_column_text css=\u00a0\u00bb\u00a0\u00bb]<\/p>\n<p style=\"text-align: center;\"><strong>VALERIO<br \/>\nBENATI<\/strong><br \/>\n<span style=\"font-size: 16px; line-height: 0.2em;\">Plant Manager<br \/>\nFanti Plast<\/span><\/p>\n<p>[\/vc_column_text][\/vc_column][vc_column width=\u00a0\u00bb1\/5&Prime; el_class=\u00a0\u00bbhover-green\u00a0\u00bb][vc_single_image image=\u00a0\u00bb6575&Prime; img_size=\u00a0\u00bbfull\u00a0\u00bb alignment=\u00a0\u00bbcenter\u00a0\u00bb onclick=\u00a0\u00bblink_image\u00a0\u00bb css=\u00a0\u00bb.vc_custom_1746009847124{border-color: #FFFFFF00 !important;}\u00a0\u00bb el_class=\u00a0\u00bbbadgepeople dipendente\u00a0\u00bb][vc_column_text css=\u00a0\u00bb\u00a0\u00bb]<\/p>\n<p style=\"text-align: center;\"><strong>ETTORE<br \/>\nD\u2019AGNOLO<\/strong><br \/>\n<span style=\"font-size: 16px; line-height: 0.2em;\">Chief Executive Officer<br \/>\nOCM<\/span><\/p>\n<p>[\/vc_column_text][\/vc_column][vc_column width=\u00a0\u00bb1\/5&Prime;][\/vc_column][\/vc_row]<\/p>\n<\/div>","protected":false},"excerpt":{"rendered":"<p>[vc_row full_width=\u00a0\u00bbstretch_row_content\u00a0\u00bb el_class=\u00a0\u00bbtopimage\u00a0\u00bb css=\u00a0\u00bb.vc_custom_1745329054915{background-image: url(https:\/\/fanti.hypefarm-test.it\/wp-content\/uploads\/2025\/04\/SF06.jpg?id=6523) !important;}\u00a0\u00bb][vc_column][vc_empty_space][\/vc_column][\/vc_row][vc_row css=\u00a0\u00bb.vc_custom_1745224600624{padding-top: 40px !important;padding-bottom: 40px !important;}\u00a0\u00bb][vc_column el_class=\u00a0\u00bbmini-shrinkcentro hover-h1&Prime;][vc_column_text css=\u00a0\u00bb.vc_custom_1745911089827{margin-bottom: 15px !important;}\u00a0\u00bb] LES PERSONNES [\/vc_column_text][vc_separator color=\u00a0\u00bbcustom\u00a0\u00bb border_width=\u00a0\u00bb10&Prime; el_width=\u00a0\u00bb40&Prime; css_animation=\u00a0\u00bbappear\u00a0\u00bb css=\u00a0\u00bb.vc_custom_1747306065390{margin-bottom: 50px !important;}\u00a0\u00bb accent_color=\u00a0\u00bb#0E7A3F\u00a0\u00bb][vc_column_text css=\u00a0\u00bb.vc_custom_1745911101532{padding-top: 40px !important;padding-bottom: 40px !important;}\u00a0\u00bb] Chez Fanti Packaging, le\u00a0succ\u00e8s\u00a0et la\u00a0croissance constante\u00a0sont le r\u00e9sultat de la contribution de\u00a0chaque membre de notre \u00e9quipe. Les\u00a0comp\u00e9tences, la\u00a0passion, le\u00a0professionnalisme\u00a0et le\u00a0d\u00e9vouement\u00a0que chaque personne apporte<\/p>\n","protected":false},"author":1,"featured_media":0,"parent":0,"menu_order":0,"comment_status":"closed","ping_status":"closed","template":"","meta":{"cybocfi_hide_featured_image":"","footnotes":""},"categories":[],"tags":[],"class_list":["post-7256","page","type-page","status-publish","hentry","description-off"],"_links":{"self":[{"href":"https:\/\/fanti.hypefarm-test.it\/fr\/wp-json\/wp\/v2\/pages\/7256","targetHints":{"allow":["GET"]}}],"collection":[{"href":"https:\/\/fanti.hypefarm-test.it\/fr\/wp-json\/wp\/v2\/pages"}],"about":[{"href":"https:\/\/fanti.hypefarm-test.it\/fr\/wp-json\/wp\/v2\/types\/page"}],"author":[{"embeddable":true,"href":"https:\/\/fanti.hypefarm-test.it\/fr\/wp-json\/wp\/v2\/users\/1"}],"replies":[{"embeddable":true,"href":"https:\/\/fanti.hypefarm-test.it\/fr\/wp-json\/wp\/v2\/comments?post=7256"}],"version-history":[{"count":7,"href":"https:\/\/fanti.hypefarm-test.it\/fr\/wp-json\/wp\/v2\/pages\/7256\/revisions"}],"predecessor-version":[{"id":8398,"href":"https:\/\/fanti.hypefarm-test.it\/fr\/wp-json\/wp\/v2\/pages\/7256\/revisions\/8398"}],"wp:attachment":[{"href":"https:\/\/fanti.hypefarm-test.it\/fr\/wp-json\/wp\/v2\/media?parent=7256"}],"wp:term":[{"taxonomy":"category","embeddable":true,"href":"https:\/\/fanti.hypefarm-test.it\/fr\/wp-json\/wp\/v2\/categories?post=7256"},{"taxonomy":"post_tag","embeddable":true,"href":"https:\/\/fanti.hypefarm-test.it\/fr\/wp-json\/wp\/v2\/tags?post=7256"}],"curies":[{"name":"wp","href":"https:\/\/api.w.org\/{rel}","templated":true}]}}