{"id":7279,"date":"2025-04-23T12:20:09","date_gmt":"2025-04-23T10:20:09","guid":{"rendered":"https:\/\/fanti.hypefarm-test.it\/i-prodotti-e-i-servizi\/"},"modified":"2025-05-29T12:33:22","modified_gmt":"2025-05-29T10:33:22","slug":"les-produits-et-les-services","status":"publish","type":"page","link":"https:\/\/fanti.hypefarm-test.it\/fr\/les-produits-et-les-services\/","title":{"rendered":"Les Produits et Les Services"},"content":{"rendered":"<div class=\"wpb-content-wrapper\"><p>[vc_row full_width=\u00a0\u00bbstretch_row_content\u00a0\u00bb el_class=\u00a0\u00bbtopimage\u00a0\u00bb css=\u00a0\u00bb.vc_custom_1745403460396{background-image: url(https:\/\/fanti.hypefarm-test.it\/wp-content\/uploads\/2025\/04\/poli-scaled-1.jpg?id=6593) !important;}\u00a0\u00bb][vc_column][vc_empty_space][\/vc_column][\/vc_row][vc_row css=\u00a0\u00bb.vc_custom_1745224600624{padding-top: 40px !important;padding-bottom: 40px !important;}\u00a0\u00bb][vc_column el_class=\u00a0\u00bbmini-shrinkcentro hover-h1&Prime;][vc_column_text css=\u00a0\u00bb.vc_custom_1745911325279{margin-bottom: 15px !important;}\u00a0\u00bb]<\/p>\n<h1><img loading=\"lazy\" decoding=\"async\" class=\"wp-image-6377 aligncenter\" src=\"\/wp-content\/uploads\/2025\/04\/pded.png\" alt=\"\" width=\"89\" height=\"88\" \/><\/h1>\n<h1 style=\"text-align: center;\">LES PRODUITS ET LES SERVICES<\/h1>\n<p>[\/vc_column_text][vc_separator color=\u00a0\u00bbcustom\u00a0\u00bb border_width=\u00a0\u00bb10&Prime; el_width=\u00a0\u00bb40&Prime; css_animation=\u00a0\u00bbappear\u00a0\u00bb css=\u00a0\u00bb.vc_custom_1747306334131{margin-bottom: 50px !important;}\u00a0\u00bb accent_color=\u00a0\u00bb#0E7A3F\u00a0\u00bb][vc_column_text css=\u00a0\u00bb.vc_custom_1745911334086{padding-top: 40px !important;padding-bottom: 40px !important;}\u00a0\u00bb]<\/p>\n<div class=\"module_subrow themify_builder_sub_row tf_w col_align_top tb_col_count_1 tb_agzz204\">\n<div class=\"module_column sub_column col-full tb_zt5l054 first\">\n<div class=\"module module-text tb_udx5200\">\n<div class=\"tb_text_wrap\">\n<p>Fanti Packaging a toujours \u00e9t\u00e9 synonyme de forte attention dans la\u00a0<strong>production d\u2019excellence<\/strong>\u00a0et dans les\u00a0<strong>services efficaces local-to-local<\/strong>, s\u2019affirmant dans la recherche constante de nouvelles normes pour assurer des performances et une comp\u00e9titivit\u00e9 \u00e9lev\u00e9es.<br \/>\nLes pots, les seaux et les f\u00fbts en m\u00e9tal, en plastique et en mat\u00e9riaux hybrides sont notre core business que nous d\u00e9veloppons avec\u00a0<strong>innovation<\/strong>\u00a0et\u00a0<strong>sensibilit\u00e9 verte<\/strong>, et que nous compl\u00e9tons par une assistance ponctuelle et calibr\u00e9e sur les besoins des diff\u00e9rents march\u00e9s.<\/p>\n<\/div>\n<\/div>\n<\/div>\n<\/div>\n<div class=\"module_subrow themify_builder_sub_row tf_w col_align_top tb_col_count_2 tb_pbj9642\">\n<div class=\"module_column sub_column col4-2 tb_9z2i245 first\">\n<div class=\"module module-text tb_vglo245\">\n<div class=\"tb_text_wrap\"><\/div>\n<\/div>\n<\/div>\n<\/div>\n<p>[\/vc_column_text][\/vc_column][\/vc_row][vc_row gap=\u00a0\u00bb30&Prime; equal_height=\u00a0\u00bbyes\u00a0\u00bb][vc_column width=\u00a0\u00bb1\/2&Prime;][vc_row_inner css=\u00a0\u00bb.vc_custom_1747306342541{padding-right: 0px !important;padding-left: 0px !important;background-color: #FFFFFF !important;}\u00a0\u00bb el_class=\u00a0\u00bbhover-h1 hover-background allungamentodx\u00a0\u00bb][vc_column_inner el_class=\u00a0\u00bbroundcolumn\u00a0\u00bb css=\u00a0\u00bb.vc_custom_1745327405090{padding-top: 15px !important;padding-right: 0px !important;padding-left: 0px !important;}\u00a0\u00bb][vc_column_text css=\u00a0\u00bb.vc_custom_1748514791369{margin-bottom: 0px !important;margin-left: 30px !important;}\u00a0\u00bb]<img loading=\"lazy\" decoding=\"async\" class=\"alignnone size-full wp-image-6589\" src=\"https:\/\/fanti.hypefarm-test.it\/wp-content\/uploads\/2025\/04\/imbal.jpg\" alt=\"\" width=\"92\" height=\"80\" \/>[\/vc_column_text][vc_separator color=\u00a0\u00bbcustom\u00a0\u00bb align=\u00a0\u00bbalign_left\u00a0\u00bb border_width=\u00a0\u00bb10&Prime; el_width=\u00a0\u00bb50&Prime; css=\u00a0\u00bb.vc_custom_1745326039944{margin-bottom: 50px !important;}\u00a0\u00bb accent_color=\u00a0\u00bb#0E7A3F\u00a0\u00bb][vc_column_text css=\u00a0\u00bb\u00a0\u00bb]<\/p>\n<h1 style=\"text-align: center; font-size: 40px; line-height: 42px;\">NOS<br \/>\nEMBALLAGES<\/h1>\n<p>[\/vc_column_text][vc_single_image image=\u00a0\u00bb6595&Prime; img_size=\u00a0\u00bbfull\u00a0\u00bb alignment=\u00a0\u00bbcenter\u00a0\u00bb onclick=\u00a0\u00bbcustom_link\u00a0\u00bb css=\u00a0\u00bb.vc_custom_1746453610802{margin-bottom: 0px !important;}\u00a0\u00bb link=\u00a0\u00bb\/fr\/nos-emballages\/\u00a0\u00bb el_class=\u00a0\u00bbbandw\u00a0\u00bb]<style type=\"text\/css\" data-type=\"the7_shortcodes-inline-css\">#default-btn-461723641fecf16bde676f7226282fb7.ico-right-side > i {\n  margin-right: 0px;\n  margin-left: 8px;\n}\n#default-btn-461723641fecf16bde676f7226282fb7 > i {\n  margin-right: 8px;\n}\n<\/style><div class=\"btn-align-center\"><a href=\"\/fr\/nos-emballages\/\" class=\"default-btn-shortcode dt-btn dt-btn-l link-hover-off full-width-btn \" id=\"default-btn-461723641fecf16bde676f7226282fb7\"><span>En savoir plus<\/span><\/a><\/div>[\/vc_column_inner][\/vc_row_inner][\/vc_column][vc_column width=\u00a0\u00bb1\/2&Prime;][vc_row_inner css=\u00a0\u00bb.vc_custom_1747306345245{background-color: #FFFFFF !important;}\u00a0\u00bb el_class=\u00a0\u00bbhover-h1 hover-background allungamentodx\u00a0\u00bb][vc_column_inner el_class=\u00a0\u00bbroundcolumn\u00a0\u00bb css=\u00a0\u00bb.vc_custom_1745327047313{padding-top: 15px !important;padding-right: 0px !important;padding-left: 0px !important;}\u00a0\u00bb][vc_column_text css=\u00a0\u00bb.vc_custom_1748514798425{margin-bottom: 0px !important;margin-left: 30px !important;}\u00a0\u00bb]<img loading=\"lazy\" decoding=\"async\" class=\"alignnone size-full wp-image-6591\" src=\"https:\/\/fanti.hypefarm-test.it\/wp-content\/uploads\/2025\/04\/servizi.jpg\" alt=\"\" width=\"80\" height=\"80\" \/>[\/vc_column_text][vc_separator color=\u00a0\u00bbcustom\u00a0\u00bb align=\u00a0\u00bbalign_left\u00a0\u00bb border_width=\u00a0\u00bb10&Prime; el_width=\u00a0\u00bb50&Prime; css=\u00a0\u00bb.vc_custom_1745326039944{margin-bottom: 50px !important;}\u00a0\u00bb accent_color=\u00a0\u00bb#0E7A3F\u00a0\u00bb][vc_column_text css=\u00a0\u00bb\u00a0\u00bb]<\/p>\n<h1 style=\"text-align: center; font-size: 40px; line-height: 42px;\">NOS<br \/>\nSERVICES<\/h1>\n<p>[\/vc_column_text][vc_single_image image=\u00a0\u00bb6597&Prime; img_size=\u00a0\u00bbfull\u00a0\u00bb alignment=\u00a0\u00bbcenter\u00a0\u00bb onclick=\u00a0\u00bbcustom_link\u00a0\u00bb css=\u00a0\u00bb.vc_custom_1746453618118{margin-bottom: 0px !important;}\u00a0\u00bb link=\u00a0\u00bb\/fr\/nos-services\/\u00a0\u00bb el_class=\u00a0\u00bbcolore\u00a0\u00bb]<style type=\"text\/css\" data-type=\"the7_shortcodes-inline-css\">#default-btn-cfc404d22261ab725d3b7c83d9dc64cf.ico-right-side > i {\n  margin-right: 0px;\n  margin-left: 8px;\n}\n#default-btn-cfc404d22261ab725d3b7c83d9dc64cf > i {\n  margin-right: 8px;\n}\n<\/style><div class=\"btn-align-center\"><a href=\"\/fr\/nos-services\/\" class=\"default-btn-shortcode dt-btn dt-btn-l link-hover-off full-width-btn \" id=\"default-btn-cfc404d22261ab725d3b7c83d9dc64cf\"><span>En savoir plus<\/span><\/a><\/div>[\/vc_column_inner][\/vc_row_inner][\/vc_column][\/vc_row]<\/p>\n<\/div>","protected":false},"excerpt":{"rendered":"<p>[vc_row full_width=\u00a0\u00bbstretch_row_content\u00a0\u00bb el_class=\u00a0\u00bbtopimage\u00a0\u00bb css=\u00a0\u00bb.vc_custom_1745403460396{background-image: url(https:\/\/fanti.hypefarm-test.it\/wp-content\/uploads\/2025\/04\/poli-scaled-1.jpg?id=6593) !important;}\u00a0\u00bb][vc_column][vc_empty_space][\/vc_column][\/vc_row][vc_row css=\u00a0\u00bb.vc_custom_1745224600624{padding-top: 40px !important;padding-bottom: 40px !important;}\u00a0\u00bb][vc_column el_class=\u00a0\u00bbmini-shrinkcentro hover-h1&Prime;][vc_column_text css=\u00a0\u00bb.vc_custom_1745911325279{margin-bottom: 15px !important;}\u00a0\u00bb] LES PRODUITS ET LES SERVICES [\/vc_column_text][vc_separator color=\u00a0\u00bbcustom\u00a0\u00bb border_width=\u00a0\u00bb10&Prime; el_width=\u00a0\u00bb40&Prime; css_animation=\u00a0\u00bbappear\u00a0\u00bb css=\u00a0\u00bb.vc_custom_1747306334131{margin-bottom: 50px !important;}\u00a0\u00bb accent_color=\u00a0\u00bb#0E7A3F\u00a0\u00bb][vc_column_text css=\u00a0\u00bb.vc_custom_1745911334086{padding-top: 40px !important;padding-bottom: 40px !important;}\u00a0\u00bb] Fanti Packaging a toujours \u00e9t\u00e9 synonyme de forte attention dans la\u00a0production d\u2019excellence\u00a0et dans les\u00a0services efficaces local-to-local, s\u2019affirmant dans la recherche<\/p>\n","protected":false},"author":1,"featured_media":0,"parent":0,"menu_order":0,"comment_status":"closed","ping_status":"closed","template":"","meta":{"cybocfi_hide_featured_image":"","footnotes":""},"categories":[],"tags":[],"class_list":["post-7279","page","type-page","status-publish","hentry","description-off"],"_links":{"self":[{"href":"https:\/\/fanti.hypefarm-test.it\/fr\/wp-json\/wp\/v2\/pages\/7279","targetHints":{"allow":["GET"]}}],"collection":[{"href":"https:\/\/fanti.hypefarm-test.it\/fr\/wp-json\/wp\/v2\/pages"}],"about":[{"href":"https:\/\/fanti.hypefarm-test.it\/fr\/wp-json\/wp\/v2\/types\/page"}],"author":[{"embeddable":true,"href":"https:\/\/fanti.hypefarm-test.it\/fr\/wp-json\/wp\/v2\/users\/1"}],"replies":[{"embeddable":true,"href":"https:\/\/fanti.hypefarm-test.it\/fr\/wp-json\/wp\/v2\/comments?post=7279"}],"version-history":[{"count":7,"href":"https:\/\/fanti.hypefarm-test.it\/fr\/wp-json\/wp\/v2\/pages\/7279\/revisions"}],"predecessor-version":[{"id":8496,"href":"https:\/\/fanti.hypefarm-test.it\/fr\/wp-json\/wp\/v2\/pages\/7279\/revisions\/8496"}],"wp:attachment":[{"href":"https:\/\/fanti.hypefarm-test.it\/fr\/wp-json\/wp\/v2\/media?parent=7279"}],"wp:term":[{"taxonomy":"category","embeddable":true,"href":"https:\/\/fanti.hypefarm-test.it\/fr\/wp-json\/wp\/v2\/categories?post=7279"},{"taxonomy":"post_tag","embeddable":true,"href":"https:\/\/fanti.hypefarm-test.it\/fr\/wp-json\/wp\/v2\/tags?post=7279"}],"curies":[{"name":"wp","href":"https:\/\/api.w.org\/{rel}","templated":true}]}}