{"id":7287,"date":"2025-04-23T12:31:23","date_gmt":"2025-04-23T10:31:23","guid":{"rendered":"https:\/\/fanti.hypefarm-test.it\/i-nostri-imballaggi\/"},"modified":"2025-05-15T12:56:28","modified_gmt":"2025-05-15T10:56:28","slug":"nos-emballages","status":"publish","type":"page","link":"https:\/\/fanti.hypefarm-test.it\/fr\/nos-emballages\/","title":{"rendered":"Nos Emballages"},"content":{"rendered":"<div class=\"wpb-content-wrapper\"><p>[vc_row full_width=\u00a0\u00bbstretch_row_content\u00a0\u00bb el_class=\u00a0\u00bbtopimage\u00a0\u00bb css=\u00a0\u00bb.vc_custom_1745404078539{background-image: url(https:\/\/fanti.hypefarm-test.it\/wp-content\/uploads\/2025\/04\/PRODOTTI_i-nostri-imballagg.jpg?id=6595) !important;}\u00a0\u00bb][vc_column][vc_empty_space][\/vc_column][\/vc_row][vc_row css=\u00a0\u00bb.vc_custom_1745224600624{padding-top: 40px !important;padding-bottom: 40px !important;}\u00a0\u00bb][vc_column el_class=\u00a0\u00bbmini-shrinkcentro hover-h1&Prime;][vc_column_text css=\u00a0\u00bb.vc_custom_1745911646837{margin-bottom: 15px !important;}\u00a0\u00bb]<\/p>\n<h1><img loading=\"lazy\" decoding=\"async\" class=\"aligncenter size-full wp-image-6589\" src=\"https:\/\/fanti.hypefarm-test.it\/wp-content\/uploads\/2025\/04\/imbal.jpg\" alt=\"\" width=\"92\" height=\"80\" \/><\/h1>\n<h1 style=\"text-align: center;\">NOS EMBALLAGES<\/h1>\n<p>[\/vc_column_text][vc_separator color=\u00a0\u00bbcustom\u00a0\u00bb border_width=\u00a0\u00bb10&Prime; el_width=\u00a0\u00bb40&Prime; css_animation=\u00a0\u00bbappear\u00a0\u00bb css=\u00a0\u00bb.vc_custom_1747306583281{margin-bottom: 50px !important;}\u00a0\u00bb accent_color=\u00a0\u00bb#0E7A3F\u00a0\u00bb][vc_column_text css=\u00a0\u00bb.vc_custom_1745911655949{padding-top: 40px !important;padding-bottom: 40px !important;}\u00a0\u00bb]<\/p>\n<p style=\"text-align: justify;\">Depuis 1948, Fanti Packaging fournit\u00a0<strong>des solutions flexibles<\/strong>\u00a0pour l\u2019emballage primaire. Nous disposons d\u2019une production de<strong>\u00a0pots, de seaux et de f\u00fbts en m\u00e9tal, en plastique et en mat\u00e9riaux hybrides\u00a0<\/strong>\u00e9gale \u00e0\u00a0<strong>plus de 180 millions de pi\u00e8ces\/an<\/strong>, enti\u00e8rement\u00a0<strong>en\u00a0<\/strong><strong>interne<\/strong>\u00a0et\u00a0<strong>Made in Italy<\/strong>.<br \/>\nC\u2019est pourquoi nous sommes en mesure de r\u00e9pondre\u00a0<strong>ponctuellement<\/strong>\u00a0\u00e0 chaque demande et de\u00a0<strong>personnaliser<\/strong>\u00a0chaque commande d\u2019emballage en termes de\u00a0<strong>quantit\u00e9<\/strong>, de\u00a0<strong>format\u00a0<\/strong>et de\u00a0<strong>design\u00a0<\/strong>: en partant du fer blanc, nous produisons des pots personnalis\u00e9s selon les exigences les plus sp\u00e9cifiques du client. Les emballages de Fanti Packaging r\u00e9pondent aux besoins d\u2019un large \u00e9ventail de secteurs, dont principalement les secteurs chimique et alimentaire, refl\u00e8tent les normes d\u2019excellence et de qualit\u00e9, et s\u2019engagent\u00a0<strong>en faveur de la durabilit\u00e9 et du<\/strong>\u00a0<strong>respect de l\u2019environnement\u00a0<\/strong>gr\u00e2ce \u00e0 des certifications constamment mises \u00e0 jour.<\/p>\n<p>[\/vc_column_text][\/vc_column][\/vc_row][vc_row gap=\u00a0\u00bb30&Prime; equal_height=\u00a0\u00bbyes\u00a0\u00bb][vc_column width=\u00a0\u00bb1\/2&Prime;][vc_column_text css=\u00a0\u00bb\u00a0\u00bb]<\/p>\n<h1 style=\"text-align: left; font-weight: 500; font-family: Barlow;\"><span style=\"color: #0e7a3f;\">SECTEUR CHIMIQUE<\/span><\/h1>\n<h4 style=\"text-align: left; font-weight: 500; font-family: Barlow; margin-top: 40px;\">POTS EN FER BLANC<span style=\"color: #0e7a3f;\"><br \/>\n<\/span><\/h4>\n<p><img loading=\"lazy\" decoding=\"async\" class=\"size-full wp-image-2043 alignleft\" src=\"https:\/\/www.fantipackaging.com\/wp-content\/uploads\/2024\/07\/ball.png\" alt=\"\" width=\"20\" height=\"20\" \/>POTS CYLINDRIQUES<\/p>\n<p><img loading=\"lazy\" decoding=\"async\" class=\"size-full wp-image-2043 alignleft\" src=\"https:\/\/www.fantipackaging.com\/wp-content\/uploads\/2024\/07\/ball.png\" alt=\"\" width=\"20\" height=\"20\" \/>POTS CONIQUES<\/p>\n<p><img loading=\"lazy\" decoding=\"async\" class=\"size-full wp-image-2043 alignleft\" src=\"https:\/\/www.fantipackaging.com\/wp-content\/uploads\/2024\/07\/ball.png\" alt=\"\" width=\"20\" height=\"20\" \/>POTS RECTANGULAIRES<\/p>\n<h4><\/h4>\n<h4 style=\"text-align: left; font-weight: 500; font-family: Barlow; margin-top: 40px;\"><span style=\"color: #333333;\">POTS EN PLASTIQUE<\/span><\/h4>\n<p><img loading=\"lazy\" decoding=\"async\" class=\"size-full wp-image-2043 alignleft\" src=\"https:\/\/www.fantipackaging.com\/wp-content\/uploads\/2024\/07\/ball.png\" alt=\"\" width=\"20\" height=\"20\" \/>POTS CYLINDRIQUES<\/p>\n<p><img loading=\"lazy\" decoding=\"async\" class=\"size-full wp-image-2043 alignleft\" src=\"https:\/\/www.fantipackaging.com\/wp-content\/uploads\/2024\/07\/ball.png\" alt=\"\" width=\"20\" height=\"20\" \/>POTS CONIQUES<\/p>\n<p><img loading=\"lazy\" decoding=\"async\" class=\"size-full wp-image-2043 alignleft\" src=\"https:\/\/www.fantipackaging.com\/wp-content\/uploads\/2024\/07\/ball.png\" alt=\"\" width=\"20\" height=\"20\" \/>POTS RECTANGULAIRES<\/p>\n<h4><\/h4>\n<h4 style=\"text-align: left; font-weight: 500; font-family: Barlow; margin-top: 40px;\"><span style=\"color: #333333;\">POTS HYBRIDES<\/span><\/h4>\n<p><img loading=\"lazy\" decoding=\"async\" class=\"size-full wp-image-2043 alignleft\" src=\"https:\/\/www.fantipackaging.com\/wp-content\/uploads\/2024\/07\/ball.png\" alt=\"\" width=\"20\" height=\"20\" \/>POTS CYLINDRIQUES[\/vc_column_text][vc_empty_space height=\u00a0\u00bb50px\u00a0\u00bb]<style type=\"text\/css\" data-type=\"the7_shortcodes-inline-css\">#default-btn-0b5e01fb1604b84dbb91790582f17ca7.ico-right-side > i {\n  margin-right: 0px;\n  margin-left: 8px;\n}\n#default-btn-0b5e01fb1604b84dbb91790582f17ca7 > i {\n  margin-right: 8px;\n}\n<\/style><div class=\"btn-align-center\"><a href=\"https:\/\/fantipackaging.com\/europe\/i-nostri-imballaggi\/\" class=\"default-btn-shortcode dt-btn dt-btn-l link-hover-off full-width-btn \" id=\"default-btn-0b5e01fb1604b84dbb91790582f17ca7\"><span>NOS EMBALLAGES &#8211; FANTI PACKAGING EUROPE<\/span><\/a><\/div>[\/vc_column][vc_column width=\u00a0\u00bb1\/2&Prime;][vc_column_text css=\u00a0\u00bb\u00a0\u00bb]<\/p>\n<h1 style=\"text-align: left; font-weight: 500; font-family: Barlow;\"><span style=\"color: #0e7a3f;\">SECTEUR ALIMENTAIRE<\/span><\/h1>\n<h4 style=\"text-align: left; font-weight: 500; font-family: Barlow;\"><span style=\"color: #333333;\"><br \/>\nPOTS EN FER BLANC<\/span><\/h4>\n<p><img loading=\"lazy\" decoding=\"async\" class=\"size-full wp-image-2043 alignleft\" src=\"https:\/\/www.fantipackaging.com\/wp-content\/uploads\/2024\/07\/ball.png\" alt=\"\" width=\"20\" height=\"20\" \/>POTS CYLINDRIQUES<\/p>\n<p><img loading=\"lazy\" decoding=\"async\" class=\"size-full wp-image-2043 alignleft\" src=\"https:\/\/www.fantipackaging.com\/wp-content\/uploads\/2024\/07\/ball.png\" alt=\"\" width=\"20\" height=\"20\" \/><\/p>\n<p>POTS CONIQUES<\/p>\n<p><img loading=\"lazy\" decoding=\"async\" class=\"size-full wp-image-2043 alignleft\" src=\"https:\/\/www.fantipackaging.com\/wp-content\/uploads\/2024\/07\/ball.png\" alt=\"\" width=\"20\" height=\"20\" \/><\/p>\n<p>POTS RECTANGULAIRES<\/p>\n<h4 style=\"text-align: left; font-weight: 500; font-family: Barlow; margin-top: 40px;\"><span style=\"color: #333333;\">POTS EN PLASTIQUE<\/span><\/h4>\n<p><img loading=\"lazy\" decoding=\"async\" class=\"size-full wp-image-2043 alignleft\" src=\"https:\/\/www.fantipackaging.com\/wp-content\/uploads\/2024\/07\/ball.png\" alt=\"\" width=\"20\" height=\"20\" \/>POTS CONIQUES[\/vc_column_text][vc_empty_space height=\u00a0\u00bb235px\u00a0\u00bb]<style type=\"text\/css\" data-type=\"the7_shortcodes-inline-css\">#default-btn-3962555f408b65c1d291e55d8f079c3b.ico-right-side > i {\n  margin-right: 0px;\n  margin-left: 8px;\n}\n#default-btn-3962555f408b65c1d291e55d8f079c3b > i {\n  margin-right: 8px;\n}\n<\/style><div class=\"btn-align-center\"><a href=\"https:\/\/fantipackaging.com\/usa\/it\/i-nostri-imballaggi\/\" class=\"default-btn-shortcode dt-btn dt-btn-l link-hover-off full-width-btn \" id=\"default-btn-3962555f408b65c1d291e55d8f079c3b\"><span>NOS EMBALLAGES &#8211; FANTI PACKAGING AMERICAS<\/span><\/a><\/div>[\/vc_column][\/vc_row]<\/p>\n<\/div>","protected":false},"excerpt":{"rendered":"<p>[vc_row full_width=\u00a0\u00bbstretch_row_content\u00a0\u00bb el_class=\u00a0\u00bbtopimage\u00a0\u00bb css=\u00a0\u00bb.vc_custom_1745404078539{background-image: url(https:\/\/fanti.hypefarm-test.it\/wp-content\/uploads\/2025\/04\/PRODOTTI_i-nostri-imballagg.jpg?id=6595) !important;}\u00a0\u00bb][vc_column][vc_empty_space][\/vc_column][\/vc_row][vc_row css=\u00a0\u00bb.vc_custom_1745224600624{padding-top: 40px !important;padding-bottom: 40px !important;}\u00a0\u00bb][vc_column el_class=\u00a0\u00bbmini-shrinkcentro hover-h1&Prime;][vc_column_text css=\u00a0\u00bb.vc_custom_1745911646837{margin-bottom: 15px !important;}\u00a0\u00bb] NOS EMBALLAGES [\/vc_column_text][vc_separator color=\u00a0\u00bbcustom\u00a0\u00bb border_width=\u00a0\u00bb10&Prime; el_width=\u00a0\u00bb40&Prime; css_animation=\u00a0\u00bbappear\u00a0\u00bb css=\u00a0\u00bb.vc_custom_1747306583281{margin-bottom: 50px !important;}\u00a0\u00bb accent_color=\u00a0\u00bb#0E7A3F\u00a0\u00bb][vc_column_text css=\u00a0\u00bb.vc_custom_1745911655949{padding-top: 40px !important;padding-bottom: 40px !important;}\u00a0\u00bb] Depuis 1948, Fanti Packaging fournit\u00a0des solutions flexibles\u00a0pour l\u2019emballage primaire. Nous disposons d\u2019une production de\u00a0pots, de seaux et de f\u00fbts en m\u00e9tal, en plastique<\/p>\n","protected":false},"author":1,"featured_media":0,"parent":0,"menu_order":0,"comment_status":"closed","ping_status":"closed","template":"","meta":{"cybocfi_hide_featured_image":"","footnotes":""},"categories":[],"tags":[],"class_list":["post-7287","page","type-page","status-publish","hentry","description-off"],"_links":{"self":[{"href":"https:\/\/fanti.hypefarm-test.it\/fr\/wp-json\/wp\/v2\/pages\/7287","targetHints":{"allow":["GET"]}}],"collection":[{"href":"https:\/\/fanti.hypefarm-test.it\/fr\/wp-json\/wp\/v2\/pages"}],"about":[{"href":"https:\/\/fanti.hypefarm-test.it\/fr\/wp-json\/wp\/v2\/types\/page"}],"author":[{"embeddable":true,"href":"https:\/\/fanti.hypefarm-test.it\/fr\/wp-json\/wp\/v2\/users\/1"}],"replies":[{"embeddable":true,"href":"https:\/\/fanti.hypefarm-test.it\/fr\/wp-json\/wp\/v2\/comments?post=7287"}],"version-history":[{"count":13,"href":"https:\/\/fanti.hypefarm-test.it\/fr\/wp-json\/wp\/v2\/pages\/7287\/revisions"}],"predecessor-version":[{"id":8414,"href":"https:\/\/fanti.hypefarm-test.it\/fr\/wp-json\/wp\/v2\/pages\/7287\/revisions\/8414"}],"wp:attachment":[{"href":"https:\/\/fanti.hypefarm-test.it\/fr\/wp-json\/wp\/v2\/media?parent=7287"}],"wp:term":[{"taxonomy":"category","embeddable":true,"href":"https:\/\/fanti.hypefarm-test.it\/fr\/wp-json\/wp\/v2\/categories?post=7287"},{"taxonomy":"post_tag","embeddable":true,"href":"https:\/\/fanti.hypefarm-test.it\/fr\/wp-json\/wp\/v2\/tags?post=7287"}],"curies":[{"name":"wp","href":"https:\/\/api.w.org\/{rel}","templated":true}]}}