{"id":7292,"date":"2025-04-23T12:46:08","date_gmt":"2025-04-23T10:46:08","guid":{"rendered":"https:\/\/fanti.hypefarm-test.it\/i-nostri-servizi\/"},"modified":"2025-05-15T17:07:59","modified_gmt":"2025-05-15T15:07:59","slug":"nos-services","status":"publish","type":"page","link":"https:\/\/fanti.hypefarm-test.it\/fr\/nos-services\/","title":{"rendered":"Nos Services"},"content":{"rendered":"<div class=\"wpb-content-wrapper\"><p>[vc_row full_width=\u00a0\u00bbstretch_row_content\u00a0\u00bb el_class=\u00a0\u00bbtopimage\u00a0\u00bb css=\u00a0\u00bb.vc_custom_1745404973305{background-image: url(https:\/\/fanti.hypefarm-test.it\/wp-content\/uploads\/2025\/04\/sf09b-2.jpg?id=6597) !important;}\u00a0\u00bb][vc_column][vc_empty_space][\/vc_column][\/vc_row][vc_row css=\u00a0\u00bb.vc_custom_1745224600624{padding-top: 40px !important;padding-bottom: 40px !important;}\u00a0\u00bb][vc_column el_class=\u00a0\u00bbmini-shrinkcentro hover-h1&Prime;][vc_column_text css=\u00a0\u00bb.vc_custom_1745912014694{margin-bottom: 15px !important;}\u00a0\u00bb]<\/p>\n<h1><img loading=\"lazy\" decoding=\"async\" class=\"aligncenter size-full wp-image-6613\" src=\"\/wp-content\/uploads\/2025\/04\/ic091.png\" alt=\"\" width=\"92\" height=\"79\" \/><\/h1>\n<h1 style=\"text-align: center;\">NOS SERVICES<\/h1>\n<p>[\/vc_column_text][vc_separator color=\u00a0\u00bbcustom\u00a0\u00bb border_width=\u00a0\u00bb10&Prime; el_width=\u00a0\u00bb40&Prime; css_animation=\u00a0\u00bbappear\u00a0\u00bb css=\u00a0\u00bb.vc_custom_1747321646770{margin-bottom: 50px !important;}\u00a0\u00bb accent_color=\u00a0\u00bb#0E7A3F\u00a0\u00bb][vc_column_text css=\u00a0\u00bb.vc_custom_1745912022677{padding-top: 40px !important;padding-bottom: 40px !important;}\u00a0\u00bb]<\/p>\n<div class=\"module module-text tb_hr0v407\">\n<div class=\"tb_text_wrap\">\n<p><strong>L\u2019orientation client et la qualit\u00e9 des services<\/strong>\u00a0r\u00e9serv\u00e9s sont parmi les principaux moteurs du d\u00e9veloppement de Fanti Packaging. Nous nous engageons \u00e0 offrir des solutions capables de r\u00e9pondre aux besoins de chaque march\u00e9 de r\u00e9f\u00e9rence et nous le faisons avec une\u00a0<strong>gamme compl\u00e8te de services tailor made<\/strong>\u00a0que notre r\u00e9seau dense de si\u00e8ges et de filiales dans le monde nous permet de garantir.<\/div>\n<\/div>\n<div class=\"module_subrow themify_builder_sub_row tf_w col_align_top tb_col_count_2 tb_ngg0619\">\n<div class=\"module_column sub_column col4-2 tb_qe9k619 first\">\n<div class=\"module module-text tb_aiv8370\">\n<div class=\"tb_text_wrap\"><\/div>\n<\/div>\n<\/div>\n<\/div>\n<p>[\/vc_column_text][\/vc_column][\/vc_row][vc_row gap=\u00a0\u00bb30&Prime; equal_height=\u00a0\u00bbyes\u00a0\u00bb][vc_column width=\u00a0\u00bb1\/2&Prime; el_class=\u00a0\u00bbpalla-lista\u00a0\u00bb][vc_column_text css=\u00a0\u00bb\u00a0\u00bb]<\/p>\n<h2 style=\"text-align: left; font-weight: 500; font-family: Barlow;\"><span style=\"color: #0e7a3f;\">CONSEIL TECHNIQUE<\/span><\/h2>\n<div><span style=\"color: #0e7a3f;\">\u00a0<\/span><\/div>\n<h4 style=\"text-align: left;\"><img loading=\"lazy\" decoding=\"async\" class=\"size-full wp-image-2043 alignleft\" src=\"https:\/\/www.fantipackaging.com\/wp-content\/uploads\/2024\/07\/ball.png\" alt=\"\" width=\"20\" height=\"20\" \/>CONSEIL D&rsquo;EXPERTS<\/h4>\n<h4 style=\"text-align: left;\"><\/h4>\n<div style=\"text-align: justify;\">\n<div>Notre \u00e9quipe d\u2019experts est pr\u00e9sente\u00a0<strong>partout dans le monde<\/strong>\u00a0pour trouver la solution d\u2019emballage id\u00e9ale pour tous les besoins. De la consultation initiale \u00e0 la proposition d\u2019emballage final, nous travaillons main dans la main avec nos clients pour assurer une\u00a0<strong>solution sur mesure<\/strong>\u00a0en mesure de garantir des performances et une comp\u00e9titivit\u00e9 \u00e9lev\u00e9es.<\/div>\n<\/div>\n<div><span style=\"color: #0e7a3f;\">\u00a0<\/span><\/div>\n<h4 style=\"text-align: left;\"><img loading=\"lazy\" decoding=\"async\" class=\"size-full wp-image-2043 alignleft\" src=\"https:\/\/www.fantipackaging.com\/wp-content\/uploads\/2024\/07\/ball.png\" alt=\"\" width=\"20\" height=\"20\" \/>IMPRESSION SUR MESURE<\/h4>\n<h4 style=\"text-align: left;\"><\/h4>\n<p>Qu\u2019il s\u2019agisse de commandes importantes ou de petites quantit\u00e9s, nous sommes en mesure de r\u00e9pondre aux besoins de divers secteurs de l\u2019industrie, en garantissant une\u00a0<strong>flexibilit\u00e9 et une personnalisation maximales<\/strong>.<\/p>\n<div><span style=\"color: #0e7a3f;\">\u00a0<\/span><\/div>\n<h4 style=\"text-align: left;\"><img loading=\"lazy\" decoding=\"async\" class=\"size-full wp-image-2043 alignleft\" src=\"https:\/\/www.fantipackaging.com\/wp-content\/uploads\/2024\/07\/ball.png\" alt=\"\" width=\"20\" height=\"20\" \/>CONSEIL EN PEINTURE<\/h4>\n<h4 style=\"text-align: left;\"><\/h4>\n<div class=\"module_column sub_column col4-2 tb_qe9k619 first\">\n<div class=\"module module-text tb_aiv8370\">\n<div class=\"tb_text_wrap\">\n<p>Notre service de conseil vous guide dans le choix des\u00a0<strong>rev\u00eatements int\u00e9rieurs id\u00e9aux<\/strong>\u00a0pour vos produits. Tests crois\u00e9s dans nos laboratoires et dans vos laboratoires, avec le soutien de fournisseurs sp\u00e9cialis\u00e9s.<\/div>\n<\/div>\n<\/div>\n<div class=\"module_column sub_column col4-2 tb_cvuj619 last\">\n<div class=\"module module-text tb_1ohh576\">\n<div class=\"tb_text_wrap\"><\/div>\n<\/div>\n<\/div>\n<p>[\/vc_column_text][vc_empty_space height=\u00a0\u00bb50px\u00a0\u00bb][\/vc_column][vc_column width=\u00a0\u00bb1\/2&Prime; el_class=\u00a0\u00bbpalla-lista\u00a0\u00bb][vc_column_text css=\u00a0\u00bb\u00a0\u00bb]<\/p>\n<h2 style=\"text-align: left; font-weight: 500; font-family: Barlow;\"><span style=\"color: #0e7a3f;\">GESTION DES COMMANDES<\/span><\/h2>\n<div><span style=\"color: #0e7a3f;\">\u00a0<\/span><\/div>\n<h4 style=\"text-align: left;\"><img loading=\"lazy\" decoding=\"async\" class=\"size-full wp-image-2043 alignleft\" src=\"https:\/\/www.fantipackaging.com\/wp-content\/uploads\/2024\/07\/ball.png\" alt=\"\" width=\"20\" height=\"20\" \/>SERVICE CLIENT PERSONNALIS\u00c9<\/h4>\n<h4 style=\"text-align: left;\"><\/h4>\n<p>Chez Fanti Packaging,<strong>\u00a0le client est au centre<\/strong>. Un seul interlocuteur expert vous suit de la commande \u00e0 l\u2019apr\u00e8s-vente, garantissant une communication claire, un soutien constant et une satisfaction \u00e0 100 %.<\/p>\n<div><span style=\"color: #0e7a3f;\">\u00a0<\/span><\/div>\n<h4 style=\"text-align: left;\"><img loading=\"lazy\" decoding=\"async\" class=\"size-full wp-image-2043 alignleft\" src=\"https:\/\/www.fantipackaging.com\/wp-content\/uploads\/2024\/07\/ball.png\" alt=\"\" width=\"20\" height=\"20\" \/>GESTION DES R\u00c9IMPRESSIONS<\/h4>\n<h4 style=\"text-align: left;\"><\/h4>\n<p style=\"text-align: justify;\">La gestione delle ristampe \u00e8 <strong>semplice<\/strong> ed <strong>efficace<\/strong>. Grazie a un <strong>consulente dedicato<\/strong>, siamo in grado di <strong>analizzare<\/strong> i consumi e le previsioni di ogni nostro cliente, fornendo una pianificazione funzionale e <strong>personalizzata<\/strong> sulle reali necessit\u00e0, evitando urgenze e perdite di tempo.<\/p>\n<div>\n<p><span style=\"color: #0e7a3f;\">\u00a0<\/span><\/p>\n<h4 style=\"text-align: left;\"><img loading=\"lazy\" decoding=\"async\" class=\"size-full wp-image-2043 alignleft\" src=\"https:\/\/www.fantipackaging.com\/wp-content\/uploads\/2024\/07\/ball.png\" alt=\"\" width=\"20\" height=\"20\" \/>JUST IN TIME<\/h4>\n<h4 style=\"text-align: left;\"><\/h4>\n<p style=\"text-align: justify;\">Nous valorisons nos clients en \u00e9tant conscients de leurs besoins et de l\u2019organisation qui en d\u00e9coule. C\u2019est pourquoi chez Fanti Packaging, nous offrons un service de\u00a0<strong>planification clair et imm\u00e9diat<\/strong>, qui permet une visualisation\u00a0<strong>instantan\u00e9e\u00a0<\/strong>de la commande et des d\u00e9lais de gestion, lib\u00e9rant ainsi les clients de toute pr\u00e9occupation.<\/p>\n<div><span style=\"color: #0e7a3f;\">\u00a0<\/span><\/div>\n<h4 style=\"text-align: left;\"><img loading=\"lazy\" decoding=\"async\" class=\"size-full wp-image-2043 alignleft\" src=\"https:\/\/www.fantipackaging.com\/wp-content\/uploads\/2024\/07\/ball.png\" alt=\"\" width=\"20\" height=\"20\" \/>PLATEFORME EN LIGNE 24\/7<\/h4>\n<h4 style=\"text-align: left;\"><\/h4>\n<p style=\"text-align: justify;\">Acc\u00e9dez \u00e0 notre plateforme en ligne pour suivre les commandes, les stocks et les livraisons \u00e0 tout moment. Des informations que vous aurez toujours \u00e0 port\u00e9e de main pour une\u00a0<strong>gestion simple et transparente<\/strong>.<\/p>\n<\/div>\n<p>[\/vc_column_text][vc_empty_space height=\u00a0\u00bb50px\u00a0\u00bb][\/vc_column][\/vc_row][vc_row][vc_column][vc_column_text]<\/p>\n<p>[\/vc_column_text][\/vc_column][\/vc_row]<\/p>\n<\/div>","protected":false},"excerpt":{"rendered":"<p>[vc_row full_width=\u00a0\u00bbstretch_row_content\u00a0\u00bb el_class=\u00a0\u00bbtopimage\u00a0\u00bb css=\u00a0\u00bb.vc_custom_1745404973305{background-image: url(https:\/\/fanti.hypefarm-test.it\/wp-content\/uploads\/2025\/04\/sf09b-2.jpg?id=6597) !important;}\u00a0\u00bb][vc_column][vc_empty_space][\/vc_column][\/vc_row][vc_row css=\u00a0\u00bb.vc_custom_1745224600624{padding-top: 40px !important;padding-bottom: 40px !important;}\u00a0\u00bb][vc_column el_class=\u00a0\u00bbmini-shrinkcentro hover-h1&Prime;][vc_column_text css=\u00a0\u00bb.vc_custom_1745912014694{margin-bottom: 15px !important;}\u00a0\u00bb] NOS SERVICES [\/vc_column_text][vc_separator color=\u00a0\u00bbcustom\u00a0\u00bb border_width=\u00a0\u00bb10&Prime; el_width=\u00a0\u00bb40&Prime; css_animation=\u00a0\u00bbappear\u00a0\u00bb css=\u00a0\u00bb.vc_custom_1747321646770{margin-bottom: 50px !important;}\u00a0\u00bb accent_color=\u00a0\u00bb#0E7A3F\u00a0\u00bb][vc_column_text css=\u00a0\u00bb.vc_custom_1745912022677{padding-top: 40px !important;padding-bottom: 40px !important;}\u00a0\u00bb] L\u2019orientation client et la qualit\u00e9 des services\u00a0r\u00e9serv\u00e9s sont parmi les principaux moteurs du d\u00e9veloppement de Fanti Packaging. Nous nous engageons \u00e0 offrir des<\/p>\n","protected":false},"author":1,"featured_media":0,"parent":0,"menu_order":0,"comment_status":"closed","ping_status":"closed","template":"","meta":{"cybocfi_hide_featured_image":"","footnotes":""},"categories":[],"tags":[],"class_list":["post-7292","page","type-page","status-publish","hentry","description-off"],"_links":{"self":[{"href":"https:\/\/fanti.hypefarm-test.it\/fr\/wp-json\/wp\/v2\/pages\/7292","targetHints":{"allow":["GET"]}}],"collection":[{"href":"https:\/\/fanti.hypefarm-test.it\/fr\/wp-json\/wp\/v2\/pages"}],"about":[{"href":"https:\/\/fanti.hypefarm-test.it\/fr\/wp-json\/wp\/v2\/types\/page"}],"author":[{"embeddable":true,"href":"https:\/\/fanti.hypefarm-test.it\/fr\/wp-json\/wp\/v2\/users\/1"}],"replies":[{"embeddable":true,"href":"https:\/\/fanti.hypefarm-test.it\/fr\/wp-json\/wp\/v2\/comments?post=7292"}],"version-history":[{"count":3,"href":"https:\/\/fanti.hypefarm-test.it\/fr\/wp-json\/wp\/v2\/pages\/7292\/revisions"}],"predecessor-version":[{"id":8430,"href":"https:\/\/fanti.hypefarm-test.it\/fr\/wp-json\/wp\/v2\/pages\/7292\/revisions\/8430"}],"wp:attachment":[{"href":"https:\/\/fanti.hypefarm-test.it\/fr\/wp-json\/wp\/v2\/media?parent=7292"}],"wp:term":[{"taxonomy":"category","embeddable":true,"href":"https:\/\/fanti.hypefarm-test.it\/fr\/wp-json\/wp\/v2\/categories?post=7292"},{"taxonomy":"post_tag","embeddable":true,"href":"https:\/\/fanti.hypefarm-test.it\/fr\/wp-json\/wp\/v2\/tags?post=7292"}],"curies":[{"name":"wp","href":"https:\/\/api.w.org\/{rel}","templated":true}]}}