{"id":7296,"date":"2025-04-23T15:22:29","date_gmt":"2025-04-23T13:22:29","guid":{"rendered":"https:\/\/fanti.hypefarm-test.it\/limpegno\/"},"modified":"2025-05-29T12:03:19","modified_gmt":"2025-05-29T10:03:19","slug":"engagement","status":"publish","type":"page","link":"https:\/\/fanti.hypefarm-test.it\/fr\/engagement\/","title":{"rendered":"L&rsquo;Engagement"},"content":{"rendered":"<div class=\"wpb-content-wrapper\"><p>[vc_row full_width=\u00a0\u00bbstretch_row_content\u00a0\u00bb el_class=\u00a0\u00bbtopimage\u00a0\u00bb css=\u00a0\u00bb.vc_custom_1745418067236{background-image: url(https:\/\/fanti.hypefarm-test.it\/wp-content\/uploads\/2025\/04\/inn.jpg?id=6651) !important;}\u00a0\u00bb][vc_column][vc_empty_space][\/vc_column][\/vc_row][vc_row css=\u00a0\u00bb.vc_custom_1745224600624{padding-top: 40px !important;padding-bottom: 40px !important;}\u00a0\u00bb][vc_column el_class=\u00a0\u00bbmini-shrinkcentro hover-h1&Prime;][vc_column_text css=\u00a0\u00bb.vc_custom_1745912460055{margin-bottom: 15px !important;}\u00a0\u00bb]<\/p>\n<h1><img loading=\"lazy\" decoding=\"async\" class=\"size-full wp-image-6381 aligncenter\" src=\"https:\/\/fanti.hypefarm-test.it\/wp-content\/uploads\/2025\/04\/04ic.png\" alt=\"\" width=\"64\" height=\"60\" \/><\/h1>\n<h1 style=\"text-align: center;\">L&rsquo;ENGAGEMENT<\/h1>\n<p>[\/vc_column_text][vc_separator color=\u00a0\u00bbcustom\u00a0\u00bb border_width=\u00a0\u00bb10&Prime; el_width=\u00a0\u00bb40&Prime; css_animation=\u00a0\u00bbappear\u00a0\u00bb css=\u00a0\u00bb.vc_custom_1747322510456{margin-bottom: 50px !important;}\u00a0\u00bb accent_color=\u00a0\u00bb#0E7A3F\u00a0\u00bb][vc_column_text css=\u00a0\u00bb.vc_custom_1745912468487{padding-top: 40px !important;padding-bottom: 40px !important;}\u00a0\u00bb]<\/p>\n<div class=\"module_subrow themify_builder_sub_row tf_w col_align_top tb_col_count_1 tb_1r1g228\">\n<div class=\"module_column sub_column col-full tb_rlop228 first\">\n<div class=\"module module-text tb_wzyz228\">\n<div class=\"tb_text_wrap\">\n<div class=\"module_subrow themify_builder_sub_row tf_w col_align_top tb_col_count_1 tb_1r1g228\">\n<div class=\"module_column sub_column col-full tb_rlop228 first\">\n<div class=\"module module-text tb_wzyz228\">\n<div class=\"tb_text_wrap\">\n<p>Nous construisons l\u2019avenir de Fanti Packaging sur les bases de notre histoire et sur les bases d\u2019une<strong>\u00a0innovation \u00e0 360 degr\u00e9s<\/strong>. C\u2019est pourquoi nos activit\u00e9s refl\u00e8tent notre statut d\u2019entreprise mondiale \u00e0 l\u2019\u00e2me familiale: l\u2019<strong>engagement<\/strong>\u00a0<strong>constant<\/strong>, les\u00a0<strong>valeurs consolid\u00e9es,<\/strong>\u00a0la forte attention port\u00e9e aux aspects qui d\u00e9terminent le\u00a0<strong>respect de l\u2019environnement et des personnes<\/strong>\u00a0font partie d\u2019une vision qui guide chaque \u00e9tape de notre croissance.<\/p>\n<\/div>\n<\/div>\n<\/div>\n<\/div>\n<div class=\"module_subrow themify_builder_sub_row tf_w col_align_top tb_col_count_2 tb_ojhc510\">\n<div class=\"module_column sub_column col4-2 tb_lndm510 first\">\n<div class=\"module module-text tb_pl3v960\">\n<div class=\"tb_text_wrap\"><\/div>\n<\/div>\n<\/div>\n<\/div>\n<\/div>\n<\/div>\n<\/div>\n<\/div>\n<div class=\"module_subrow themify_builder_sub_row tf_w col_align_top tb_col_count_2 tb_ojhc510\">\n<div class=\"module_column sub_column col4-2 tb_lndm510 first\">\n<div class=\"module module-text tb_pl3v960\">\n<div class=\"tb_text_wrap\"><\/div>\n<\/div>\n<\/div>\n<\/div>\n<p>[\/vc_column_text][\/vc_column][\/vc_row][vc_row gap=\u00a0\u00bb30&Prime; equal_height=\u00a0\u00bbyes\u00a0\u00bb][vc_column width=\u00a0\u00bb1\/2&Prime;][vc_row_inner css=\u00a0\u00bb.vc_custom_1747322516449{padding-right: 0px !important;padding-left: 0px !important;background-color: #FFFFFF !important;}\u00a0\u00bb el_class=\u00a0\u00bbhover-h1 hover-background allungamentodx\u00a0\u00bb][vc_column_inner el_class=\u00a0\u00bbroundcolumn\u00a0\u00bb css=\u00a0\u00bb.vc_custom_1745416929551{padding-top: 15px !important;padding-right: 0px !important;padding-left: 0px !important;}\u00a0\u00bb][vc_column_text css=\u00a0\u00bb.vc_custom_1748512977598{margin-bottom: 0px !important;margin-left: 30px !important;}\u00a0\u00bb]<img loading=\"lazy\" decoding=\"async\" class=\"alignnone size-full wp-image-6626\" src=\"https:\/\/fanti.hypefarm-test.it\/wp-content\/uploads\/2025\/04\/sostenibilita.jpg\" alt=\"\" width=\"90\" height=\"90\" \/>[\/vc_column_text][vc_separator color=\u00a0\u00bbcustom\u00a0\u00bb align=\u00a0\u00bbalign_left\u00a0\u00bb border_width=\u00a0\u00bb10&Prime; el_width=\u00a0\u00bb50&Prime; css=\u00a0\u00bb.vc_custom_1745326039944{margin-bottom: 50px !important;}\u00a0\u00bb accent_color=\u00a0\u00bb#0E7A3F\u00a0\u00bb][vc_column_text css=\u00a0\u00bb\u00a0\u00bb]<\/p>\n<h1 style=\"text-align: center;\">LA DURABILIT\u00c9<\/h1>\n<p>[\/vc_column_text][vc_single_image image=\u00a0\u00bb6630&Prime; img_size=\u00a0\u00bbfull\u00a0\u00bb alignment=\u00a0\u00bbcenter\u00a0\u00bb onclick=\u00a0\u00bbcustom_link\u00a0\u00bb css=\u00a0\u00bb.vc_custom_1747139034566{margin-bottom: 0px !important;}\u00a0\u00bb link=\u00a0\u00bb\/fr\/notre-presence\/\u00a0\u00bb]<div class=\"ult_exp_section_layer ult-adjust-bottom-margin buttonexpand\" >\n\t\t<div id=\"uvc-exp-wrap-8079\" role=\"button\" tabindex=\"0\" aria-pressed=\"false\"  data-ultimate-target='#uvc-exp-wrap-8079'  data-responsive-json-new='{\"font-size\":\"desktop:20px;\",\"line-height\":\"desktop:20px;\"}'  class=\"ult_exp_section  ult-responsive \" style=\"color:#FFFFFF;background-color:#0E7A3F; font-weight:normal;  text-align:center;\" data-textcolor=\"#FFFFFF\"data-texthover=\"#FFFFFF\"data-icncolor=\"#FFFFFF\"data-ihover=\"#333333\"data-height=\"0\"data-cntbg=\"#0E7A3F\"data-cnthvrbg=\"#0E7A3F\"data-headerbg=\"#0E7A3F\"data-headerhover=\"#0E7A3F\"data-title=\"Lire\"data-newtitle=\"Fermer\"data-icon=\"icomoon-the7-font-the7-arrow-05\"data-newicon=\"icomoon-the7-font-the7-arrow-04\"data-activeicon=\"#333333\"data-effect=\"slideToggle\"data-override=\"0\"data-activetitle=\"#FFFFFF\"data-activebg=\"#0E7A3F\"data-img=\"\"data-newimg=\"\"><div class=\"ult_exp_section-main ult_expleft_icon\">\t<div class=\"ult-just-icon-wrapper ult_exp_icon\">\n\t\t\t\t\t<div class=\"align-icon \">\n\t\t\t\t\t\t\n<span class=\"aio-icon  none  ult_expsection_icon \"  style=\"color:#FFFFFF;font-size:12px;\">\n\t<i class=\"icomoon-the7-font-the7-arrow-05 ult_ex_icon\"  ><\/i>\n<\/span>\n\t\t\t\t\t<\/div>\n\t\t\t\t<\/div>\n\t\t\t\t<div class=\"ult_expheader\" >Lire\n\t\t\t\t<\/div>\n\t\t\t<\/div>\n\t\t<\/div><div class=\"ult_exp_content \" style=\"background-color:#FFFFFF;  \"><div class=\"ult_ecpsub_cont\" style=\" \" >[vc_column_text css=\u00a0\u00bb.vc_custom_1745912730935{padding-top: 40px !important;padding-bottom: 40px !important;}\u00a0\u00bb]<\/p>\n<div class=\"module_column sub_column col4-2 tb_lndm510 first\">\n<div class=\"module module-accordion tb_apda960\" data-behavior=\"toggle\">\n<div id=\"acc-apda960-0-content\" class=\"accordion-content tf_hide tf_clearfix\" data-id=\"acc-apda960-0\" aria-hidden=\"false\">\n<div class=\"module_subrow themify_builder_sub_row tf_w col_align_top tb_col_count_1 tb_wxn4960\">\n<div class=\"module_column sub_column tb_gyx7960 first\">\n<div class=\"module module-text tb_8lsf960\">\n<div class=\"tb_text_wrap\">\n<div class=\"module_column sub_column col4-2 tb_lndm510 first\">\n<div class=\"module module-accordion tb_apda960\" data-behavior=\"toggle\">\n<div id=\"acc-apda960-0-content\" class=\"accordion-content tf_hide tf_clearfix\" data-id=\"acc-apda960-0\" aria-hidden=\"false\">\n<div class=\"module_subrow themify_builder_sub_row tf_w col_align_top tb_col_count_1 tb_wxn4960\">\n<div class=\"module_column sub_column tb_gyx7960 first\">\n<div class=\"module module-text tb_8lsf960\">\n<div class=\"tb_text_wrap\">\n<div class=\"module_column sub_column col4-2 tb_lndm510 first\">\n<div class=\"module module-accordion tb_apda960\" data-behavior=\"toggle\">\n<div id=\"acc-apda960-0-content\" class=\"accordion-content tf_hide tf_clearfix\" data-id=\"acc-apda960-0\" aria-hidden=\"false\">\n<div class=\"module_subrow themify_builder_sub_row tf_w col_align_top tb_col_count_1 tb_wxn4960\">\n<div class=\"module_column sub_column tb_gyx7960 first\">\n<div class=\"module module-text tb_8lsf960\">\n<div class=\"tb_text_wrap\">\n<p style=\"text-align: justify;\">\u00catre attentif \u00e0 l\u2019environnement est un acte de\u00a0<strong>responsabilit\u00e9 d\u2019entreprise et personnelle<\/strong>. Fanti Packaging fonde son d\u00e9veloppement sur les principes de la croissance durable, en adoptant des m\u00e9thodes de travail et des processus de production capables de concilier\u00a0<strong>la sant\u00e9 environnementale, l\u2019\u00e9quit\u00e9 sociale<\/strong>\u00a0et le\u00a0<strong>dynamisme \u00e9conomique<\/strong>. Notre approche est tourn\u00e9e vers l\u2019avenir et vise \u00e0 att\u00e9nuer l\u2019impact de l\u2019industrie sur notre plan\u00e8te. Nous avons l\u2019intention d\u2019orienter notre action de mani\u00e8re\u00a0<strong>\u00e9thique<\/strong>, afin de ne pas compromettre notre pr\u00e9sent et notre avenir.<\/p>\n<\/div>\n<\/div>\n<\/div>\n<\/div>\n<\/div>\n<\/div>\n<\/div>\n<div class=\"module_column sub_column col4-2 tb_h6v7718 last\">\n<div class=\"module module-text tb_dc61362\">\n<div class=\"tb_text_wrap\"><\/div>\n<\/div>\n<\/div>\n<\/div>\n<\/div>\n<\/div>\n<\/div>\n<\/div>\n<\/div>\n<\/div>\n<div class=\"module_column sub_column col4-2 tb_h6v7718 last\">\n<div class=\"module module-text tb_dc61362\">\n<div class=\"tb_text_wrap\"><\/div>\n<\/div>\n<\/div>\n<\/div>\n<\/div>\n<\/div>\n<\/div>\n<\/div>\n<\/div>\n<\/div>\n<div class=\"module_column sub_column col4-2 tb_h6v7718 last\">\n<div class=\"module module-text tb_71cv210\">\n<div class=\"tb_text_wrap\"><\/div>\n<\/div>\n<\/div>\n<p>[\/vc_column_text]<\/div><\/div>\n\n\t\t\t<\/div>[\/vc_column_inner][\/vc_row_inner][\/vc_column][vc_column width=\u00a0\u00bb1\/2&Prime;][vc_row_inner css=\u00a0\u00bb.vc_custom_1747322530258{background-color: #FFFFFF !important;}\u00a0\u00bb el_class=\u00a0\u00bbhover-h1 hover-background allungamentodx\u00a0\u00bb][vc_column_inner el_class=\u00a0\u00bbroundcolumn\u00a0\u00bb css=\u00a0\u00bb.vc_custom_1745327047313{padding-top: 15px !important;padding-right: 0px !important;padding-left: 0px !important;}\u00a0\u00bb][vc_column_text css=\u00a0\u00bb.vc_custom_1748512995294{margin-bottom: 0px !important;margin-left: 30px !important;}\u00a0\u00bb]<img loading=\"lazy\" decoding=\"async\" class=\"alignnone size-full wp-image-6628\" src=\"https:\/\/fanti.hypefarm-test.it\/wp-content\/uploads\/2025\/04\/certificazioni.jpg\" alt=\"\" width=\"90\" height=\"90\" \/>[\/vc_column_text][vc_separator color=\u00a0\u00bbcustom\u00a0\u00bb align=\u00a0\u00bbalign_left\u00a0\u00bb border_width=\u00a0\u00bb10&Prime; el_width=\u00a0\u00bb50&Prime; css=\u00a0\u00bb.vc_custom_1745326039944{margin-bottom: 50px !important;}\u00a0\u00bb accent_color=\u00a0\u00bb#0E7A3F\u00a0\u00bb][vc_column_text css=\u00a0\u00bb\u00a0\u00bb]<\/p>\n<h1 style=\"text-align: center;\">LES CERTIFICATIONS<\/h1>\n<p>[\/vc_column_text][vc_single_image image=\u00a0\u00bb6632&Prime; img_size=\u00a0\u00bbfull\u00a0\u00bb alignment=\u00a0\u00bbcenter\u00a0\u00bb onclick=\u00a0\u00bbcustom_link\u00a0\u00bb css=\u00a0\u00bb.vc_custom_1747139044390{margin-bottom: 0px !important;}\u00a0\u00bb link=\u00a0\u00bb\/fr\/les-personnes\/\u00a0\u00bb]<div class=\"ult_exp_section_layer ult-adjust-bottom-margin buttonexpand\" >\n\t\t<div id=\"uvc-exp-wrap-8365\" role=\"button\" tabindex=\"0\" aria-pressed=\"false\"  data-ultimate-target='#uvc-exp-wrap-8365'  data-responsive-json-new='{\"font-size\":\"desktop:20px;\",\"line-height\":\"desktop:20px;\"}'  class=\"ult_exp_section  ult-responsive \" style=\"color:#FFFFFF;background-color:#0E7A3F; font-weight:normal;  text-align:center;\" data-textcolor=\"#FFFFFF\"data-texthover=\"#FFFFFF\"data-icncolor=\"#FFFFFF\"data-ihover=\"#333333\"data-height=\"0\"data-cntbg=\"#0E7A3F\"data-cnthvrbg=\"#0E7A3F\"data-headerbg=\"#0E7A3F\"data-headerhover=\"#0E7A3F\"data-title=\"Lire\"data-newtitle=\"Fermer\"data-icon=\"icomoon-the7-font-the7-arrow-05\"data-newicon=\"icomoon-the7-font-the7-arrow-04\"data-activeicon=\"#333333\"data-effect=\"slideToggle\"data-override=\"0\"data-activetitle=\"#FFFFFF\"data-activebg=\"#0E7A3F\"data-img=\"\"data-newimg=\"\"><div class=\"ult_exp_section-main ult_expleft_icon\">\t<div class=\"ult-just-icon-wrapper ult_exp_icon\">\n\t\t\t\t\t<div class=\"align-icon \">\n\t\t\t\t\t\t\n<span class=\"aio-icon  none  ult_expsection_icon \"  style=\"color:#FFFFFF;font-size:12px;\">\n\t<i class=\"icomoon-the7-font-the7-arrow-05 ult_ex_icon\"  ><\/i>\n<\/span>\n\t\t\t\t\t<\/div>\n\t\t\t\t<\/div>\n\t\t\t\t<div class=\"ult_expheader\" >Lire\n\t\t\t\t<\/div>\n\t\t\t<\/div>\n\t\t<\/div><div class=\"ult_exp_content \" style=\"background-color:#FFFFFF;  \"><div class=\"ult_ecpsub_cont\" style=\" \" >[vc_column_text css=\u00a0\u00bb.vc_custom_1745912967590{padding-top: 40px !important;padding-bottom: 40px !important;}\u00a0\u00bb]<\/p>\n<p style=\"text-align: left;\">Nous croyons fermement que la croissance et le succ\u00e8s de notre Groupe sont \u00e9troitement li\u00e9s non seulement au\u00a0<strong>d\u00e9veloppement industriel et technique<\/strong>, mais aussi \u00e0 une <strong>\u00e9volution culturelle et organisationnelle\u00a0<\/strong>parall\u00e8le<strong>.\u00a0<\/strong>C\u2019est pourquoi nous attachons une grande importance \u00e0 l\u2019obtention de\u00a0<strong>certifications reconnues<\/strong>\u00a0<strong>au niveau international<\/strong>, qui t\u00e9moignent de notre engagement en faveur de l\u2019excellence et de la satisfaction du client.<\/p>\n<p style=\"text-align: justify;\"><strong>ISO 9001\u00a0: une m\u00e9thode de travail partag\u00e9e<\/strong><\/p>\n<p style=\"text-align: justify;\">La\u00a0<strong>certification ISO 9001<\/strong>\u00a0repr\u00e9sente pour nous bien plus qu\u2019une simple reconnaissance formelle. C\u2019est l\u2019expression tangible d\u2019une m\u00e9thode de travail bas\u00e9e sur la synergie entre les diff\u00e9rentes fonctions de l\u2019entreprise et sur le partage des meilleures pratiques entre les diff\u00e9rents sites de production du Groupe. Gr\u00e2ce \u00e0 cette approche, nous visons \u00e0 atteindre des objectifs mesurables et ambitieux, en pla\u00e7ant toujours les besoins et les attentes de nos clients au centre de nos pr\u00e9occupations.<\/p>\n<p style=\"text-align: justify;\"><strong>Un engagement continu vers l\u2019am\u00e9lioration<\/strong><\/p>\n<p style=\"text-align: justify;\">Les certifications ne repr\u00e9sentent pas pour nous un objectif, mais un\u00a0<strong>point de d\u00e9part<\/strong>\u00a0pour un processus d\u2019am\u00e9lioration continue. Gr\u00e2ce \u00e0 l\u2019analyse constante de notre productivit\u00e9, au partage d\u2019exp\u00e9riences et \u00e0 l\u2019\u00e9coute active des commentaires des clients, nous travaillons chaque jour pour renforcer notre organisation et offrir des solutions d\u2019emballage de plus en plus\u00a0<strong>innovantes<\/strong>,\u00a0<strong>fiables<\/strong>\u00a0et\u00a0<strong>durables<\/strong>. Notre objectif ultime est d\u2019offrir aux clients une exp\u00e9rience de service uniforme et de haute qualit\u00e9, quel que soit le site de production avec lequel ils interagissent.<\/p>\n<p style=\"text-align: justify;\">Chez Fanti Packaging, les certifications sont le symbole tangible de notre engagement envers l\u2019excellence, la satisfaction des clients et la croissance responsable de notre Groupe.<\/p>\n<p>[\/vc_column_text]<\/div><\/div>\n\n\t\t\t<\/div>[\/vc_column_inner][\/vc_row_inner][\/vc_column][\/vc_row]<\/p>\n<\/div>","protected":false},"excerpt":{"rendered":"<p>[vc_row full_width=\u00a0\u00bbstretch_row_content\u00a0\u00bb el_class=\u00a0\u00bbtopimage\u00a0\u00bb css=\u00a0\u00bb.vc_custom_1745418067236{background-image: url(https:\/\/fanti.hypefarm-test.it\/wp-content\/uploads\/2025\/04\/inn.jpg?id=6651) !important;}\u00a0\u00bb][vc_column][vc_empty_space][\/vc_column][\/vc_row][vc_row css=\u00a0\u00bb.vc_custom_1745224600624{padding-top: 40px !important;padding-bottom: 40px !important;}\u00a0\u00bb][vc_column el_class=\u00a0\u00bbmini-shrinkcentro hover-h1&Prime;][vc_column_text css=\u00a0\u00bb.vc_custom_1745912460055{margin-bottom: 15px !important;}\u00a0\u00bb] L&rsquo;ENGAGEMENT [\/vc_column_text][vc_separator color=\u00a0\u00bbcustom\u00a0\u00bb border_width=\u00a0\u00bb10&Prime; el_width=\u00a0\u00bb40&Prime; css_animation=\u00a0\u00bbappear\u00a0\u00bb css=\u00a0\u00bb.vc_custom_1747322510456{margin-bottom: 50px !important;}\u00a0\u00bb accent_color=\u00a0\u00bb#0E7A3F\u00a0\u00bb][vc_column_text css=\u00a0\u00bb.vc_custom_1745912468487{padding-top: 40px !important;padding-bottom: 40px !important;}\u00a0\u00bb] Nous construisons l\u2019avenir de Fanti Packaging sur les bases de notre histoire et sur les bases d\u2019une\u00a0innovation \u00e0 360 degr\u00e9s. C\u2019est pourquoi nos activit\u00e9s<\/p>\n","protected":false},"author":1,"featured_media":0,"parent":0,"menu_order":0,"comment_status":"closed","ping_status":"closed","template":"","meta":{"cybocfi_hide_featured_image":"","footnotes":""},"categories":[],"tags":[],"class_list":["post-7296","page","type-page","status-publish","hentry","description-off"],"_links":{"self":[{"href":"https:\/\/fanti.hypefarm-test.it\/fr\/wp-json\/wp\/v2\/pages\/7296","targetHints":{"allow":["GET"]}}],"collection":[{"href":"https:\/\/fanti.hypefarm-test.it\/fr\/wp-json\/wp\/v2\/pages"}],"about":[{"href":"https:\/\/fanti.hypefarm-test.it\/fr\/wp-json\/wp\/v2\/types\/page"}],"author":[{"embeddable":true,"href":"https:\/\/fanti.hypefarm-test.it\/fr\/wp-json\/wp\/v2\/users\/1"}],"replies":[{"embeddable":true,"href":"https:\/\/fanti.hypefarm-test.it\/fr\/wp-json\/wp\/v2\/comments?post=7296"}],"version-history":[{"count":13,"href":"https:\/\/fanti.hypefarm-test.it\/fr\/wp-json\/wp\/v2\/pages\/7296\/revisions"}],"predecessor-version":[{"id":8493,"href":"https:\/\/fanti.hypefarm-test.it\/fr\/wp-json\/wp\/v2\/pages\/7296\/revisions\/8493"}],"wp:attachment":[{"href":"https:\/\/fanti.hypefarm-test.it\/fr\/wp-json\/wp\/v2\/media?parent=7296"}],"wp:term":[{"taxonomy":"category","embeddable":true,"href":"https:\/\/fanti.hypefarm-test.it\/fr\/wp-json\/wp\/v2\/categories?post=7296"},{"taxonomy":"post_tag","embeddable":true,"href":"https:\/\/fanti.hypefarm-test.it\/fr\/wp-json\/wp\/v2\/tags?post=7296"}],"curies":[{"name":"wp","href":"https:\/\/api.w.org\/{rel}","templated":true}]}}