{"id":7312,"date":"2025-04-23T17:17:28","date_gmt":"2025-04-23T15:17:28","guid":{"rendered":"https:\/\/fanti.hypefarm-test.it\/i-contatti\/"},"modified":"2025-05-16T10:26:05","modified_gmt":"2025-05-16T08:26:05","slug":"les-contacts","status":"publish","type":"page","link":"https:\/\/fanti.hypefarm-test.it\/fr\/les-contacts\/","title":{"rendered":"Les Contacts"},"content":{"rendered":"<div class=\"wpb-content-wrapper\"><p>[vc_row full_width=\u00a0\u00bbstretch_row_content\u00a0\u00bb el_class=\u00a0\u00bbtopimage\u00a0\u00bb css=\u00a0\u00bb.vc_custom_1745421218475{background-image: url(https:\/\/fanti.hypefarm-test.it\/wp-content\/uploads\/2025\/04\/header-storia.jpg?id=6664) !important;}\u00a0\u00bb][vc_column][vc_empty_space][\/vc_column][\/vc_row][vc_row css=\u00a0\u00bb.vc_custom_1745421531177{padding-top: 40px !important;}\u00a0\u00bb][vc_column el_class=\u00a0\u00bbmini-shrinkcentro hover-h1&Prime;][vc_column_text css=\u00a0\u00bb.vc_custom_1745913057629{margin-bottom: 15px !important;}\u00a0\u00bb]<\/p>\n<h1 style=\"text-align: center;\"><img loading=\"lazy\" decoding=\"async\" class=\"alignnone size-full wp-image-6343\" src=\"https:\/\/fanti.hypefarm-test.it\/wp-content\/uploads\/2025\/04\/01ic.png\" alt=\"\" width=\"81\" height=\"80\" \/><\/h1>\n<h1 style=\"text-align: center;\">LES CONTACTS<\/h1>\n<p>[\/vc_column_text][vc_separator color=\u00a0\u00bbcustom\u00a0\u00bb border_width=\u00a0\u00bb10&Prime; el_width=\u00a0\u00bb40&Prime; css_animation=\u00a0\u00bbappear\u00a0\u00bb css=\u00a0\u00bb.vc_custom_1747383945826{margin-bottom: 50px !important;}\u00a0\u00bb accent_color=\u00a0\u00bb#0E7A3F\u00a0\u00bb][vc_column_text css=\u00a0\u00bb.vc_custom_1745913085682{padding-top: 40px !important;padding-bottom: 40px !important;}\u00a0\u00bb]<\/p>\n<p style=\"text-align: justify;\">Fanti Packaging cr\u00e9e une production qui se classe parmi les normes de qualit\u00e9 les plus \u00e9lev\u00e9es dans le segment des emballages m\u00e9talliques, plastiques et hybrides pour le secteur chimique et alimentaire, depuis le conseil et la conception initiale jusqu\u2019au pot personnalis\u00e9.<\/p>\n<p>[\/vc_column_text][\/vc_column][\/vc_row][vc_row gap=\u00a0\u00bb20&Prime; equal_height=\u00a0\u00bbyes\u00a0\u00bb content_placement=\u00a0\u00bbmiddle\u00a0\u00bb][vc_column width=\u00a0\u00bb1\/3&Prime;][vc_column_text css=\u00a0\u00bb.vc_custom_1745930395864{padding-top: 40px !important;padding-bottom: 40px !important;}\u00a0\u00bb]<\/p>\n<h4><span style=\"font-weight: bold; color: #0e7a3f;\">Si\u00e8ge Social<\/span><\/h4>\n<h4><span style=\"font-size: 18px; color: #666666; font-weight: bold;\">FANTI PACKAGING s.r.l a Socio Unico<\/span><\/h4>\n<p>Via Del Lavoro, 95<br \/>\n40033 Casalecchio Di Reno (BO) \u2013 ITALIE<\/p>\n<p>Tel: +39 051 61 86 711<br \/>\nE-mail: <a href=\"mailto:info@fantipackaging.com\" class=\"underline\">info@fantipackaging.com<\/a><\/p>\n<p>Horaires Bureaux: 8.30 \u2013 12.30 \/ 13.30 \u2013 17.30<\/p>\n<p><strong>ADMINISTRATION<\/strong><\/p>\n<p>Tel.\u00a0+39 051 19873904<br \/>\nE-mail:<br \/>\n<a href=\"mailto:amministrazione@fantipackaging.com\" class=\"underline\">amministrazione@fantipackaging.com<\/a><\/p>\n<p><strong>RESSOURCES HUMAINES<\/strong><\/p>\n<p>Tel. +39 051 6186711 int. 932<br \/>\nE-mail:\u00a0<a href=\"mailto:HR@GRUPPOFANTI.IT\" class=\"underline\">hrgruppofanti@gruppofanti.it<\/a>[\/vc_column_text][\/vc_column][vc_column width=\u00a0\u00bb2\/3&Prime;][vc_raw_html css=\u00a0\u00bb\u00a0\u00bb]JTNDaWZyYW1lJTIwc3R5bGUlM0QlMjJib3JkZXIlM0ElMjAwJTNCJTIyJTIwc3JjJTNEJTIyaHR0cHMlM0ElMkYlMkZ3d3cuZ29vZ2xlLmNvbSUyRm1hcHMlMkZlbWJlZCUzRnBiJTNEJTIxMW0xOCUyMTFtMTIlMjExbTMlMjExZDI4NDYuMTg4Mjk3NDQzNDQyNSUyMTJkMTEuMjQ2NTExMzc2NTY1NDEzJTIxM2Q0NC40OTA4MDgzOTc4NTU2MiUyMTJtMyUyMTFmMCUyMTJmMCUyMTNmMCUyMTNtMiUyMTFpMTAyNCUyMTJpNzY4JTIxNGYxMy4xJTIxM20zJTIxMW0yJTIxMXMweDQ3N2ZkNjhkOGYxMDdiNTElMjUzQTB4NGJjOTlkMTNjOTA4OTdkNiUyMTJzR2lvcmdpbyUyNTIwRmFudGklMjE1ZTAlMjEzbTIlMjExc2l0JTIxMnNpdCUyMTR2MTcwNzM4ODM5OTY4OSUyMTVtMiUyMTFzaXQlMjEyc2l0JTIyJTIwY2xhc3MlM0QlMjJtYXBwYS1nb29nbGUlMjIlMjB3aWR0aCUzRCUyMjEwMCUyNSUyMiUyMGhlaWdodCUzRCUyMjQ4MCUyMiUyMGFsbG93ZnVsbHNjcmVlbiUzRCUyMmFsbG93ZnVsbHNjcmVlbiUyMiUzRSUzQyUyRmlmcmFtZSUzRQ==[\/vc_raw_html][\/vc_column][\/vc_row][vc_row css=\u00a0\u00bb.vc_custom_1745421545601{padding-top: 70px !important;}\u00a0\u00bb][vc_column el_class=\u00a0\u00bbmini-shrinkcentro hover-h1&Prime;][vc_column_text css=\u00a0\u00bb.vc_custom_1745913195169{margin-bottom: 15px !important;}\u00a0\u00bb]<\/p>\n<h1 style=\"text-align: center;\">FORMULAIRE DE CONTACT<\/h1>\n<p>[\/vc_column_text][vc_separator color=\u00a0\u00bbcustom\u00a0\u00bb border_width=\u00a0\u00bb10&Prime; el_width=\u00a0\u00bb40&Prime; css_animation=\u00a0\u00bbappear\u00a0\u00bb css=\u00a0\u00bb.vc_custom_1747383959210{margin-bottom: 50px !important;}\u00a0\u00bb accent_color=\u00a0\u00bb#0E7A3F\u00a0\u00bb]\n<div class=\"wpcf7 no-js\" id=\"wpcf7-f7115-o1\" lang=\"fr-FR\" dir=\"ltr\" data-wpcf7-id=\"7115\">\n<div class=\"screen-reader-response\"><p role=\"status\" aria-live=\"polite\" aria-atomic=\"true\"><\/p> <ul><\/ul><\/div>\n<form action=\"\/fr\/wp-json\/wp\/v2\/pages\/7312#wpcf7-f7115-o1\" method=\"post\" class=\"wpcf7-form init\" aria-label=\"Formulaire de contact\" novalidate=\"novalidate\" data-status=\"init\">\n<div style=\"display: none;\">\n<input type=\"hidden\" name=\"_wpcf7\" value=\"7115\" \/>\n<input type=\"hidden\" name=\"_wpcf7_version\" value=\"6.0.6\" \/>\n<input type=\"hidden\" name=\"_wpcf7_locale\" value=\"fr_FR\" \/>\n<input type=\"hidden\" name=\"_wpcf7_unit_tag\" value=\"wpcf7-f7115-o1\" \/>\n<input type=\"hidden\" name=\"_wpcf7_container_post\" value=\"0\" \/>\n<input type=\"hidden\" name=\"_wpcf7_posted_data_hash\" value=\"\" \/>\n<input type=\"hidden\" name=\"_wpcf7dtx_version\" value=\"5.0.3\" \/>\n<\/div>\n<div class=\"vc_col-sm-12\">\n\t<p>Nom de l'entreprise *\n\t<\/p>\n\t<p><span class=\"wpcf7-form-control-wrap\" data-name=\"company\"><input size=\"40\" maxlength=\"400\" class=\"wpcf7-form-control wpcf7-text wpcf7-validates-as-required\" aria-required=\"true\" aria-invalid=\"false\" value=\"\" type=\"text\" name=\"company\" \/><\/span>\n\t<\/p>\n<\/div>\n<div class=\"vc_col-sm-6\">\n\t<p>Nom et pr\u00e9nom *<br \/>\n<span class=\"wpcf7-form-control-wrap\" data-name=\"your-name\"><input size=\"40\" maxlength=\"400\" class=\"wpcf7-form-control wpcf7-text wpcf7-validates-as-required\" aria-required=\"true\" aria-invalid=\"false\" value=\"\" type=\"text\" name=\"your-name\" \/><\/span>\n\t<\/p>\n<\/div>\n<div class=\"vc_col-sm-6\">\n\t<p><label> Fonction *<br \/>\n<span class=\"wpcf7-form-control-wrap\" data-name=\"funzione\"><input size=\"40\" maxlength=\"400\" class=\"wpcf7-form-control wpcf7-text wpcf7-validates-as-required\" aria-required=\"true\" aria-invalid=\"false\" value=\"\" type=\"text\" name=\"funzione\" \/><\/span> <\/label>\n\t<\/p>\n<\/div>\n<div class=\"vc_col-sm-6\">\n\t<p><label> E-mail *<br \/>\n<span class=\"wpcf7-form-control-wrap\" data-name=\"your-email\"><input size=\"40\" maxlength=\"400\" class=\"wpcf7-form-control wpcf7-text wpcf7-validates-as-required\" aria-required=\"true\" aria-invalid=\"false\" value=\"\" type=\"text\" name=\"your-email\" \/><\/span> <\/label>\n\t<\/p>\n<\/div>\n<div class=\"vc_col-sm-6\">\n\t<p><label> Num\u00e9ro de t\u00e9l\u00e9phone *<br \/>\n<span class=\"wpcf7-form-control-wrap\" data-name=\"telefono\"><input size=\"40\" maxlength=\"400\" class=\"wpcf7-form-control wpcf7-text wpcf7-validates-as-required\" aria-required=\"true\" aria-invalid=\"false\" value=\"\" type=\"text\" name=\"telefono\" \/><\/span> <\/label>\n\t<\/p>\n<\/div>\n<div class=\"vc_col-sm-3\">\n\t<p><label> City<br \/>\n<span class=\"wpcf7-form-control-wrap\" data-name=\"citta\"><input size=\"40\" maxlength=\"400\" class=\"wpcf7-form-control wpcf7-text\" aria-invalid=\"false\" value=\"\" type=\"text\" name=\"citta\" \/><\/span> <\/label>\n\t<\/p>\n<\/div>\n<div class=\"vc_col-sm-3\">\n\t<p><label> Province<br \/>\n<span class=\"wpcf7-form-control-wrap\" data-name=\"provincia\"><input size=\"40\" maxlength=\"400\" class=\"wpcf7-form-control wpcf7-text\" aria-invalid=\"false\" value=\"\" type=\"text\" name=\"provincia\" \/><\/span> <\/label>\n\t<\/p>\n<\/div>\n<div class=\"vc_col-sm-6\">\n\t<p><label> \u00c9tat<br \/>\n<span class=\"wpcf7-form-control-wrap\" data-name=\"nazione\"><input size=\"40\" maxlength=\"400\" class=\"wpcf7-form-control wpcf7-text\" aria-invalid=\"false\" value=\"\" type=\"text\" name=\"nazione\" \/><\/span> <\/label>\n\t<\/p>\n<\/div>\n<div class=\"vc_col-sm-12\">\n\t<p><label> Message<br \/>\n<span class=\"wpcf7-form-control-wrap\" data-name=\"your-message\"><textarea cols=\"40\" rows=\"10\" maxlength=\"2000\" class=\"wpcf7-form-control wpcf7-textarea\" aria-invalid=\"false\" name=\"your-message\"><\/textarea><\/span> <\/label>\n\t<\/p>\n<\/div>\n<div class=\"vc_col-sm-12\">\n\t<p style=\"margin-top:40px;\"><strong>Consentement pour les communications commerciales\/strong><br \/>\n<span class=\"wpcf7-form-control-wrap\" data-name=\"comunicazioni-commerciali\"><span class=\"wpcf7-form-control wpcf7-acceptance optional\"><span class=\"wpcf7-list-item\"><label><input type=\"checkbox\" name=\"comunicazioni-commerciali\" value=\"1\" aria-invalid=\"false\" \/><span class=\"wpcf7-list-item-label\">J'accepte le traitement de mes donn\u00e9es pour l'envoi de communications commerciales concernant de nouveaux produits et\/ou services dans les limites indiqu\u00e9es dans les informations compl\u00e8tes<\/span><\/label><\/span><\/span><\/span><\/strong>\n\t<\/p>\n<\/div>\n<div class=\"vc_col-sm-12\">\n\t<p style=\"margin-top:40px;\"><strong>Privacy*<\/strong><br \/>\n<span class=\"wpcf7-form-control-wrap\" data-name=\"acceptance-181\"><span class=\"wpcf7-form-control wpcf7-acceptance\"><span class=\"wpcf7-list-item\"><label><input type=\"checkbox\" name=\"acceptance-181\" value=\"1\" aria-invalid=\"false\" \/><span class=\"wpcf7-list-item-label\">Les donn\u00e9es saisies seront utilis\u00e9es en totale conformit\u00e9 avec le r\u00e8glement (UE) 679\/2016 \u00ab relatif \u00e0 la protection des personnes physiques \u00e0 l'\u00e9gard du traitement des donn\u00e9es \u00e0 caract\u00e8re personnel ainsi qu'\u00e0 la libre circulation de ces donn\u00e9es \u00bb. L'int\u00e9ress\u00e9 peut exercer les droits pr\u00e9vus \u00e0 l'art. \u00e0 tout moment. 13 du R\u00e8glement lui-m\u00eame en contactant info@giorgiofanti.it. En remplissant et en envoyant ce formulaire, vous donnez votre libre consentement au traitement de vos donn\u00e9es personnelles pour les finalit\u00e9s et dans les limites indiqu\u00e9es par ces informations compl\u00e8tes. Les champs marqu\u00e9s de ce symbole (*) sont obligatoires.<\/span><\/label><\/span><\/span><\/span>\n\t<\/p>\n<\/div>\n<div class=\"vc_col-sm-12\" style=\"margin-top:40px;\">\n\t<p><input class=\"wpcf7-form-control wpcf7-submit has-spinner btn btn--cta\" type=\"submit\" value=\"Envoyer\" \/>\n\t<\/p>\n<\/div><div class=\"wpcf7-response-output\" aria-hidden=\"true\"><\/div>\n<\/form>\n<\/div>\n[\/vc_column][\/vc_row]<\/p>\n<\/div>","protected":false},"excerpt":{"rendered":"<p>[vc_row full_width=\u00a0\u00bbstretch_row_content\u00a0\u00bb el_class=\u00a0\u00bbtopimage\u00a0\u00bb css=\u00a0\u00bb.vc_custom_1745421218475{background-image: url(https:\/\/fanti.hypefarm-test.it\/wp-content\/uploads\/2025\/04\/header-storia.jpg?id=6664) !important;}\u00a0\u00bb][vc_column][vc_empty_space][\/vc_column][\/vc_row][vc_row css=\u00a0\u00bb.vc_custom_1745421531177{padding-top: 40px !important;}\u00a0\u00bb][vc_column el_class=\u00a0\u00bbmini-shrinkcentro hover-h1&Prime;][vc_column_text css=\u00a0\u00bb.vc_custom_1745913057629{margin-bottom: 15px !important;}\u00a0\u00bb] LES CONTACTS [\/vc_column_text][vc_separator color=\u00a0\u00bbcustom\u00a0\u00bb border_width=\u00a0\u00bb10&Prime; el_width=\u00a0\u00bb40&Prime; css_animation=\u00a0\u00bbappear\u00a0\u00bb css=\u00a0\u00bb.vc_custom_1747383945826{margin-bottom: 50px !important;}\u00a0\u00bb accent_color=\u00a0\u00bb#0E7A3F\u00a0\u00bb][vc_column_text css=\u00a0\u00bb.vc_custom_1745913085682{padding-top: 40px !important;padding-bottom: 40px !important;}\u00a0\u00bb] Fanti Packaging cr\u00e9e une production qui se classe parmi les normes de qualit\u00e9 les plus \u00e9lev\u00e9es dans le segment des emballages m\u00e9talliques, plastiques et hybrides<\/p>\n","protected":false},"author":1,"featured_media":0,"parent":0,"menu_order":0,"comment_status":"closed","ping_status":"closed","template":"","meta":{"cybocfi_hide_featured_image":"","footnotes":""},"categories":[],"tags":[],"class_list":["post-7312","page","type-page","status-publish","hentry","description-off"],"_links":{"self":[{"href":"https:\/\/fanti.hypefarm-test.it\/fr\/wp-json\/wp\/v2\/pages\/7312","targetHints":{"allow":["GET"]}}],"collection":[{"href":"https:\/\/fanti.hypefarm-test.it\/fr\/wp-json\/wp\/v2\/pages"}],"about":[{"href":"https:\/\/fanti.hypefarm-test.it\/fr\/wp-json\/wp\/v2\/types\/page"}],"author":[{"embeddable":true,"href":"https:\/\/fanti.hypefarm-test.it\/fr\/wp-json\/wp\/v2\/users\/1"}],"replies":[{"embeddable":true,"href":"https:\/\/fanti.hypefarm-test.it\/fr\/wp-json\/wp\/v2\/comments?post=7312"}],"version-history":[{"count":6,"href":"https:\/\/fanti.hypefarm-test.it\/fr\/wp-json\/wp\/v2\/pages\/7312\/revisions"}],"predecessor-version":[{"id":8484,"href":"https:\/\/fanti.hypefarm-test.it\/fr\/wp-json\/wp\/v2\/pages\/7312\/revisions\/8484"}],"wp:attachment":[{"href":"https:\/\/fanti.hypefarm-test.it\/fr\/wp-json\/wp\/v2\/media?parent=7312"}],"wp:term":[{"taxonomy":"category","embeddable":true,"href":"https:\/\/fanti.hypefarm-test.it\/fr\/wp-json\/wp\/v2\/categories?post=7312"},{"taxonomy":"post_tag","embeddable":true,"href":"https:\/\/fanti.hypefarm-test.it\/fr\/wp-json\/wp\/v2\/tags?post=7312"}],"curies":[{"name":"wp","href":"https:\/\/api.w.org\/{rel}","templated":true}]}}